{"id":33255,"date":"2024-05-20T17:33:59","date_gmt":"2024-05-20T17:33:59","guid":{"rendered":"https:\/\/sakaba.mghosteur.com\/?post_type=product&#038;p=33255"},"modified":"2024-08-14T03:25:24","modified_gmt":"2024-08-14T03:25:24","slug":"eos-she-better-24h-moisture-shave-cream-pomegranate-raspberry","status":"publish","type":"product","link":"https:\/\/sakaba.mghosteur.com\/en\/product\/eos-she-better-24h-moisture-shave-cream-pomegranate-raspberry\/","title":{"rendered":"EOS SHE BETTER 24H MOISTURE SHAVE CREAM POMEGRANATE RASPBERRY"},"content":{"rendered":"<p>La cr\u00e8me \u00e0 raser grenade framboise \u00e9clatante et juteuse a des notes de grenade sucr\u00e9e, de framboises acidul\u00e9es et de fleur de lotus aqueuse. Obtenez votre rasage le plus doux, le plus lisse (et le plus proche) de tous les temps. La cr\u00e8me \u00e0 raser riche et non moussante contient de l&#8217;huile de karit\u00e9 hydratante instantan\u00e9e + du beurre de karit\u00e9 protecteur longue dur\u00e9e pour une hydratation incroyable 24 heures et un confort cutan\u00e9 durable, m\u00eame pour votre ligne de bikini. L&#8217;alo\u00e8s apaisant revitalise et apaise pour le rasage doux et soyeux que votre peau m\u00e9rite. Dites bonjour \u00e0 : douceur, confort, humide + sec, protection. Dites adieu \u00e0 : entailles, coupures, irritations, br\u00fblures de rasoir. Mode d&#8217;emploi : appliquez une fine couche sur la peau, r\u00e9partissez uniform\u00e9ment. Rasez, touchez, souriez.<\/p>","protected":false},"excerpt":{"rendered":"<p>La cr\u00e8me \u00e0 raser grenade framboise \u00e9clatante et juteuse a des notes de grenade sucr\u00e9e, de framboises acidul\u00e9es et de fleur de lotus aqueuse. Obtenez votre rasage le plus doux, le plus lisse (et le plus proche) de tous les temps. La cr\u00e8me \u00e0 raser riche et non moussante contient de l&#8217;huile de karit\u00e9 hydratante<span class=\"read-more-faq\"><a href=\"https:\/\/sakaba.mghosteur.com\/en\/product\/eos-she-better-24h-moisture-shave-cream-pomegranate-raspberry\/\">Read More<\/a><\/span><\/p>","protected":false},"featured_media":0,"comment_status":"open","ping_status":"closed","template":"","meta":[],"product_brand":[851],"product_cat":[447,1062],"product_tag":[],"class_list":{"0":"post-33255","1":"product","2":"type-product","3":"status-publish","5":"product_brand-eos","6":"product_cat-aac-bain-et-corps","7":"product_cat-epilation","9":"first","10":"instock","11":"shipping-taxable","12":"product-type-simple"},"jetpack-related-posts":[{"id":56185,"url":"https:\/\/sakaba.mghosteur.com\/en\/product\/eos-cashmere-skin-shave-butter\/","url_meta":{"origin":33255,"position":0},"title":"eos Cashmere Skin Shave Butter","author":"Sope DIA","date":"January 2, 2026","format":false,"excerpt":"eos VANILLE CASMERE\u00a0: Notre cr\u00e8me \u00e0 raser non moussante offre un parfum doux et enveloppant de vanille cachemire qui capture la chaleur de la vanille fouett\u00e9e, la douceur du musc et le r\u00e9confort du caramel pour une fragrance riche et luxueuse avec une touche sensuelle. COMPLEXE DOUX CACHEMIRE : La\u2026","rel":"","context":"Similar post","block_context":{"text":"Similar post","link":""},"img":{"alt_text":"","src":"","width":0,"height":0},"classes":[]},{"id":33274,"url":"https:\/\/sakaba.mghosteur.com\/en\/product\/eos-shea-better-sensitive-shave-cream-cream-colloidal\/","url_meta":{"origin":33255,"position":1},"title":"EOS SHEA BETTER SENSITIVE SHAVE CREAM CREAM COLLOIDAL","author":"admin","date":"May 20, 2024","format":false,"excerpt":"Sans parfum. Sans produits nocifs. Sans irritation. La cr\u00e8me de rasage apaisante et r\u00e9confortante pour peaux sensibles est sans parfum et contient de l'huile de karit\u00e9 hydratante instantan\u00e9e et du beurre de karit\u00e9 protecteur longue dur\u00e9e pour une hydratation incroyable de 24 heures et un confort cutan\u00e9 durable, m\u00eame pour\u2026","rel":"","context":"Similar post","block_context":{"text":"Similar post","link":""},"img":{"alt_text":"","src":"","width":0,"height":0},"classes":[]},{"id":33258,"url":"https:\/\/sakaba.mghosteur.com\/en\/product\/eos-she-better-24h-moisture-shave-cream-vanila-bliss\/","url_meta":{"origin":33255,"position":2},"title":"EOS SHE BETTER 24H MOISTURE SHAVE CREAM VANILA BLISS","author":"admin","date":"May 20, 2024","format":false,"excerpt":"Cette cr\u00e8me et lotion de rasage pour femmes EOS Vanilla Bliss, fra\u00eeche et cr\u00e9meuse, pr\u00e9sente des notes de gousse de vanille, de cr\u00e8me douce et de cassonade. Obtenez votre rasage le plus doux, le plus lisse (et le plus proche) de tous les temps. La lotion de rasage EOS est\u2026","rel":"","context":"Similar post","block_context":{"text":"Similar post","link":""},"img":{"alt_text":"","src":"","width":0,"height":0},"classes":[]},{"id":33261,"url":"https:\/\/sakaba.mghosteur.com\/en\/product\/eos-shea-better-dry-skin-shave-cream-coconut-oil\/","url_meta":{"origin":33255,"position":3},"title":"EOS SHEA BETTER DRY SKIN SHAVE CREAM COCONUT OIL","author":"admin","date":"May 20, 2024","format":false,"excerpt":"La cr\u00e8me \u00e0 raser pour peau s\u00e8che Eos Shea Better, richement r\u00e9g\u00e9n\u00e9rante et protectrice pour la peau, contient de l'huile de karit\u00e9 hydratante instantan\u00e9e et du beurre de karit\u00e9 protecteur longue dur\u00e9e pour une hydratation incroyable de 24 heures et un confort cutan\u00e9 durable.","rel":"","context":"Similar post","block_context":{"text":"Similar post","link":""},"img":{"alt_text":"","src":"","width":0,"height":0},"classes":[]},{"id":33249,"url":"https:\/\/sakaba.mghosteur.com\/en\/product\/eos-100-natural-shea-lip-balm-pomegranate-raspberry\/","url_meta":{"origin":33255,"position":4},"title":"EOS 100% Natural Shea Lip Balm Pomegranate Raspberry","author":"admin","date":"May 20, 2024","format":false,"excerpt":"Le go\u00fbt de grenade et de framboise a le go\u00fbt de grenade p\u00e9tillante et de framboise acidul\u00e9e et juteuse. Notre baume \u00e0 l\u00e8vres certifi\u00e9 biologique par l'USDA et recommand\u00e9 par les dermatologues est formul\u00e9 pour les peaux sensibles et fabriqu\u00e9 avec du beurre de karit\u00e9 apaisant, de l'huile de coco\u2026","rel":"","context":"Similar post","block_context":{"text":"Similar post","link":""},"img":{"alt_text":"","src":"","width":0,"height":0},"classes":[]},{"id":56187,"url":"https:\/\/sakaba.mghosteur.com\/en\/product\/eos-cashmere-body-oil-vanilla-cashmere\/","url_meta":{"origin":33255,"position":5},"title":"eos Cashmere Body Oil  Vanilla Cashmere","author":"Sope DIA","date":"January 2, 2026","format":false,"excerpt":"COMPLEXE DOUX CACHEMIRE : Notre formule d'huile corporelle Cachemire Vanille contient les beurres les plus naturellement hydratants et protecteurs pour une peau douce et velout\u00e9e comme du cachemire ; le beurre de karit\u00e9 adoucit et nourrit, le beurre de cacao hydrate tandis que le beurre d'argan apaise et lisse. HYDRATATION\u2026","rel":"","context":"Similar post","block_context":{"text":"Similar post","link":""},"img":{"alt_text":"","src":"","width":0,"height":0},"classes":[]}],"_links":{"self":[{"href":"https:\/\/sakaba.mghosteur.com\/en\/wp-json\/wp\/v2\/product\/33255","targetHints":{"allow":["GET"]}}],"collection":[{"href":"https:\/\/sakaba.mghosteur.com\/en\/wp-json\/wp\/v2\/product"}],"about":[{"href":"https:\/\/sakaba.mghosteur.com\/en\/wp-json\/wp\/v2\/types\/product"}],"replies":[{"embeddable":true,"href":"https:\/\/sakaba.mghosteur.com\/en\/wp-json\/wp\/v2\/comments?post=33255"}],"version-history":[{"count":0,"href":"https:\/\/sakaba.mghosteur.com\/en\/wp-json\/wp\/v2\/product\/33255\/revisions"}],"wp:attachment":[{"href":"https:\/\/sakaba.mghosteur.com\/en\/wp-json\/wp\/v2\/media?parent=33255"}],"wp:term":[{"taxonomy":"product_brand","embeddable":true,"href":"https:\/\/sakaba.mghosteur.com\/en\/wp-json\/wp\/v2\/product_brand?post=33255"},{"taxonomy":"product_cat","embeddable":true,"href":"https:\/\/sakaba.mghosteur.com\/en\/wp-json\/wp\/v2\/product_cat?post=33255"},{"taxonomy":"product_tag","embeddable":true,"href":"https:\/\/sakaba.mghosteur.com\/en\/wp-json\/wp\/v2\/product_tag?post=33255"}],"curies":[{"name":"wp","href":"https:\/\/api.w.org\/{rel}","templated":true}]}}