{"id":33258,"date":"2024-05-20T17:35:06","date_gmt":"2024-05-20T17:35:06","guid":{"rendered":"https:\/\/sakaba.mghosteur.com\/?post_type=product&#038;p=33258"},"modified":"2024-08-14T01:09:34","modified_gmt":"2024-08-14T01:09:34","slug":"eos-she-better-24h-moisture-shave-cream-vanila-bliss","status":"publish","type":"product","link":"https:\/\/sakaba.mghosteur.com\/en\/product\/eos-she-better-24h-moisture-shave-cream-vanila-bliss\/","title":{"rendered":"EOS SHE BETTER 24H MOISTURE SHAVE CREAM VANILA BLISS"},"content":{"rendered":"<p>Cette cr\u00e8me et lotion de rasage pour femmes EOS Vanilla Bliss, fra\u00eeche et cr\u00e9meuse, pr\u00e9sente des notes de gousse de vanille, de cr\u00e8me douce et de cassonade. Obtenez votre rasage le plus doux, le plus lisse (et le plus proche) de tous les temps. La lotion de rasage EOS est riche, non moussante et contient de l&#8217;huile de karit\u00e9 hydratante instantan\u00e9e + du beurre de karit\u00e9 \u00e0 protection durable pour une hydratation corporelle incroyable 24 heures sur 24 et un confort cutan\u00e9 durable, m\u00eame pour votre ligne de bikini. L&#8217;alo\u00e8s apaisant revitalise et apaise pour le rasage doux et soyeux que votre peau m\u00e9rite. La cr\u00e8me de rasage EOS + lotion pour le corps sous la douche peut \u00eatre rinc\u00e9e ou laiss\u00e9e en place comme hydratant pour le corps pour une peau incroyablement douce.<\/p>","protected":false},"excerpt":{"rendered":"<p>Cette cr\u00e8me et lotion de rasage pour femmes EOS Vanilla Bliss, fra\u00eeche et cr\u00e9meuse, pr\u00e9sente des notes de gousse de vanille, de cr\u00e8me douce et de cassonade. Obtenez votre rasage le plus doux, le plus lisse (et le plus proche) de tous les temps. La lotion de rasage EOS est riche, non moussante et contient<span class=\"read-more-faq\"><a href=\"https:\/\/sakaba.mghosteur.com\/en\/product\/eos-she-better-24h-moisture-shave-cream-vanila-bliss\/\">Read More<\/a><\/span><\/p>","protected":false},"featured_media":0,"comment_status":"open","ping_status":"closed","template":"","meta":[],"product_brand":[851],"product_cat":[447,1062],"product_tag":[],"class_list":{"0":"post-33258","1":"product","2":"type-product","3":"status-publish","5":"product_brand-eos","6":"product_cat-aac-bain-et-corps","7":"product_cat-epilation","9":"first","10":"instock","11":"shipping-taxable","12":"product-type-simple"},"jetpack-related-posts":[{"id":56185,"url":"https:\/\/sakaba.mghosteur.com\/en\/product\/eos-cashmere-skin-shave-butter\/","url_meta":{"origin":33258,"position":0},"title":"eos Cashmere Skin Shave Butter","author":"Sope DIA","date":"January 2, 2026","format":false,"excerpt":"eos VANILLE CASMERE\u00a0: Notre cr\u00e8me \u00e0 raser non moussante offre un parfum doux et enveloppant de vanille cachemire qui capture la chaleur de la vanille fouett\u00e9e, la douceur du musc et le r\u00e9confort du caramel pour une fragrance riche et luxueuse avec une touche sensuelle. COMPLEXE DOUX CACHEMIRE : La\u2026","rel":"","context":"Similar post","block_context":{"text":"Similar post","link":""},"img":{"alt_text":"","src":"","width":0,"height":0},"classes":[]},{"id":33255,"url":"https:\/\/sakaba.mghosteur.com\/en\/product\/eos-she-better-24h-moisture-shave-cream-pomegranate-raspberry\/","url_meta":{"origin":33258,"position":1},"title":"EOS SHE BETTER 24H MOISTURE SHAVE CREAM POMEGRANATE RASPBERRY","author":"admin","date":"May 20, 2024","format":false,"excerpt":"La cr\u00e8me \u00e0 raser grenade framboise \u00e9clatante et juteuse a des notes de grenade sucr\u00e9e, de framboises acidul\u00e9es et de fleur de lotus aqueuse. Obtenez votre rasage le plus doux, le plus lisse (et le plus proche) de tous les temps. La cr\u00e8me \u00e0 raser riche et non moussante contient\u2026","rel":"","context":"Similar post","block_context":{"text":"Similar post","link":""},"img":{"alt_text":"","src":"","width":0,"height":0},"classes":[]},{"id":33274,"url":"https:\/\/sakaba.mghosteur.com\/en\/product\/eos-shea-better-sensitive-shave-cream-cream-colloidal\/","url_meta":{"origin":33258,"position":2},"title":"EOS SHEA BETTER SENSITIVE SHAVE CREAM CREAM COLLOIDAL","author":"admin","date":"May 20, 2024","format":false,"excerpt":"Sans parfum. Sans produits nocifs. Sans irritation. La cr\u00e8me de rasage apaisante et r\u00e9confortante pour peaux sensibles est sans parfum et contient de l'huile de karit\u00e9 hydratante instantan\u00e9e et du beurre de karit\u00e9 protecteur longue dur\u00e9e pour une hydratation incroyable de 24 heures et un confort cutan\u00e9 durable, m\u00eame pour\u2026","rel":"","context":"Similar post","block_context":{"text":"Similar post","link":""},"img":{"alt_text":"","src":"","width":0,"height":0},"classes":[]},{"id":56187,"url":"https:\/\/sakaba.mghosteur.com\/en\/product\/eos-cashmere-body-oil-vanilla-cashmere\/","url_meta":{"origin":33258,"position":3},"title":"eos Cashmere Body Oil  Vanilla Cashmere","author":"Sope DIA","date":"January 2, 2026","format":false,"excerpt":"COMPLEXE DOUX CACHEMIRE : Notre formule d'huile corporelle Cachemire Vanille contient les beurres les plus naturellement hydratants et protecteurs pour une peau douce et velout\u00e9e comme du cachemire ; le beurre de karit\u00e9 adoucit et nourrit, le beurre de cacao hydrate tandis que le beurre d'argan apaise et lisse. HYDRATATION\u2026","rel":"","context":"Similar post","block_context":{"text":"Similar post","link":""},"img":{"alt_text":"","src":"","width":0,"height":0},"classes":[]},{"id":24862,"url":"https:\/\/sakaba.mghosteur.com\/en\/product\/eos-24-moisture-body-lotion\/","url_meta":{"origin":33258,"position":4},"title":"EOS 24 MOISTURE BODY LOTION","author":"admin","date":"November 11, 2022","format":false,"excerpt":"La lotion corporelle hydratante 24 heures Eos Shea Better contient de l'huile de karit\u00e9 hydratante instantan\u00e9e et du beurre de karit\u00e9 \u00e0 protection longue dur\u00e9e qui p\u00e9n\u00e8tre rapidement pour une hydratation de 24 heures. Dites bonjour \u00e0\u2026 une absorption rapide, une peau l\u00e9g\u00e8re et douce et du karit\u00e9 durable. Dites\u2026","rel":"","context":"Similar post","block_context":{"text":"Similar post","link":""},"img":{"alt_text":"","src":"","width":0,"height":0},"classes":[]},{"id":33157,"url":"https:\/\/sakaba.mghosteur.com\/en\/product\/eos-24-moisture-body-lotion-pomegranate-raspberry\/","url_meta":{"origin":33258,"position":5},"title":"EOS 24 MOISTURE BODY LOTION POMEGRANATE RASPBERRY","author":"admin","date":"May 20, 2024","format":false,"excerpt":"La lotion corporelle hydratante 24 heures Eos Shea Better contient de l'huile de karit\u00e9 hydratante instantan\u00e9e et du beurre de karit\u00e9 \u00e0 protection longue dur\u00e9e qui p\u00e9n\u00e8tre rapidement pour une hydratation de 24 heures. Dites bonjour \u00e0\u2026 une absorption rapide, une peau l\u00e9g\u00e8re et douce et du karit\u00e9 durable. Dites\u2026","rel":"","context":"Similar post","block_context":{"text":"Similar post","link":""},"img":{"alt_text":"","src":"","width":0,"height":0},"classes":[]}],"_links":{"self":[{"href":"https:\/\/sakaba.mghosteur.com\/en\/wp-json\/wp\/v2\/product\/33258","targetHints":{"allow":["GET"]}}],"collection":[{"href":"https:\/\/sakaba.mghosteur.com\/en\/wp-json\/wp\/v2\/product"}],"about":[{"href":"https:\/\/sakaba.mghosteur.com\/en\/wp-json\/wp\/v2\/types\/product"}],"replies":[{"embeddable":true,"href":"https:\/\/sakaba.mghosteur.com\/en\/wp-json\/wp\/v2\/comments?post=33258"}],"version-history":[{"count":0,"href":"https:\/\/sakaba.mghosteur.com\/en\/wp-json\/wp\/v2\/product\/33258\/revisions"}],"wp:attachment":[{"href":"https:\/\/sakaba.mghosteur.com\/en\/wp-json\/wp\/v2\/media?parent=33258"}],"wp:term":[{"taxonomy":"product_brand","embeddable":true,"href":"https:\/\/sakaba.mghosteur.com\/en\/wp-json\/wp\/v2\/product_brand?post=33258"},{"taxonomy":"product_cat","embeddable":true,"href":"https:\/\/sakaba.mghosteur.com\/en\/wp-json\/wp\/v2\/product_cat?post=33258"},{"taxonomy":"product_tag","embeddable":true,"href":"https:\/\/sakaba.mghosteur.com\/en\/wp-json\/wp\/v2\/product_tag?post=33258"}],"curies":[{"name":"wp","href":"https:\/\/api.w.org\/{rel}","templated":true}]}}