{"id":33261,"date":"2024-05-20T17:36:35","date_gmt":"2024-05-20T17:36:35","guid":{"rendered":"https:\/\/sakaba.mghosteur.com\/?post_type=product&#038;p=33261"},"modified":"2024-08-14T01:06:40","modified_gmt":"2024-08-14T01:06:40","slug":"eos-shea-better-dry-skin-shave-cream-coconut-oil","status":"publish","type":"product","link":"https:\/\/sakaba.mghosteur.com\/en\/product\/eos-shea-better-dry-skin-shave-cream-coconut-oil\/","title":{"rendered":"EOS SHEA BETTER DRY SKIN SHAVE CREAM COCONUT OIL"},"content":{"rendered":"<p>La cr\u00e8me \u00e0 raser pour peau s\u00e8che Eos Shea Better, richement r\u00e9g\u00e9n\u00e9rante et protectrice pour la peau, contient de l&#8217;huile de karit\u00e9 hydratante instantan\u00e9e et du beurre de karit\u00e9 protecteur longue dur\u00e9e pour une hydratation incroyable de 24 heures et un confort cutan\u00e9 durable.<\/p>","protected":false},"excerpt":{"rendered":"<p>La cr\u00e8me \u00e0 raser pour peau s\u00e8che Eos Shea Better, richement r\u00e9g\u00e9n\u00e9rante et protectrice pour la peau, contient de l&#8217;huile de karit\u00e9 hydratante instantan\u00e9e et du beurre de karit\u00e9 protecteur longue dur\u00e9e pour une hydratation incroyable de 24 heures et un confort cutan\u00e9 durable.<\/p>","protected":false},"featured_media":0,"comment_status":"open","ping_status":"closed","template":"","meta":[],"product_brand":[851],"product_cat":[447,1062],"product_tag":[],"class_list":{"0":"post-33261","1":"product","2":"type-product","3":"status-publish","5":"product_brand-eos","6":"product_cat-aac-bain-et-corps","7":"product_cat-epilation","9":"first","10":"instock","11":"shipping-taxable","12":"product-type-simple"},"jetpack-related-posts":[{"id":25412,"url":"https:\/\/sakaba.mghosteur.com\/en\/product\/eos-shea-better-hand-cream\/","url_meta":{"origin":33261,"position":0},"title":"EOS Shea Better Hand Cream","author":"admin","date":"November 14, 2022","format":false,"excerpt":"La cr\u00e8me pour les mains EOS offre une hydratation 24 heures sur 24 et convient \u00e0 tous les types de peau. Elle est compos\u00e9e d'huile de karit\u00e9 l\u00e9g\u00e8re et de beurre de karit\u00e9 ultra riche pour offrir une hydratation imm\u00e9diate et une protection durable. Elle est \u00e9galement sans gluten, sans\u2026","rel":"","context":"Similar post","block_context":{"text":"Similar post","link":""},"img":{"alt_text":"","src":"","width":0,"height":0},"classes":[]},{"id":33264,"url":"https:\/\/sakaba.mghosteur.com\/en\/product\/eos-shea-better-hand-cream-eucalyptus\/","url_meta":{"origin":33261,"position":1},"title":"EOS Shea Better Hand Cream Eucalyptus","author":"admin","date":"May 20, 2024","format":false,"excerpt":"La cr\u00e8me pour les mains EOS offre une hydratation 24 heures sur 24 et convient \u00e0 tous les types de peau. Elle est compos\u00e9e d'huile de karit\u00e9 l\u00e9g\u00e8re et de beurre de karit\u00e9 ultra riche pour offrir une hydratation imm\u00e9diate et une protection durable. Elle est \u00e9galement sans gluten, sans\u2026","rel":"","context":"Similar post","block_context":{"text":"Similar post","link":""},"img":{"alt_text":"","src":"","width":0,"height":0},"classes":[]},{"id":33267,"url":"https:\/\/sakaba.mghosteur.com\/en\/product\/eos-shea-better-hand-cream-lavender\/","url_meta":{"origin":33261,"position":2},"title":"EOS Shea Better Hand Cream Lavender","author":"admin","date":"May 20, 2024","format":false,"excerpt":"La cr\u00e8me pour les mains EOS offre une hydratation 24 heures sur 24 et convient \u00e0 tous les types de peau. Elle est compos\u00e9e d'huile de karit\u00e9 l\u00e9g\u00e8re et de beurre de karit\u00e9 ultra riche pour offrir une hydratation imm\u00e9diate et une protection durable. Elle est \u00e9galement sans gluten, sans\u2026","rel":"","context":"Similar post","block_context":{"text":"Similar post","link":""},"img":{"alt_text":"","src":"","width":0,"height":0},"classes":[]},{"id":33277,"url":"https:\/\/sakaba.mghosteur.com\/en\/product\/eos-shea-better-hand-cream-coconut\/","url_meta":{"origin":33261,"position":3},"title":"EOS Shea Better Hand Cream Coconut","author":"admin","date":"May 20, 2024","format":false,"excerpt":"La cr\u00e8me pour les mains EOS offre une hydratation 24 heures sur 24 et convient \u00e0 tous les types de peau. Elle est compos\u00e9e d'huile de karit\u00e9 l\u00e9g\u00e8re et de beurre de karit\u00e9 ultra riche pour offrir une hydratation imm\u00e9diate et une protection durable. Elle est \u00e9galement sans gluten, sans\u2026","rel":"","context":"Similar post","block_context":{"text":"Similar post","link":""},"img":{"alt_text":"","src":"","width":0,"height":0},"classes":[]},{"id":33270,"url":"https:\/\/sakaba.mghosteur.com\/en\/product\/eos-shea-better-hand-cream-pink-citrus\/","url_meta":{"origin":33261,"position":4},"title":"EOS Shea Better Hand Cream Pink Citrus","author":"admin","date":"May 20, 2024","format":false,"excerpt":"La cr\u00e8me pour les mains EOS offre une hydratation 24 heures sur 24 et convient \u00e0 tous les types de peau. Elle est compos\u00e9e d'huile de karit\u00e9 l\u00e9g\u00e8re et de beurre de karit\u00e9 ultra riche pour offrir une hydratation imm\u00e9diate et une protection durable. Elle est \u00e9galement sans gluten, sans\u2026","rel":"","context":"Similar post","block_context":{"text":"Similar post","link":""},"img":{"alt_text":"","src":"","width":0,"height":0},"classes":[]},{"id":33305,"url":"https:\/\/sakaba.mghosteur.com\/en\/product\/shea-better-24h-moisture-body-lotion-fresh-cozy\/","url_meta":{"origin":33261,"position":5},"title":"EOS SHEA BETTER 24H MOISTURE BODY LOTION FRESH COZY","author":"admin","date":"May 20, 2024","format":false,"excerpt":"Lotion corporelle hydratante 24 heures avec de l'huile de karit\u00e9 hydratante instantan\u00e9e + une protection durable Le beurre de karit\u00e9 s'absorbe rapidement pour une hydratation luxueuse et soyeuse. Protection apaisante pour les peaux s\u00e8ches Fabriqu\u00e9 avec 7 huiles et beurres nourrissants Contient des ingr\u00e9dients issus de sources durables Sans parab\u00e8nes,\u2026","rel":"","context":"Similar post","block_context":{"text":"Similar post","link":""},"img":{"alt_text":"","src":"","width":0,"height":0},"classes":[]}],"_links":{"self":[{"href":"https:\/\/sakaba.mghosteur.com\/en\/wp-json\/wp\/v2\/product\/33261","targetHints":{"allow":["GET"]}}],"collection":[{"href":"https:\/\/sakaba.mghosteur.com\/en\/wp-json\/wp\/v2\/product"}],"about":[{"href":"https:\/\/sakaba.mghosteur.com\/en\/wp-json\/wp\/v2\/types\/product"}],"replies":[{"embeddable":true,"href":"https:\/\/sakaba.mghosteur.com\/en\/wp-json\/wp\/v2\/comments?post=33261"}],"version-history":[{"count":0,"href":"https:\/\/sakaba.mghosteur.com\/en\/wp-json\/wp\/v2\/product\/33261\/revisions"}],"wp:attachment":[{"href":"https:\/\/sakaba.mghosteur.com\/en\/wp-json\/wp\/v2\/media?parent=33261"}],"wp:term":[{"taxonomy":"product_brand","embeddable":true,"href":"https:\/\/sakaba.mghosteur.com\/en\/wp-json\/wp\/v2\/product_brand?post=33261"},{"taxonomy":"product_cat","embeddable":true,"href":"https:\/\/sakaba.mghosteur.com\/en\/wp-json\/wp\/v2\/product_cat?post=33261"},{"taxonomy":"product_tag","embeddable":true,"href":"https:\/\/sakaba.mghosteur.com\/en\/wp-json\/wp\/v2\/product_tag?post=33261"}],"curies":[{"name":"wp","href":"https:\/\/api.w.org\/{rel}","templated":true}]}}