{"id":33264,"date":"2024-05-20T17:37:42","date_gmt":"2024-05-20T17:37:42","guid":{"rendered":"https:\/\/sakaba.mghosteur.com\/?post_type=product&#038;p=33264"},"modified":"2024-08-14T03:31:48","modified_gmt":"2024-08-14T03:31:48","slug":"eos-shea-better-hand-cream-eucalyptus","status":"publish","type":"product","link":"https:\/\/sakaba.mghosteur.com\/en\/product\/eos-shea-better-hand-cream-eucalyptus\/","title":{"rendered":"EOS Shea Better Hand Cream Eucalyptus"},"content":{"rendered":"<p>La cr\u00e8me pour les mains EOS offre une hydratation 24 heures sur 24 et convient \u00e0 tous les types de peau. Elle est compos\u00e9e d&#8217;huile de karit\u00e9 l\u00e9g\u00e8re et de beurre de karit\u00e9 ultra riche pour offrir une hydratation imm\u00e9diate et une protection durable. Elle est \u00e9galement sans gluten, sans paraben et sans cruaut\u00e9 envers les animaux.<\/p>","protected":false},"excerpt":{"rendered":"<p>La cr\u00e8me pour les mains EOS offre une hydratation 24 heures sur 24 et convient \u00e0 tous les types de peau. Elle est compos\u00e9e d&#8217;huile de karit\u00e9 l\u00e9g\u00e8re et de beurre de karit\u00e9 ultra riche pour offrir une hydratation imm\u00e9diate et une protection durable. Elle est \u00e9galement sans gluten, sans paraben et sans cruaut\u00e9 envers<span class=\"read-more-faq\"><a href=\"https:\/\/sakaba.mghosteur.com\/en\/product\/eos-shea-better-hand-cream-eucalyptus\/\">Read More<\/a><\/span><\/p>","protected":false},"featured_media":0,"comment_status":"open","ping_status":"closed","template":"","meta":[],"product_brand":[851],"product_cat":[286,364],"product_tag":[],"class_list":{"0":"post-33264","1":"product","2":"type-product","3":"status-publish","5":"product_brand-eos","6":"product_cat-corps","7":"product_cat-soin-mains-pieds","9":"first","10":"instock","11":"shipping-taxable","12":"product-type-simple"},"jetpack-related-posts":[{"id":33267,"url":"https:\/\/sakaba.mghosteur.com\/en\/product\/eos-shea-better-hand-cream-lavender\/","url_meta":{"origin":33264,"position":0},"title":"EOS Shea Better Hand Cream Lavender","author":"admin","date":"May 20, 2024","format":false,"excerpt":"La cr\u00e8me pour les mains EOS offre une hydratation 24 heures sur 24 et convient \u00e0 tous les types de peau. Elle est compos\u00e9e d'huile de karit\u00e9 l\u00e9g\u00e8re et de beurre de karit\u00e9 ultra riche pour offrir une hydratation imm\u00e9diate et une protection durable. Elle est \u00e9galement sans gluten, sans\u2026","rel":"","context":"Similar post","block_context":{"text":"Similar post","link":""},"img":{"alt_text":"","src":"","width":0,"height":0},"classes":[]},{"id":33277,"url":"https:\/\/sakaba.mghosteur.com\/en\/product\/eos-shea-better-hand-cream-coconut\/","url_meta":{"origin":33264,"position":1},"title":"EOS Shea Better Hand Cream Coconut","author":"admin","date":"May 20, 2024","format":false,"excerpt":"La cr\u00e8me pour les mains EOS offre une hydratation 24 heures sur 24 et convient \u00e0 tous les types de peau. Elle est compos\u00e9e d'huile de karit\u00e9 l\u00e9g\u00e8re et de beurre de karit\u00e9 ultra riche pour offrir une hydratation imm\u00e9diate et une protection durable. Elle est \u00e9galement sans gluten, sans\u2026","rel":"","context":"Similar post","block_context":{"text":"Similar post","link":""},"img":{"alt_text":"","src":"","width":0,"height":0},"classes":[]},{"id":25412,"url":"https:\/\/sakaba.mghosteur.com\/en\/product\/eos-shea-better-hand-cream\/","url_meta":{"origin":33264,"position":2},"title":"EOS Shea Better Hand Cream","author":"admin","date":"November 14, 2022","format":false,"excerpt":"La cr\u00e8me pour les mains EOS offre une hydratation 24 heures sur 24 et convient \u00e0 tous les types de peau. Elle est compos\u00e9e d'huile de karit\u00e9 l\u00e9g\u00e8re et de beurre de karit\u00e9 ultra riche pour offrir une hydratation imm\u00e9diate et une protection durable. Elle est \u00e9galement sans gluten, sans\u2026","rel":"","context":"Similar post","block_context":{"text":"Similar post","link":""},"img":{"alt_text":"","src":"","width":0,"height":0},"classes":[]},{"id":33270,"url":"https:\/\/sakaba.mghosteur.com\/en\/product\/eos-shea-better-hand-cream-pink-citrus\/","url_meta":{"origin":33264,"position":3},"title":"EOS Shea Better Hand Cream Pink Citrus","author":"admin","date":"May 20, 2024","format":false,"excerpt":"La cr\u00e8me pour les mains EOS offre une hydratation 24 heures sur 24 et convient \u00e0 tous les types de peau. Elle est compos\u00e9e d'huile de karit\u00e9 l\u00e9g\u00e8re et de beurre de karit\u00e9 ultra riche pour offrir une hydratation imm\u00e9diate et une protection durable. Elle est \u00e9galement sans gluten, sans\u2026","rel":"","context":"Similar post","block_context":{"text":"Similar post","link":""},"img":{"alt_text":"","src":"","width":0,"height":0},"classes":[]},{"id":33157,"url":"https:\/\/sakaba.mghosteur.com\/en\/product\/eos-24-moisture-body-lotion-pomegranate-raspberry\/","url_meta":{"origin":33264,"position":4},"title":"EOS 24 MOISTURE BODY LOTION POMEGRANATE RASPBERRY","author":"admin","date":"May 20, 2024","format":false,"excerpt":"La lotion corporelle hydratante 24 heures Eos Shea Better contient de l'huile de karit\u00e9 hydratante instantan\u00e9e et du beurre de karit\u00e9 \u00e0 protection longue dur\u00e9e qui p\u00e9n\u00e8tre rapidement pour une hydratation de 24 heures. Dites bonjour \u00e0\u2026 une absorption rapide, une peau l\u00e9g\u00e8re et douce et du karit\u00e9 durable. Dites\u2026","rel":"","context":"Similar post","block_context":{"text":"Similar post","link":""},"img":{"alt_text":"","src":"","width":0,"height":0},"classes":[]},{"id":24862,"url":"https:\/\/sakaba.mghosteur.com\/en\/product\/eos-24-moisture-body-lotion\/","url_meta":{"origin":33264,"position":5},"title":"EOS 24 MOISTURE BODY LOTION","author":"admin","date":"November 11, 2022","format":false,"excerpt":"La lotion corporelle hydratante 24 heures Eos Shea Better contient de l'huile de karit\u00e9 hydratante instantan\u00e9e et du beurre de karit\u00e9 \u00e0 protection longue dur\u00e9e qui p\u00e9n\u00e8tre rapidement pour une hydratation de 24 heures. Dites bonjour \u00e0\u2026 une absorption rapide, une peau l\u00e9g\u00e8re et douce et du karit\u00e9 durable. Dites\u2026","rel":"","context":"Similar post","block_context":{"text":"Similar post","link":""},"img":{"alt_text":"","src":"","width":0,"height":0},"classes":[]}],"_links":{"self":[{"href":"https:\/\/sakaba.mghosteur.com\/en\/wp-json\/wp\/v2\/product\/33264","targetHints":{"allow":["GET"]}}],"collection":[{"href":"https:\/\/sakaba.mghosteur.com\/en\/wp-json\/wp\/v2\/product"}],"about":[{"href":"https:\/\/sakaba.mghosteur.com\/en\/wp-json\/wp\/v2\/types\/product"}],"replies":[{"embeddable":true,"href":"https:\/\/sakaba.mghosteur.com\/en\/wp-json\/wp\/v2\/comments?post=33264"}],"version-history":[{"count":0,"href":"https:\/\/sakaba.mghosteur.com\/en\/wp-json\/wp\/v2\/product\/33264\/revisions"}],"wp:attachment":[{"href":"https:\/\/sakaba.mghosteur.com\/en\/wp-json\/wp\/v2\/media?parent=33264"}],"wp:term":[{"taxonomy":"product_brand","embeddable":true,"href":"https:\/\/sakaba.mghosteur.com\/en\/wp-json\/wp\/v2\/product_brand?post=33264"},{"taxonomy":"product_cat","embeddable":true,"href":"https:\/\/sakaba.mghosteur.com\/en\/wp-json\/wp\/v2\/product_cat?post=33264"},{"taxonomy":"product_tag","embeddable":true,"href":"https:\/\/sakaba.mghosteur.com\/en\/wp-json\/wp\/v2\/product_tag?post=33264"}],"curies":[{"name":"wp","href":"https:\/\/api.w.org\/{rel}","templated":true}]}}