{"id":33274,"date":"2024-05-20T17:41:16","date_gmt":"2024-05-20T17:41:16","guid":{"rendered":"https:\/\/sakaba.mghosteur.com\/?post_type=product&#038;p=33274"},"modified":"2024-08-14T03:27:50","modified_gmt":"2024-08-14T03:27:50","slug":"eos-shea-better-sensitive-shave-cream-cream-colloidal","status":"publish","type":"product","link":"https:\/\/sakaba.mghosteur.com\/en\/product\/eos-shea-better-sensitive-shave-cream-cream-colloidal\/","title":{"rendered":"EOS SHEA BETTER SENSITIVE SHAVE CREAM CREAM COLLOIDAL"},"content":{"rendered":"<p>Sans parfum. Sans produits nocifs. Sans irritation. La cr\u00e8me de rasage apaisante et r\u00e9confortante pour peaux sensibles est sans parfum et contient de l&#8217;huile de karit\u00e9 hydratante instantan\u00e9e et du beurre de karit\u00e9 protecteur longue dur\u00e9e pour une hydratation incroyable de 24 heures et un confort cutan\u00e9 durable, m\u00eame pour votre ligne de bikini. Test\u00e9e cliniquement pour \u00eatre non irritante, cette formule contient de l&#8217;avoine collo\u00efdale pour apaiser et prot\u00e9ger pour le rasage doux et soyeux que votre peau sensible m\u00e9rite. Dites bonjour \u00e0 : douceur, douceur, confort, protection humide + s\u00e8che. Dites adieu aux : entailles, coupures, rougeurs, br\u00fblures de rasoir. Mode d&#8217;emploi : appliquez une fine couche sur la peau, r\u00e9partissez uniform\u00e9ment. Rasez, touchez, souriez.<\/p>","protected":false},"excerpt":{"rendered":"<p>Sans parfum. Sans produits nocifs. Sans irritation. La cr\u00e8me de rasage apaisante et r\u00e9confortante pour peaux sensibles est sans parfum et contient de l&#8217;huile de karit\u00e9 hydratante instantan\u00e9e et du beurre de karit\u00e9 protecteur longue dur\u00e9e pour une hydratation incroyable de 24 heures et un confort cutan\u00e9 durable, m\u00eame pour votre ligne de bikini. Test\u00e9e<span class=\"read-more-faq\"><a href=\"https:\/\/sakaba.mghosteur.com\/en\/product\/eos-shea-better-sensitive-shave-cream-cream-colloidal\/\">Read More<\/a><\/span><\/p>","protected":false},"featured_media":0,"comment_status":"open","ping_status":"closed","template":"","meta":[],"product_brand":[851],"product_cat":[447,1062],"product_tag":[],"class_list":{"0":"post-33274","1":"product","2":"type-product","3":"status-publish","5":"product_brand-eos","6":"product_cat-aac-bain-et-corps","7":"product_cat-epilation","9":"first","10":"instock","11":"shipping-taxable","12":"product-type-simple"},"jetpack-related-posts":[{"id":33255,"url":"https:\/\/sakaba.mghosteur.com\/en\/product\/eos-she-better-24h-moisture-shave-cream-pomegranate-raspberry\/","url_meta":{"origin":33274,"position":0},"title":"EOS SHE BETTER 24H MOISTURE SHAVE CREAM POMEGRANATE RASPBERRY","author":"admin","date":"May 20, 2024","format":false,"excerpt":"La cr\u00e8me \u00e0 raser grenade framboise \u00e9clatante et juteuse a des notes de grenade sucr\u00e9e, de framboises acidul\u00e9es et de fleur de lotus aqueuse. Obtenez votre rasage le plus doux, le plus lisse (et le plus proche) de tous les temps. La cr\u00e8me \u00e0 raser riche et non moussante contient\u2026","rel":"","context":"Similar post","block_context":{"text":"Similar post","link":""},"img":{"alt_text":"","src":"","width":0,"height":0},"classes":[]},{"id":56185,"url":"https:\/\/sakaba.mghosteur.com\/en\/product\/eos-cashmere-skin-shave-butter\/","url_meta":{"origin":33274,"position":1},"title":"eos Cashmere Skin Shave Butter","author":"Sope DIA","date":"January 2, 2026","format":false,"excerpt":"eos VANILLE CASMERE\u00a0: Notre cr\u00e8me \u00e0 raser non moussante offre un parfum doux et enveloppant de vanille cachemire qui capture la chaleur de la vanille fouett\u00e9e, la douceur du musc et le r\u00e9confort du caramel pour une fragrance riche et luxueuse avec une touche sensuelle. COMPLEXE DOUX CACHEMIRE : La\u2026","rel":"","context":"Similar post","block_context":{"text":"Similar post","link":""},"img":{"alt_text":"","src":"","width":0,"height":0},"classes":[]},{"id":33258,"url":"https:\/\/sakaba.mghosteur.com\/en\/product\/eos-she-better-24h-moisture-shave-cream-vanila-bliss\/","url_meta":{"origin":33274,"position":2},"title":"EOS SHE BETTER 24H MOISTURE SHAVE CREAM VANILA BLISS","author":"admin","date":"May 20, 2024","format":false,"excerpt":"Cette cr\u00e8me et lotion de rasage pour femmes EOS Vanilla Bliss, fra\u00eeche et cr\u00e9meuse, pr\u00e9sente des notes de gousse de vanille, de cr\u00e8me douce et de cassonade. Obtenez votre rasage le plus doux, le plus lisse (et le plus proche) de tous les temps. La lotion de rasage EOS est\u2026","rel":"","context":"Similar post","block_context":{"text":"Similar post","link":""},"img":{"alt_text":"","src":"","width":0,"height":0},"classes":[]},{"id":56229,"url":"https:\/\/sakaba.mghosteur.com\/en\/product\/tree-hut-vanilla-shea-sugar-scrub\/","url_meta":{"origin":33274,"position":3},"title":"Tree Hut Vanilla Shea Sugar Scrub","author":"Sope DIA","date":"January 3, 2026","format":false,"excerpt":"GOMMAGE AU SUCRE ET \u00c0 LA VANILLE : La marque de gommage corporel n\u00b0 1 aux \u00c9tats-Unis\u00a0 exfolie en douceur pour \u00e9liminer les cellules mortes et r\u00e9v\u00e9ler une peau douce et lisse. Laissez-vous envo\u00fbter par le parfum onctueux de la vanille cr\u00e9meuse, rehauss\u00e9 de notes chaudes de santal et de\u2026","rel":"","context":"Similar post","block_context":{"text":"Similar post","link":""},"img":{"alt_text":"","src":"","width":0,"height":0},"classes":[]},{"id":29224,"url":"https:\/\/sakaba.mghosteur.com\/en\/product\/gentle-retinol-cream\/","url_meta":{"origin":33274,"position":4},"title":"GENTLE RETINOL CREAM","author":"admin","date":"March 21, 2023","format":false,"excerpt":"La Cr\u00e8me Douceur au R\u00e9tinol de Good Molecules est un traitement de soin de la peau doux et efficace qui aide \u00e0 am\u00e9liorer l'apparence des ridules, des rides et du manque d'\u00e9lasticit\u00e9. La formule contient 0,1 % de r\u00e9tinol, ainsi que des ingr\u00e9dients nourrissants et apaisants pour hydrater la peau\u2026","rel":"","context":"Similar post","block_context":{"text":"Similar post","link":""},"img":{"alt_text":"","src":"","width":0,"height":0},"classes":[]},{"id":34198,"url":"https:\/\/sakaba.mghosteur.com\/en\/product\/first-aid-beauty-ultra-repair-cream-intense-hydrat\/","url_meta":{"origin":33274,"position":5},"title":"FIRST AID BEAUTY ULTRA REPAIR CREAM INTENSE HYDRATION","author":"admin","date":"May 27, 2024","format":false,"excerpt":"Cette cr\u00e8me hydratante prim\u00e9e soulage instantan\u00e9ment la peau s\u00e8che et irrit\u00e9e ainsi que l'ecz\u00e9ma, et renforce la barri\u00e8re cutan\u00e9e en 7 jours pour une peau calme et confortable. La formule hydratante riche \u00e0 absorption rapide est compos\u00e9e d'avoine collo\u00efdale, un ingr\u00e9dient protecteur de la peau et barri\u00e8re qui traite l'ecz\u00e9ma\u2026","rel":"","context":"Similar post","block_context":{"text":"Similar post","link":""},"img":{"alt_text":"","src":"","width":0,"height":0},"classes":[]}],"_links":{"self":[{"href":"https:\/\/sakaba.mghosteur.com\/en\/wp-json\/wp\/v2\/product\/33274","targetHints":{"allow":["GET"]}}],"collection":[{"href":"https:\/\/sakaba.mghosteur.com\/en\/wp-json\/wp\/v2\/product"}],"about":[{"href":"https:\/\/sakaba.mghosteur.com\/en\/wp-json\/wp\/v2\/types\/product"}],"replies":[{"embeddable":true,"href":"https:\/\/sakaba.mghosteur.com\/en\/wp-json\/wp\/v2\/comments?post=33274"}],"version-history":[{"count":0,"href":"https:\/\/sakaba.mghosteur.com\/en\/wp-json\/wp\/v2\/product\/33274\/revisions"}],"wp:attachment":[{"href":"https:\/\/sakaba.mghosteur.com\/en\/wp-json\/wp\/v2\/media?parent=33274"}],"wp:term":[{"taxonomy":"product_brand","embeddable":true,"href":"https:\/\/sakaba.mghosteur.com\/en\/wp-json\/wp\/v2\/product_brand?post=33274"},{"taxonomy":"product_cat","embeddable":true,"href":"https:\/\/sakaba.mghosteur.com\/en\/wp-json\/wp\/v2\/product_cat?post=33274"},{"taxonomy":"product_tag","embeddable":true,"href":"https:\/\/sakaba.mghosteur.com\/en\/wp-json\/wp\/v2\/product_tag?post=33274"}],"curies":[{"name":"wp","href":"https:\/\/api.w.org\/{rel}","templated":true}]}}