{"id":33280,"date":"2024-05-20T17:44:13","date_gmt":"2024-05-20T17:44:13","guid":{"rendered":"https:\/\/sakaba.mghosteur.com\/?post_type=product&#038;p=33280"},"modified":"2024-05-20T17:44:13","modified_gmt":"2024-05-20T17:44:13","slug":"la-roche-posay-anthelios-50-50ml","status":"publish","type":"product","link":"https:\/\/sakaba.mghosteur.com\/en\/product\/la-roche-posay-anthelios-50-50ml\/","title":{"rendered":"LA ROCHE POSAY ANTHELIOS 50+ 50ml"},"content":{"rendered":"","protected":false},"excerpt":{"rendered":"","protected":false},"featured_media":0,"comment_status":"open","ping_status":"closed","template":"","meta":[],"product_brand":[901],"product_cat":[377],"product_tag":[],"class_list":{"0":"post-33280","1":"product","2":"type-product","3":"status-publish","5":"product_brand-la-roche-posay","6":"product_cat-bath-body-works","8":"first","9":"instock","10":"shipping-taxable","11":"product-type-simple"},"jetpack-related-posts":[{"id":33220,"url":"https:\/\/sakaba.mghosteur.com\/en\/product\/la-roche-posay-anthelios-light-fluid-sunscreen-50-face\/","url_meta":{"origin":33280,"position":0},"title":"LA ROCHE POSAY ANTHELIOS LIGHT FLUID SUNSCREEN 50 FACE","author":"admin","date":"May 20, 2024","format":false,"excerpt":"Cette cr\u00e8me solaire pour le visage, plusieurs fois prim\u00e9e, offre une protection avanc\u00e9e dans un fluide l\u00e9ger au fini mat. Elle aide \u00e0 r\u00e9duire visiblement l'apparence des dommages caus\u00e9s par le soleil et est formul\u00e9e avec la technologie Cell-Ox Shield\u00ae : protection UVA\/UVB \u00e0 large spectre avec antioxydants.","rel":"","context":"Similar post","block_context":{"text":"Similar post","link":""},"img":{"alt_text":"","src":"","width":0,"height":0},"classes":[]},{"id":33217,"url":"https:\/\/sakaba.mghosteur.com\/en\/product\/la-roche-posay-anthelios-clear-skin-60-face\/","url_meta":{"origin":33280,"position":1},"title":"LA ROCHE POSAY ANTHELIOS CLEAR SKIN 60 FACE","author":"admin","date":"May 20, 2024","format":false,"excerpt":"","rel":"","context":"Similar post","block_context":{"text":"Similar post","link":""},"img":{"alt_text":"","src":"","width":0,"height":0},"classes":[]},{"id":33160,"url":"https:\/\/sakaba.mghosteur.com\/en\/product\/la-roche-posay-60-face-anthelios-light-fluid-sunscreen\/","url_meta":{"origin":33280,"position":2},"title":"LA ROCHE POSAY 60 FACE ANTHELIOS LIGHT FLUID SUNSCREEN","author":"admin","date":"May 20, 2024","format":false,"excerpt":"Cette cr\u00e8me solaire pour le visage, plusieurs fois prim\u00e9e, offre une protection avanc\u00e9e dans un fluide l\u00e9ger au fini mat. Elle aide \u00e0 r\u00e9duire visiblement l'apparence des dommages caus\u00e9s par le soleil et est formul\u00e9e avec la technologie Cell-Ox Shield\u00ae : protection UVA\/UVB \u00e0 large spectre avec antioxydants.","rel":"","context":"Similar post","block_context":{"text":"Similar post","link":""},"img":{"alt_text":"","src":"","width":0,"height":0},"classes":[]},{"id":33296,"url":"https:\/\/sakaba.mghosteur.com\/en\/product\/la-roche-posay-eau-thermale-50-ml\/","url_meta":{"origin":33280,"position":3},"title":"La Roche-Posay EAU THERMALE 50 ML","author":"admin","date":"May 20, 2024","format":false,"excerpt":"","rel":"","context":"Similar post","block_context":{"text":"Similar post","link":""},"img":{"alt_text":"","src":"","width":0,"height":0},"classes":[]},{"id":33286,"url":"https:\/\/sakaba.mghosteur.com\/en\/product\/la-roche-posay-effaclar-duo-40ml\/","url_meta":{"origin":33280,"position":4},"title":"LA ROCHE POSAY EFFACLAR DUO + 40ML","author":"admin","date":"May 20, 2024","format":false,"excerpt":"","rel":"","context":"Similar post","block_context":{"text":"Similar post","link":""},"img":{"alt_text":"","src":"","width":0,"height":0},"classes":[]},{"id":33293,"url":"https:\/\/sakaba.mghosteur.com\/en\/product\/la-roche-posay-lipikar-baume-ap-m-2\/","url_meta":{"origin":33280,"position":5},"title":"LA ROCHE POSAY LIPIKAR BAUME AP + M","author":"admin","date":"May 20, 2024","format":false,"excerpt":"","rel":"","context":"Similar post","block_context":{"text":"Similar post","link":""},"img":{"alt_text":"","src":"","width":0,"height":0},"classes":[]}],"_links":{"self":[{"href":"https:\/\/sakaba.mghosteur.com\/en\/wp-json\/wp\/v2\/product\/33280","targetHints":{"allow":["GET"]}}],"collection":[{"href":"https:\/\/sakaba.mghosteur.com\/en\/wp-json\/wp\/v2\/product"}],"about":[{"href":"https:\/\/sakaba.mghosteur.com\/en\/wp-json\/wp\/v2\/types\/product"}],"replies":[{"embeddable":true,"href":"https:\/\/sakaba.mghosteur.com\/en\/wp-json\/wp\/v2\/comments?post=33280"}],"version-history":[{"count":0,"href":"https:\/\/sakaba.mghosteur.com\/en\/wp-json\/wp\/v2\/product\/33280\/revisions"}],"wp:attachment":[{"href":"https:\/\/sakaba.mghosteur.com\/en\/wp-json\/wp\/v2\/media?parent=33280"}],"wp:term":[{"taxonomy":"product_brand","embeddable":true,"href":"https:\/\/sakaba.mghosteur.com\/en\/wp-json\/wp\/v2\/product_brand?post=33280"},{"taxonomy":"product_cat","embeddable":true,"href":"https:\/\/sakaba.mghosteur.com\/en\/wp-json\/wp\/v2\/product_cat?post=33280"},{"taxonomy":"product_tag","embeddable":true,"href":"https:\/\/sakaba.mghosteur.com\/en\/wp-json\/wp\/v2\/product_tag?post=33280"}],"curies":[{"name":"wp","href":"https:\/\/api.w.org\/{rel}","templated":true}]}}