{"id":33283,"date":"2024-05-20T17:45:20","date_gmt":"2024-05-20T17:45:20","guid":{"rendered":"https:\/\/sakaba.mghosteur.com\/?post_type=product&#038;p=33283"},"modified":"2024-06-07T17:31:31","modified_gmt":"2024-06-07T17:31:31","slug":"la-roche-posay-cicaplast-baume-b5","status":"publish","type":"product","link":"https:\/\/sakaba.mghosteur.com\/en\/product\/la-roche-posay-cicaplast-baume-b5\/","title":{"rendered":"LA ROCHE POSAY CICAPLAST BAUME B5+"},"content":{"rendered":"","protected":false},"excerpt":{"rendered":"","protected":false},"featured_media":0,"comment_status":"open","ping_status":"closed","template":"","meta":[],"product_brand":[901],"product_cat":[377,331,451],"product_tag":[],"class_list":{"0":"post-33283","1":"product","2":"type-product","3":"status-publish","5":"product_brand-la-roche-posay","6":"product_cat-bath-body-works","7":"product_cat-hydratant-visage","8":"product_cat-aab-soin-du-visage","10":"first","11":"instock","12":"shipping-taxable","13":"product-type-simple"},"jetpack-related-posts":[{"id":33293,"url":"https:\/\/sakaba.mghosteur.com\/en\/product\/la-roche-posay-lipikar-baume-ap-m-2\/","url_meta":{"origin":33283,"position":0},"title":"LA ROCHE POSAY LIPIKAR BAUME AP + M","author":"admin","date":"May 20, 2024","format":false,"excerpt":"","rel":"","context":"Similar post","block_context":{"text":"Similar post","link":""},"img":{"alt_text":"","src":"","width":0,"height":0},"classes":[]},{"id":28887,"url":"https:\/\/sakaba.mghosteur.com\/en\/product\/la-roche-posay-lipikar-baume-ap-m\/","url_meta":{"origin":33283,"position":1},"title":"LA ROCHE POSAY LIPIKAR BAUME AP + M","author":"admin","date":"March 6, 2023","format":false,"excerpt":"Le Lipikar Baume AP+M de La Roche-Posay est un produit de soin de la peau innovant qui a \u00e9t\u00e9 sp\u00e9cialement formul\u00e9 pour les b\u00e9b\u00e9s, les enfants et les adultes ayant la peau tr\u00e8s s\u00e8che et extr\u00eamement s\u00e8che. Ce baume r\u00e9\u00e9quilibre le microbiome cutan\u00e9, apaise imm\u00e9diatement la peau et r\u00e9duit les\u2026","rel":"","context":"Similar post","block_context":{"text":"Similar post","link":""},"img":{"alt_text":"","src":"","width":0,"height":0},"classes":[]},{"id":33280,"url":"https:\/\/sakaba.mghosteur.com\/en\/product\/la-roche-posay-anthelios-50-50ml\/","url_meta":{"origin":33283,"position":2},"title":"LA ROCHE POSAY ANTHELIOS 50+ 50ml","author":"admin","date":"May 20, 2024","format":false,"excerpt":"","rel":"","context":"Similar post","block_context":{"text":"Similar post","link":""},"img":{"alt_text":"","src":"","width":0,"height":0},"classes":[]},{"id":33286,"url":"https:\/\/sakaba.mghosteur.com\/en\/product\/la-roche-posay-effaclar-duo-40ml\/","url_meta":{"origin":33283,"position":3},"title":"LA ROCHE POSAY EFFACLAR DUO + 40ML","author":"admin","date":"May 20, 2024","format":false,"excerpt":"","rel":"","context":"Similar post","block_context":{"text":"Similar post","link":""},"img":{"alt_text":"","src":"","width":0,"height":0},"classes":[]},{"id":33296,"url":"https:\/\/sakaba.mghosteur.com\/en\/product\/la-roche-posay-eau-thermale-50-ml\/","url_meta":{"origin":33283,"position":4},"title":"La Roche-Posay EAU THERMALE 50 ML","author":"admin","date":"May 20, 2024","format":false,"excerpt":"","rel":"","context":"Similar post","block_context":{"text":"Similar post","link":""},"img":{"alt_text":"","src":"","width":0,"height":0},"classes":[]},{"id":33290,"url":"https:\/\/sakaba.mghosteur.com\/en\/product\/la-roche-posay-effaclar-mat-hydratant-sebo\/","url_meta":{"origin":33283,"position":5},"title":"LA ROCHE POSAY EFFACLAR MAT HYDRATANT SEBO","author":"admin","date":"May 20, 2024","format":false,"excerpt":"","rel":"","context":"Similar post","block_context":{"text":"Similar post","link":""},"img":{"alt_text":"","src":"","width":0,"height":0},"classes":[]}],"_links":{"self":[{"href":"https:\/\/sakaba.mghosteur.com\/en\/wp-json\/wp\/v2\/product\/33283","targetHints":{"allow":["GET"]}}],"collection":[{"href":"https:\/\/sakaba.mghosteur.com\/en\/wp-json\/wp\/v2\/product"}],"about":[{"href":"https:\/\/sakaba.mghosteur.com\/en\/wp-json\/wp\/v2\/types\/product"}],"replies":[{"embeddable":true,"href":"https:\/\/sakaba.mghosteur.com\/en\/wp-json\/wp\/v2\/comments?post=33283"}],"version-history":[{"count":0,"href":"https:\/\/sakaba.mghosteur.com\/en\/wp-json\/wp\/v2\/product\/33283\/revisions"}],"wp:attachment":[{"href":"https:\/\/sakaba.mghosteur.com\/en\/wp-json\/wp\/v2\/media?parent=33283"}],"wp:term":[{"taxonomy":"product_brand","embeddable":true,"href":"https:\/\/sakaba.mghosteur.com\/en\/wp-json\/wp\/v2\/product_brand?post=33283"},{"taxonomy":"product_cat","embeddable":true,"href":"https:\/\/sakaba.mghosteur.com\/en\/wp-json\/wp\/v2\/product_cat?post=33283"},{"taxonomy":"product_tag","embeddable":true,"href":"https:\/\/sakaba.mghosteur.com\/en\/wp-json\/wp\/v2\/product_tag?post=33283"}],"curies":[{"name":"wp","href":"https:\/\/api.w.org\/{rel}","templated":true}]}}