{"id":33293,"date":"2024-05-20T17:49:35","date_gmt":"2024-05-20T17:49:35","guid":{"rendered":"https:\/\/sakaba.mghosteur.com\/?post_type=product&#038;p=33293"},"modified":"2024-05-20T17:49:35","modified_gmt":"2024-05-20T17:49:35","slug":"la-roche-posay-lipikar-baume-ap-m-2","status":"publish","type":"product","link":"https:\/\/sakaba.mghosteur.com\/en\/product\/la-roche-posay-lipikar-baume-ap-m-2\/","title":{"rendered":"LA ROCHE POSAY LIPIKAR BAUME AP + M"},"content":{"rendered":"","protected":false},"excerpt":{"rendered":"","protected":false},"featured_media":0,"comment_status":"open","ping_status":"closed","template":"","meta":[],"product_brand":[901],"product_cat":[377],"product_tag":[],"class_list":{"0":"post-33293","1":"product","2":"type-product","3":"status-publish","5":"product_brand-la-roche-posay","6":"product_cat-bath-body-works","8":"first","9":"instock","10":"shipping-taxable","11":"product-type-simple"},"jetpack-related-posts":[{"id":28887,"url":"https:\/\/sakaba.mghosteur.com\/en\/product\/la-roche-posay-lipikar-baume-ap-m\/","url_meta":{"origin":33293,"position":0},"title":"LA ROCHE POSAY LIPIKAR BAUME AP + M","author":"admin","date":"March 6, 2023","format":false,"excerpt":"Le Lipikar Baume AP+M de La Roche-Posay est un produit de soin de la peau innovant qui a \u00e9t\u00e9 sp\u00e9cialement formul\u00e9 pour les b\u00e9b\u00e9s, les enfants et les adultes ayant la peau tr\u00e8s s\u00e8che et extr\u00eamement s\u00e8che. Ce baume r\u00e9\u00e9quilibre le microbiome cutan\u00e9, apaise imm\u00e9diatement la peau et r\u00e9duit les\u2026","rel":"","context":"Similar post","block_context":{"text":"Similar post","link":""},"img":{"alt_text":"","src":"","width":0,"height":0},"classes":[]},{"id":24884,"url":"https:\/\/sakaba.mghosteur.com\/en\/product\/la-roche-posay-lipika-balm-ap\/","url_meta":{"origin":33293,"position":1},"title":"La Roche-Posay Lipika Balm AP+","author":"admin","date":"November 11, 2022","format":false,"excerpt":"D\u00e9couvrez Lipikar Balm AP+ Body Cream for Extra Dry Skin de La Roche-Posay, une cr\u00e8me hydratante sp\u00e9cialement con\u00e7ue pour nourrir en profondeur les peaux s\u00e8ches et sensibles. Cette cr\u00e8me pour le corps est enrichie en niacinamide et beurre de karit\u00e9 pour offrir une hydratation longue dur\u00e9e et apaiser les sympt\u00f4mes\u2026","rel":"","context":"Similar post","block_context":{"text":"Similar post","link":""},"img":{"alt_text":"","src":"","width":0,"height":0},"classes":[]},{"id":33283,"url":"https:\/\/sakaba.mghosteur.com\/en\/product\/la-roche-posay-cicaplast-baume-b5\/","url_meta":{"origin":33293,"position":2},"title":"LA ROCHE POSAY CICAPLAST BAUME B5+","author":"admin","date":"May 20, 2024","format":false,"excerpt":"","rel":"","context":"Similar post","block_context":{"text":"Similar post","link":""},"img":{"alt_text":"","src":"","width":0,"height":0},"classes":[]},{"id":33280,"url":"https:\/\/sakaba.mghosteur.com\/en\/product\/la-roche-posay-anthelios-50-50ml\/","url_meta":{"origin":33293,"position":3},"title":"LA ROCHE POSAY ANTHELIOS 50+ 50ml","author":"admin","date":"May 20, 2024","format":false,"excerpt":"","rel":"","context":"Similar post","block_context":{"text":"Similar post","link":""},"img":{"alt_text":"","src":"","width":0,"height":0},"classes":[]},{"id":33286,"url":"https:\/\/sakaba.mghosteur.com\/en\/product\/la-roche-posay-effaclar-duo-40ml\/","url_meta":{"origin":33293,"position":4},"title":"LA ROCHE POSAY EFFACLAR DUO + 40ML","author":"admin","date":"May 20, 2024","format":false,"excerpt":"","rel":"","context":"Similar post","block_context":{"text":"Similar post","link":""},"img":{"alt_text":"","src":"","width":0,"height":0},"classes":[]},{"id":33296,"url":"https:\/\/sakaba.mghosteur.com\/en\/product\/la-roche-posay-eau-thermale-50-ml\/","url_meta":{"origin":33293,"position":5},"title":"La Roche-Posay EAU THERMALE 50 ML","author":"admin","date":"May 20, 2024","format":false,"excerpt":"","rel":"","context":"Similar post","block_context":{"text":"Similar post","link":""},"img":{"alt_text":"","src":"","width":0,"height":0},"classes":[]}],"_links":{"self":[{"href":"https:\/\/sakaba.mghosteur.com\/en\/wp-json\/wp\/v2\/product\/33293","targetHints":{"allow":["GET"]}}],"collection":[{"href":"https:\/\/sakaba.mghosteur.com\/en\/wp-json\/wp\/v2\/product"}],"about":[{"href":"https:\/\/sakaba.mghosteur.com\/en\/wp-json\/wp\/v2\/types\/product"}],"replies":[{"embeddable":true,"href":"https:\/\/sakaba.mghosteur.com\/en\/wp-json\/wp\/v2\/comments?post=33293"}],"version-history":[{"count":0,"href":"https:\/\/sakaba.mghosteur.com\/en\/wp-json\/wp\/v2\/product\/33293\/revisions"}],"wp:attachment":[{"href":"https:\/\/sakaba.mghosteur.com\/en\/wp-json\/wp\/v2\/media?parent=33293"}],"wp:term":[{"taxonomy":"product_brand","embeddable":true,"href":"https:\/\/sakaba.mghosteur.com\/en\/wp-json\/wp\/v2\/product_brand?post=33293"},{"taxonomy":"product_cat","embeddable":true,"href":"https:\/\/sakaba.mghosteur.com\/en\/wp-json\/wp\/v2\/product_cat?post=33293"},{"taxonomy":"product_tag","embeddable":true,"href":"https:\/\/sakaba.mghosteur.com\/en\/wp-json\/wp\/v2\/product_tag?post=33293"}],"curies":[{"name":"wp","href":"https:\/\/api.w.org\/{rel}","templated":true}]}}