{"id":33299,"date":"2024-05-20T17:53:02","date_gmt":"2024-05-20T17:53:02","guid":{"rendered":"https:\/\/sakaba.mghosteur.com\/?post_type=product&#038;p=33299"},"modified":"2024-08-14T03:39:19","modified_gmt":"2024-08-14T03:39:19","slug":"leosense-gemstone-massager","status":"publish","type":"product","link":"https:\/\/sakaba.mghosteur.com\/en\/product\/leosense-gemstone-massager\/","title":{"rendered":"LEOSENSE GEMSTONE MASSAGER"},"content":{"rendered":"<p>Le peigne de massage Gua Sha en jade de Leosense est fabriqu\u00e9 \u00e0 100% en pierre de jade Xiu Yan verte naturelle authentique. Ce type de pierre pr\u00e9cieuse en cristal de jade est tr\u00e8s b\u00e9n\u00e9fique pour la sant\u00e9 du corps et la beaut\u00e9 de la peau. En m\u00eame temps, il peut lib\u00e9rer l&#8217;\u00e9nergie positive qui vous fait sentir heureux et plein d&#8217;espoir. Nous avons donc d\u00e9cid\u00e9 de concevoir un peigne en jade pour que votre cuir chevelu soit appr\u00e9ci\u00e9. Le peigne en jade de Leosense est poli en douceur et ne blesse jamais votre peau. Et le peigne en jade est antistatique, d\u00e9m\u00ealant, vaut la peine d&#8217;\u00eatre collectionn\u00e9, plus b\u00e9n\u00e9fique, encore plus beau gr\u00e2ce \u00e0 son jade.<\/p>\n<p>Mode d&#8217;emploi :<\/p>\n<p>1. Appliquez des cr\u00e8mes de massage ou des huiles essentielles pour lubrifier la peau. 2. Utilisez le peigne de massage Leosense Jade Gua Sha pour un massage relaxant du cuir chevelu, un modelage de la m\u00e2choire avec le gua sha du visage, une r\u00e9duction des poches et un massage grattant le corps avec le gua sha. 3. Suivez toutes les instructions ou pr\u00e9cautions suppl\u00e9mentaires mentionn\u00e9es dans les informations sur le produit.<\/p>","protected":false},"excerpt":{"rendered":"<p>Le peigne de massage Gua Sha en jade de Leosense est fabriqu\u00e9 \u00e0 100% en pierre de jade Xiu Yan verte naturelle authentique. Ce type de pierre pr\u00e9cieuse en cristal de jade est tr\u00e8s b\u00e9n\u00e9fique pour la sant\u00e9 du corps et la beaut\u00e9 de la peau. En m\u00eame temps, il peut lib\u00e9rer l&#8217;\u00e9nergie positive qui<span class=\"read-more-faq\"><a href=\"https:\/\/sakaba.mghosteur.com\/en\/product\/leosense-gemstone-massager\/\">Read More<\/a><\/span><\/p>","protected":false},"featured_media":0,"comment_status":"open","ping_status":"closed","template":"","meta":[],"product_brand":[1051],"product_cat":[1056,451],"product_tag":[],"class_list":{"0":"post-33299","1":"product","2":"type-product","3":"status-publish","5":"product_brand-leosense","6":"product_cat-brosses-accessoires","7":"product_cat-aab-soin-du-visage","9":"first","10":"instock","11":"shipping-taxable","12":"product-type-simple"},"jetpack-related-posts":[{"id":32042,"url":"https:\/\/sakaba.mghosteur.com\/en\/product\/mielle-rosemary-mint-blend-conditionner\/","url_meta":{"origin":33299,"position":0},"title":"MIELLE ROSEMARY MINT BLEND CONDITIONNER","author":"admin","date":"May 13, 2024","format":false,"excerpt":"Le revitalisant fortifiant au romarin et \u00e0 la menthe offre l\u2019\u00e9quilibre parfait entre force et hydratation pour am\u00e9liorer l\u2019\u00e9tat g\u00e9n\u00e9ral des cheveux et du cuir chevelu. Adoucit et d\u00e9m\u00eale instantan\u00e9ment pour une maniabilit\u00e9 accrue. Soutient des cheveux plus longs et plus sains. Avantages cl\u00e9s: De l'huile fortifiante pour le cuir\u2026","rel":"","context":"Similar post","block_context":{"text":"Similar post","link":""},"img":{"alt_text":"","src":"","width":0,"height":0},"classes":[]},{"id":25644,"url":"https:\/\/sakaba.mghosteur.com\/en\/product\/sea-breeze-professional-astringent\/","url_meta":{"origin":33299,"position":1},"title":"Sea Breeze Professional Astringent","author":"admin","date":"November 14, 2022","format":false,"excerpt":"Sea Breeze pour un soin professionnel - pour un traitement professionnel du cuir chevelu, utilisez Sea Breeze Astringent comme pr\u00e9-shampoing ou comme massage du cuir chevelu. Il \u00e9limine en douceur l'exc\u00e8s de s\u00e9bum terne et les cuticules s\u00e8ches du cuir chevelu pour un shampooing plus complet et des cheveux propres\u2026","rel":"","context":"Similar post","block_context":{"text":"Similar post","link":""},"img":{"alt_text":"","src":"","width":0,"height":0},"classes":[]},{"id":24410,"url":"https:\/\/sakaba.mghosteur.com\/en\/product\/palmers-massage-lotion-stretch-marks\/","url_meta":{"origin":33299,"position":2},"title":"PALMERS MASSAGE LOTION STRETCH MARKS","author":"admin","date":"November 10, 2022","format":false,"excerpt":"La lotion de massage au beurre de cacao pour les vergetures de grossesse de la marque Palmer's est un produit exceptionnel pour les futures mamans. Cette lotion pour le corps de grossesse peut \u00eatre utilis\u00e9e sur tout le corps et aide \u00e0 maintenir la peau douce et souple, ce qui\u2026","rel":"","context":"Similar post","block_context":{"text":"Similar post","link":""},"img":{"alt_text":"","src":"","width":0,"height":0},"classes":[]},{"id":26102,"url":"https:\/\/sakaba.mghosteur.com\/en\/product\/mielle-pomegranate-honey-shampoo\/","url_meta":{"origin":33299,"position":3},"title":"MIELLE POMEGRANATE &amp; HONEY SHAMPOO","author":"admin","date":"November 24, 2022","format":false,"excerpt":"Le shampooing hydratant et d\u00e9m\u00ealant \u00e0 la grenade et au miel de Mielle utilise des ingr\u00e9dients frais comme le miel et l\u2019huile de babassu pour \u00e9liminer la salet\u00e9 et l\u2019huile de vos cheveux tout en pr\u00e9servant l\u2019hydratation dont ils ont tant besoin. Ce shampooing forme une mousse luxueuse et a\u2026","rel":"","context":"Similar post","block_context":{"text":"Similar post","link":""},"img":{"alt_text":"","src":"","width":0,"height":0},"classes":[]},{"id":29740,"url":"https:\/\/sakaba.mghosteur.com\/en\/product\/palmers-stretch-marks-massage-lotion-315ml\/","url_meta":{"origin":33299,"position":4},"title":"PALMER&#8217;S STRETCH MARKS MASSAGE LOTION 315ML","author":"admin","date":"April 18, 2023","format":false,"excerpt":"D\u00e9couvrez la lotion de massage pour les vergetures de la marque Palmer's, sp\u00e9cialement con\u00e7ue pour maintenir la peau douce et souple pendant la grossesse et les fluctuations de poids. Cette lotion pour le corps peut \u00eatre utilis\u00e9e sur tout le corps et contient du chanvre pour r\u00e9duire l'apparence des vergetures.\u2026","rel":"","context":"Similar post","block_context":{"text":"Similar post","link":""},"img":{"alt_text":"","src":"","width":0,"height":0},"classes":[]},{"id":32374,"url":"https:\/\/sakaba.mghosteur.com\/en\/product\/sheamoisture-full-beard-detanger\/","url_meta":{"origin":33299,"position":5},"title":"SheaMoisture FULL BEARD DETANGER","author":"admin","date":"May 14, 2024","format":false,"excerpt":"D\u00c9M\u00caLANT \u00c0 BARBE SHEA MOISTURE POUR UNE BARBE FOURNIE Ce d\u00e9m\u00ealant est sp\u00e9cialement con\u00e7u pour revitaliser et adoucir les poils rudes et \u00e9pais d'une barbe fournie et majestueuse. Sa formule unique glisse facilement \u00e0 travers les poils, les disciplinant sans causer de tiraillement ni de douleur. L'huile de maracuja et\u2026","rel":"","context":"Similar post","block_context":{"text":"Similar post","link":""},"img":{"alt_text":"","src":"","width":0,"height":0},"classes":[]}],"_links":{"self":[{"href":"https:\/\/sakaba.mghosteur.com\/en\/wp-json\/wp\/v2\/product\/33299","targetHints":{"allow":["GET"]}}],"collection":[{"href":"https:\/\/sakaba.mghosteur.com\/en\/wp-json\/wp\/v2\/product"}],"about":[{"href":"https:\/\/sakaba.mghosteur.com\/en\/wp-json\/wp\/v2\/types\/product"}],"replies":[{"embeddable":true,"href":"https:\/\/sakaba.mghosteur.com\/en\/wp-json\/wp\/v2\/comments?post=33299"}],"version-history":[{"count":0,"href":"https:\/\/sakaba.mghosteur.com\/en\/wp-json\/wp\/v2\/product\/33299\/revisions"}],"wp:attachment":[{"href":"https:\/\/sakaba.mghosteur.com\/en\/wp-json\/wp\/v2\/media?parent=33299"}],"wp:term":[{"taxonomy":"product_brand","embeddable":true,"href":"https:\/\/sakaba.mghosteur.com\/en\/wp-json\/wp\/v2\/product_brand?post=33299"},{"taxonomy":"product_cat","embeddable":true,"href":"https:\/\/sakaba.mghosteur.com\/en\/wp-json\/wp\/v2\/product_cat?post=33299"},{"taxonomy":"product_tag","embeddable":true,"href":"https:\/\/sakaba.mghosteur.com\/en\/wp-json\/wp\/v2\/product_tag?post=33299"}],"curies":[{"name":"wp","href":"https:\/\/api.w.org\/{rel}","templated":true}]}}