{"id":33302,"date":"2024-05-20T17:54:17","date_gmt":"2024-05-20T17:54:17","guid":{"rendered":"https:\/\/sakaba.mghosteur.com\/?post_type=product&#038;p=33302"},"modified":"2025-04-04T03:46:16","modified_gmt":"2025-04-04T03:46:16","slug":"shea-better-24h-moisture-body-lotion-coconut-water","status":"publish","type":"product","link":"https:\/\/sakaba.mghosteur.com\/en\/product\/shea-better-24h-moisture-body-lotion-coconut-water\/","title":{"rendered":"EOS SHEA BETTER 24H MOISTURE BODY LOTION COCONUT WATER"},"content":{"rendered":"<p>La lotion corporelle Coconut Waters chaude et ensoleill\u00e9e vous emm\u00e8nera dans les endroits les plus exotiques et les plages de sable blanc avec des notes de noix de coco cr\u00e9meuse m\u00e9lang\u00e9es \u00e0 de l&#8217;hibiscus luxuriant et du musc solaire. Notre lotion corporelle 24H avec de l&#8217;huile de karit\u00e9 hydratante instantan\u00e9ment + du beurre de karit\u00e9 \u00e0 protection durable s&#8217;absorbe rapidement pour une hydratation 24 heures sur 24. Dites bonjour \u00e0 une peau \u00e0 absorption rapide, l\u00e9g\u00e8re et douce et au karit\u00e9 durable. Dites adieu au gras, \u00e0 la lourdeur et aux r\u00e9sidus collants.<\/p>","protected":false},"excerpt":{"rendered":"<p>La lotion corporelle Coconut Waters chaude et ensoleill\u00e9e vous emm\u00e8nera dans les endroits les plus exotiques et les plages de sable blanc avec des notes de noix de coco cr\u00e9meuse m\u00e9lang\u00e9es \u00e0 de l&#8217;hibiscus luxuriant et du musc solaire. Notre lotion corporelle 24H avec de l&#8217;huile de karit\u00e9 hydratante instantan\u00e9ment + du beurre de karit\u00e9<span class=\"read-more-faq\"><a href=\"https:\/\/sakaba.mghosteur.com\/en\/product\/shea-better-24h-moisture-body-lotion-coconut-water\/\">Read More<\/a><\/span><\/p>","protected":false},"featured_media":0,"comment_status":"open","ping_status":"closed","template":"","meta":[],"product_brand":[851],"product_cat":[447,1061],"product_tag":[],"class_list":{"0":"post-33302","1":"product","2":"type-product","3":"status-publish","5":"product_brand-eos","6":"product_cat-aac-bain-et-corps","7":"product_cat-lait-huile_corporelle","9":"first","10":"instock","11":"shipping-taxable","12":"product-type-simple"},"jetpack-related-posts":[{"id":24862,"url":"https:\/\/sakaba.mghosteur.com\/en\/product\/eos-24-moisture-body-lotion\/","url_meta":{"origin":33302,"position":0},"title":"EOS 24 MOISTURE BODY LOTION","author":"admin","date":"November 11, 2022","format":false,"excerpt":"La lotion corporelle hydratante 24 heures Eos Shea Better contient de l'huile de karit\u00e9 hydratante instantan\u00e9e et du beurre de karit\u00e9 \u00e0 protection longue dur\u00e9e qui p\u00e9n\u00e8tre rapidement pour une hydratation de 24 heures. Dites bonjour \u00e0\u2026 une absorption rapide, une peau l\u00e9g\u00e8re et douce et du karit\u00e9 durable. Dites\u2026","rel":"","context":"Similar post","block_context":{"text":"Similar post","link":""},"img":{"alt_text":"","src":"","width":0,"height":0},"classes":[]},{"id":33157,"url":"https:\/\/sakaba.mghosteur.com\/en\/product\/eos-24-moisture-body-lotion-pomegranate-raspberry\/","url_meta":{"origin":33302,"position":1},"title":"EOS 24 MOISTURE BODY LOTION POMEGRANATE RASPBERRY","author":"admin","date":"May 20, 2024","format":false,"excerpt":"La lotion corporelle hydratante 24 heures Eos Shea Better contient de l'huile de karit\u00e9 hydratante instantan\u00e9e et du beurre de karit\u00e9 \u00e0 protection longue dur\u00e9e qui p\u00e9n\u00e8tre rapidement pour une hydratation de 24 heures. Dites bonjour \u00e0\u2026 une absorption rapide, une peau l\u00e9g\u00e8re et douce et du karit\u00e9 durable. Dites\u2026","rel":"","context":"Similar post","block_context":{"text":"Similar post","link":""},"img":{"alt_text":"","src":"","width":0,"height":0},"classes":[]},{"id":33305,"url":"https:\/\/sakaba.mghosteur.com\/en\/product\/shea-better-24h-moisture-body-lotion-fresh-cozy\/","url_meta":{"origin":33302,"position":2},"title":"EOS SHEA BETTER 24H MOISTURE BODY LOTION FRESH COZY","author":"admin","date":"May 20, 2024","format":false,"excerpt":"Lotion corporelle hydratante 24 heures avec de l'huile de karit\u00e9 hydratante instantan\u00e9e + une protection durable Le beurre de karit\u00e9 s'absorbe rapidement pour une hydratation luxueuse et soyeuse. Protection apaisante pour les peaux s\u00e8ches Fabriqu\u00e9 avec 7 huiles et beurres nourrissants Contient des ingr\u00e9dients issus de sources durables Sans parab\u00e8nes,\u2026","rel":"","context":"Similar post","block_context":{"text":"Similar post","link":""},"img":{"alt_text":"","src":"","width":0,"height":0},"classes":[]},{"id":33258,"url":"https:\/\/sakaba.mghosteur.com\/en\/product\/eos-she-better-24h-moisture-shave-cream-vanila-bliss\/","url_meta":{"origin":33302,"position":3},"title":"EOS SHE BETTER 24H MOISTURE SHAVE CREAM VANILA BLISS","author":"admin","date":"May 20, 2024","format":false,"excerpt":"Cette cr\u00e8me et lotion de rasage pour femmes EOS Vanilla Bliss, fra\u00eeche et cr\u00e9meuse, pr\u00e9sente des notes de gousse de vanille, de cr\u00e8me douce et de cassonade. Obtenez votre rasage le plus doux, le plus lisse (et le plus proche) de tous les temps. La lotion de rasage EOS est\u2026","rel":"","context":"Similar post","block_context":{"text":"Similar post","link":""},"img":{"alt_text":"","src":"","width":0,"height":0},"classes":[]},{"id":25567,"url":"https:\/\/sakaba.mghosteur.com\/en\/product\/dr-teals-coconut-oil-essential-oils\/","url_meta":{"origin":33302,"position":4},"title":"Dr Teal&#8217;s COCONUT OIL &amp; ESSENTIAL OILS","author":"admin","date":"November 14, 2022","format":false,"excerpt":"Lotion Corporelle Hydratante Les lotions hydratantes pour le corps du Dr Teal procurent une hydratation profonde \u00e0 la peau ainsi que tous les bienfaits de l'aromath\u00e9rapie pour l'esprit.\u00a0Un riche m\u00e9lange de beurre de cacao, de beurre de karit\u00e9 et de vitamine E est infus\u00e9 d'huiles essentielles comme la lavande et\u2026","rel":"","context":"Similar post","block_context":{"text":"Similar post","link":""},"img":{"alt_text":"","src":"","width":0,"height":0},"classes":[]},{"id":24138,"url":"https:\/\/sakaba.mghosteur.com\/en\/product\/jergens-enriching-shea-butter\/","url_meta":{"origin":33302,"position":5},"title":"JERGENS ENRICHING SHEA BUTTER","author":"admin","date":"November 9, 2022","format":false,"excerpt":"La lotion pour le corps et les mains enrichissante au beurre de karit\u00e9 de Jergens de Satin Skin est un hydratant en profondeur qui revitalise la peau terne et s\u00e8che. Sa formule l\u00e9g\u00e8rement parfum\u00e9e hydrate et renforce la brillance de la peau, la laissant 3 fois plus \u00e9clatante. Cette formule\u2026","rel":"","context":"Similar post","block_context":{"text":"Similar post","link":""},"img":{"alt_text":"","src":"","width":0,"height":0},"classes":[]}],"_links":{"self":[{"href":"https:\/\/sakaba.mghosteur.com\/en\/wp-json\/wp\/v2\/product\/33302","targetHints":{"allow":["GET"]}}],"collection":[{"href":"https:\/\/sakaba.mghosteur.com\/en\/wp-json\/wp\/v2\/product"}],"about":[{"href":"https:\/\/sakaba.mghosteur.com\/en\/wp-json\/wp\/v2\/types\/product"}],"replies":[{"embeddable":true,"href":"https:\/\/sakaba.mghosteur.com\/en\/wp-json\/wp\/v2\/comments?post=33302"}],"version-history":[{"count":0,"href":"https:\/\/sakaba.mghosteur.com\/en\/wp-json\/wp\/v2\/product\/33302\/revisions"}],"wp:attachment":[{"href":"https:\/\/sakaba.mghosteur.com\/en\/wp-json\/wp\/v2\/media?parent=33302"}],"wp:term":[{"taxonomy":"product_brand","embeddable":true,"href":"https:\/\/sakaba.mghosteur.com\/en\/wp-json\/wp\/v2\/product_brand?post=33302"},{"taxonomy":"product_cat","embeddable":true,"href":"https:\/\/sakaba.mghosteur.com\/en\/wp-json\/wp\/v2\/product_cat?post=33302"},{"taxonomy":"product_tag","embeddable":true,"href":"https:\/\/sakaba.mghosteur.com\/en\/wp-json\/wp\/v2\/product_tag?post=33302"}],"curies":[{"name":"wp","href":"https:\/\/api.w.org\/{rel}","templated":true}]}}