{"id":33364,"date":"2024-05-21T16:21:46","date_gmt":"2024-05-21T16:21:46","guid":{"rendered":"https:\/\/sakaba.mghosteur.com\/?post_type=product&#038;p=33364"},"modified":"2024-08-07T00:59:18","modified_gmt":"2024-08-07T00:59:18","slug":"biore-charcoal-deep-cleansing-pore-strips-normal-to-oily-skin-6-count","status":"publish","type":"product","link":"https:\/\/sakaba.mghosteur.com\/en\/product\/biore-charcoal-deep-cleansing-pore-strips-normal-to-oily-skin-6-count\/","title":{"rendered":"Biore Charcoal Deep Cleansing Pore Strips, Normal to Oily Skin, 6 Count"},"content":{"rendered":"<p>\u00c9liminez les points noirs et r\u00e9duisez visiblement la taille des pores avec la bande nettoyante en profondeur Bior\u00e9 Blackhead Reducing. Ces bandes nasales nettoyantes en profondeur ciblent les points noirs et d\u00e9bouchent les pores.<\/p>\n<p>Pratiques et faciles \u00e0 utiliser, ces bandes de pores peuvent \u00eatre utilis\u00e9es 1 fois par semaine pour un nettoyage en profondeur.<\/p>\n<p>D\u00c9BLOQUE LES PORES &#8211; d\u00e9bouche les pores pour purifier la peau.<\/p>","protected":false},"excerpt":{"rendered":"<p>\u00c9liminez les points noirs et r\u00e9duisez visiblement la taille des pores avec la bande nettoyante en profondeur Bior\u00e9 Blackhead Reducing. Ces bandes nasales nettoyantes en profondeur ciblent les points noirs et d\u00e9bouchent les pores. Pratiques et faciles \u00e0 utiliser, ces bandes de pores peuvent \u00eatre utilis\u00e9es 1 fois par semaine pour un nettoyage en profondeur.<span class=\"read-more-faq\"><a href=\"https:\/\/sakaba.mghosteur.com\/en\/product\/biore-charcoal-deep-cleansing-pore-strips-normal-to-oily-skin-6-count\/\">Read More<\/a><\/span><\/p>","protected":false},"featured_media":0,"comment_status":"open","ping_status":"closed","template":"","meta":[],"product_brand":[803],"product_cat":[294,349,384,451,334],"product_tag":[],"class_list":{"0":"post-33364","1":"product","2":"type-product","3":"status-publish","5":"product_brand-biore","6":"product_cat-acne","7":"product_cat-masque","8":"product_cat-peaux-grasses","9":"product_cat-aab-soin-du-visage","10":"product_cat-traitement-serum","12":"first","13":"instock","14":"shipping-taxable","15":"product-type-simple"},"jetpack-related-posts":[{"id":33367,"url":"https:\/\/sakaba.mghosteur.com\/en\/product\/biore-charcoal-face-wash\/","url_meta":{"origin":33364,"position":0},"title":"Biore Charcoal Face Wash","author":"admin","date":"May 21, 2024","format":false,"excerpt":"Le nettoyant au charbon Biore Deep Pore est un nettoyant anti-acn\u00e9 pour les peaux grasses. Il purifie les pores et nettoie la peau en profondeur. Gr\u00e2ce au charbon naturel, connu pour sa capacit\u00e9 \u00e0 extraire et \u00e0 pi\u00e9ger les impuret\u00e9s et \u00e0 sa technologie purifiante pour la peau, ce nettoyant\u2026","rel":"","context":"Similar post","block_context":{"text":"Similar post","link":""},"img":{"alt_text":"","src":"","width":0,"height":0},"classes":[]},{"id":33370,"url":"https:\/\/sakaba.mghosteur.com\/en\/product\/biore-charcoal-facial-cleanser-normal-to-oily-skin-1-salicylic-acid\/","url_meta":{"origin":33364,"position":1},"title":"Bior\u00e9 Charcoal Facial Cleanser, Normal to Oily Skin, 1% Salicylic Acid","author":"admin","date":"May 21, 2024","format":false,"excerpt":"Le nettoyant anti-acn\u00e9 au charbon de bois Biore pour peaux grasses nettoie en profondeur, p\u00e9n\u00e8tre les pores et absorbe l'exc\u00e8s de s\u00e9bum. Avec du charbon naturel, connu pour ses propri\u00e9t\u00e9s d'absorption de s\u00e9bum, ce nettoyant pour peaux grasses fonctionne avec de l'acide salicylique anti-acn\u00e9 et une technologie de purification de\u2026","rel":"","context":"Similar post","block_context":{"text":"Similar post","link":""},"img":{"alt_text":"","src":"","width":0,"height":0},"classes":[]},{"id":27546,"url":"https:\/\/sakaba.mghosteur.com\/en\/product\/biore-deep-pore-charcoal-cleanser\/","url_meta":{"origin":33364,"position":2},"title":"Bior\u00e9 deep pore charcoal cleanser","author":"admin","date":"November 29, 2022","format":false,"excerpt":"","rel":"","context":"Similar post","block_context":{"text":"Similar post","link":""},"img":{"alt_text":"","src":"","width":0,"height":0},"classes":[]},{"id":33373,"url":"https:\/\/sakaba.mghosteur.com\/en\/product\/biore-deep-pore-cleansing-charcoal-daily-face-wash-for-oily-skin\/","url_meta":{"origin":33364,"position":3},"title":"Biore Deep Pore Cleansing Charcoal Daily Face Wash, for Oily Skin","author":"admin","date":"May 21, 2024","format":false,"excerpt":"","rel":"","context":"Similar post","block_context":{"text":"Similar post","link":""},"img":{"alt_text":"","src":"","width":0,"height":0},"classes":[]},{"id":33358,"url":"https:\/\/sakaba.mghosteur.com\/en\/product\/biore-blu-agave-cleansinz-micellar-water\/","url_meta":{"origin":33364,"position":4},"title":"BIORE BLU AGAVE CLEANSINZ MICELLAR WATER","author":"admin","date":"May 21, 2024","format":false,"excerpt":"L'eau micellaire \u00e0 l'agave bleu de Biore est un d\u00e9maquillant et nettoyant con\u00e7u pour les peaux mixtes. Il \u00e9limine la salet\u00e9 et le s\u00e9bum des pores et \u00e9quilibre en douceur sans dess\u00e9cher la peau. Il est sans huile et peut \u00e9galement \u00eatre utilis\u00e9 comme tonique.","rel":"","context":"Similar post","block_context":{"text":"Similar post","link":""},"img":{"alt_text":"","src":"","width":0,"height":0},"classes":[]},{"id":31843,"url":"https:\/\/sakaba.mghosteur.com\/en\/product\/anua-heartleaf-quercetinol-pore-deep-cleansing-foam-150ml\/","url_meta":{"origin":33364,"position":5},"title":"ANUA HEARTLEAF QUERCETINOL PORE DEEP CLEANSING FOAM 150ML","author":"admin","date":"May 10, 2024","format":false,"excerpt":"Une mousse nettoyante formul\u00e9e avec de l'extrait de Heartleaf, con\u00e7ue pour nettoyer en profondeur les pores et exfolier en douceur les cellules mortes de la peau.","rel":"","context":"Similar post","block_context":{"text":"Similar post","link":""},"img":{"alt_text":"","src":"","width":0,"height":0},"classes":[]}],"_links":{"self":[{"href":"https:\/\/sakaba.mghosteur.com\/en\/wp-json\/wp\/v2\/product\/33364","targetHints":{"allow":["GET"]}}],"collection":[{"href":"https:\/\/sakaba.mghosteur.com\/en\/wp-json\/wp\/v2\/product"}],"about":[{"href":"https:\/\/sakaba.mghosteur.com\/en\/wp-json\/wp\/v2\/types\/product"}],"replies":[{"embeddable":true,"href":"https:\/\/sakaba.mghosteur.com\/en\/wp-json\/wp\/v2\/comments?post=33364"}],"version-history":[{"count":0,"href":"https:\/\/sakaba.mghosteur.com\/en\/wp-json\/wp\/v2\/product\/33364\/revisions"}],"wp:attachment":[{"href":"https:\/\/sakaba.mghosteur.com\/en\/wp-json\/wp\/v2\/media?parent=33364"}],"wp:term":[{"taxonomy":"product_brand","embeddable":true,"href":"https:\/\/sakaba.mghosteur.com\/en\/wp-json\/wp\/v2\/product_brand?post=33364"},{"taxonomy":"product_cat","embeddable":true,"href":"https:\/\/sakaba.mghosteur.com\/en\/wp-json\/wp\/v2\/product_cat?post=33364"},{"taxonomy":"product_tag","embeddable":true,"href":"https:\/\/sakaba.mghosteur.com\/en\/wp-json\/wp\/v2\/product_tag?post=33364"}],"curies":[{"name":"wp","href":"https:\/\/api.w.org\/{rel}","templated":true}]}}