{"id":33367,"date":"2024-05-21T16:22:35","date_gmt":"2024-05-21T16:22:35","guid":{"rendered":"https:\/\/sakaba.mghosteur.com\/?post_type=product&#038;p=33367"},"modified":"2024-08-07T01:01:19","modified_gmt":"2024-08-07T01:01:19","slug":"biore-charcoal-face-wash","status":"publish","type":"product","link":"https:\/\/sakaba.mghosteur.com\/en\/product\/biore-charcoal-face-wash\/","title":{"rendered":"Biore Charcoal Face Wash"},"content":{"rendered":"<p>Le nettoyant au charbon Biore Deep Pore est un nettoyant anti-acn\u00e9 pour les peaux grasses. Il purifie les pores et nettoie la peau en profondeur. Gr\u00e2ce au charbon naturel, connu pour sa capacit\u00e9 \u00e0 extraire et \u00e0 pi\u00e9ger les impuret\u00e9s et \u00e0 sa technologie purifiante pour la peau, ce nettoyant nettoie en profondeur 2 fois mieux qu&#8217;avec un nettoyant de base. Le nettoyant noir innovant mousse blanc et se rince proprement, laissant la peau rafra\u00eechie et douce comme un picotement.<\/p>","protected":false},"excerpt":{"rendered":"<p>Le nettoyant au charbon Biore Deep Pore est un nettoyant anti-acn\u00e9 pour les peaux grasses. Il purifie les pores et nettoie la peau en profondeur. Gr\u00e2ce au charbon naturel, connu pour sa capacit\u00e9 \u00e0 extraire et \u00e0 pi\u00e9ger les impuret\u00e9s et \u00e0 sa technologie purifiante pour la peau, ce nettoyant nettoie en profondeur 2 fois<span class=\"read-more-faq\"><a href=\"https:\/\/sakaba.mghosteur.com\/en\/product\/biore-charcoal-face-wash\/\">Read More<\/a><\/span><\/p>","protected":false},"featured_media":0,"comment_status":"open","ping_status":"closed","template":"","meta":[],"product_brand":[803],"product_cat":[294,324,384,451],"product_tag":[],"class_list":{"0":"post-33367","1":"product","2":"type-product","3":"status-publish","5":"product_brand-biore","6":"product_cat-acne","7":"product_cat-demaquillant-nettoyant","8":"product_cat-peaux-grasses","9":"product_cat-aab-soin-du-visage","11":"first","12":"instock","13":"shipping-taxable","14":"product-type-simple"},"jetpack-related-posts":[{"id":33370,"url":"https:\/\/sakaba.mghosteur.com\/en\/product\/biore-charcoal-facial-cleanser-normal-to-oily-skin-1-salicylic-acid\/","url_meta":{"origin":33367,"position":0},"title":"Bior\u00e9 Charcoal Facial Cleanser, Normal to Oily Skin, 1% Salicylic Acid","author":"admin","date":"May 21, 2024","format":false,"excerpt":"Le nettoyant anti-acn\u00e9 au charbon de bois Biore pour peaux grasses nettoie en profondeur, p\u00e9n\u00e8tre les pores et absorbe l'exc\u00e8s de s\u00e9bum. Avec du charbon naturel, connu pour ses propri\u00e9t\u00e9s d'absorption de s\u00e9bum, ce nettoyant pour peaux grasses fonctionne avec de l'acide salicylique anti-acn\u00e9 et une technologie de purification de\u2026","rel":"","context":"Similar post","block_context":{"text":"Similar post","link":""},"img":{"alt_text":"","src":"","width":0,"height":0},"classes":[]},{"id":33364,"url":"https:\/\/sakaba.mghosteur.com\/en\/product\/biore-charcoal-deep-cleansing-pore-strips-normal-to-oily-skin-6-count\/","url_meta":{"origin":33367,"position":1},"title":"Biore Charcoal Deep Cleansing Pore Strips, Normal to Oily Skin, 6 Count","author":"admin","date":"May 21, 2024","format":false,"excerpt":"\u00c9liminez les points noirs et r\u00e9duisez visiblement la taille des pores avec la bande nettoyante en profondeur Bior\u00e9 Blackhead Reducing. Ces bandes nasales nettoyantes en profondeur ciblent les points noirs et d\u00e9bouchent les pores. Pratiques et faciles \u00e0 utiliser, ces bandes de pores peuvent \u00eatre utilis\u00e9es 1 fois par semaine\u2026","rel":"","context":"Similar post","block_context":{"text":"Similar post","link":""},"img":{"alt_text":"","src":"","width":0,"height":0},"classes":[]},{"id":33350,"url":"https:\/\/sakaba.mghosteur.com\/en\/product\/25-count-biore-charcoal-micellar-makeup-removing-cloths\/","url_meta":{"origin":33367,"position":2},"title":"25 Count Biore Charcoal Micellar Makeup Removing Cloths","author":"admin","date":"May 21, 2024","format":false,"excerpt":"Lingettes d\u00e9maquillantes au charbon Bior\u00e9, avec eau micellaire nettoyante, d\u00e9maquillantes et d\u00e9graissantes sans rin\u00e7age, pour peaux grasses, 25 unit\u00e9s","rel":"","context":"Similar post","block_context":{"text":"Similar post","link":""},"img":{"alt_text":"","src":"","width":0,"height":0},"classes":[]},{"id":33336,"url":"https:\/\/sakaba.mghosteur.com\/en\/product\/biore-blue-baking-soda-10-oz\/","url_meta":{"origin":33367,"position":3},"title":"BIORE BLUE + BAKING SODA CLEANSING MICELLAR WATER 296ml","author":"admin","date":"May 21, 2024","format":false,"excerpt":"Enl\u00e8ve tout! L'eau micellaire nettoyante Bior\u00e9 Blue Agave & Baking Soda est un doux rafra\u00eechissement pour le visage tout-en-un qui \u00e9limine le maquillage, la salet\u00e9 et les impuret\u00e9s. Aucun rin\u00e7age requis\u00a0! Cette eau micellaire nettoyante douce \u00e9limine la salet\u00e9 et le maquillage en profondeur en une seule \u00e9tape. NETTOYANT DOUX\u2026","rel":"","context":"Similar post","block_context":{"text":"Similar post","link":""},"img":{"alt_text":"","src":"","width":0,"height":0},"classes":[]},{"id":33358,"url":"https:\/\/sakaba.mghosteur.com\/en\/product\/biore-blu-agave-cleansinz-micellar-water\/","url_meta":{"origin":33367,"position":4},"title":"BIORE BLU AGAVE CLEANSINZ MICELLAR WATER","author":"admin","date":"May 21, 2024","format":false,"excerpt":"L'eau micellaire \u00e0 l'agave bleu de Biore est un d\u00e9maquillant et nettoyant con\u00e7u pour les peaux mixtes. Il \u00e9limine la salet\u00e9 et le s\u00e9bum des pores et \u00e9quilibre en douceur sans dess\u00e9cher la peau. Il est sans huile et peut \u00e9galement \u00eatre utilis\u00e9 comme tonique.","rel":"","context":"Similar post","block_context":{"text":"Similar post","link":""},"img":{"alt_text":"","src":"","width":0,"height":0},"classes":[]},{"id":27226,"url":"https:\/\/sakaba.mghosteur.com\/en\/product\/the-ordinary-coffret-the-balance-set\/","url_meta":{"origin":33367,"position":5},"title":"THE ORDINARY COFFRET THE BALANCE SET","author":"admin","date":"November 29, 2022","format":false,"excerpt":"L'ensemble d'\u00e9quilibre de The Ordinary est un coffret de produits de soin de la peau con\u00e7u pour clarifier et \u00e9quilibrer votre peau. Il comprend quatre produits cl\u00e9s qui travaillent en tandem pour am\u00e9liorer l'apparence et la texture de votre peau. Le nettoyant d\u00e9maquillant hydratant au squalane est un nettoyant doux\u2026","rel":"","context":"Similar post","block_context":{"text":"Similar post","link":""},"img":{"alt_text":"","src":"","width":0,"height":0},"classes":[]}],"_links":{"self":[{"href":"https:\/\/sakaba.mghosteur.com\/en\/wp-json\/wp\/v2\/product\/33367","targetHints":{"allow":["GET"]}}],"collection":[{"href":"https:\/\/sakaba.mghosteur.com\/en\/wp-json\/wp\/v2\/product"}],"about":[{"href":"https:\/\/sakaba.mghosteur.com\/en\/wp-json\/wp\/v2\/types\/product"}],"replies":[{"embeddable":true,"href":"https:\/\/sakaba.mghosteur.com\/en\/wp-json\/wp\/v2\/comments?post=33367"}],"version-history":[{"count":0,"href":"https:\/\/sakaba.mghosteur.com\/en\/wp-json\/wp\/v2\/product\/33367\/revisions"}],"wp:attachment":[{"href":"https:\/\/sakaba.mghosteur.com\/en\/wp-json\/wp\/v2\/media?parent=33367"}],"wp:term":[{"taxonomy":"product_brand","embeddable":true,"href":"https:\/\/sakaba.mghosteur.com\/en\/wp-json\/wp\/v2\/product_brand?post=33367"},{"taxonomy":"product_cat","embeddable":true,"href":"https:\/\/sakaba.mghosteur.com\/en\/wp-json\/wp\/v2\/product_cat?post=33367"},{"taxonomy":"product_tag","embeddable":true,"href":"https:\/\/sakaba.mghosteur.com\/en\/wp-json\/wp\/v2\/product_tag?post=33367"}],"curies":[{"name":"wp","href":"https:\/\/api.w.org\/{rel}","templated":true}]}}