{"id":33370,"date":"2024-05-21T16:23:23","date_gmt":"2024-05-21T16:23:23","guid":{"rendered":"https:\/\/sakaba.mghosteur.com\/?post_type=product&#038;p=33370"},"modified":"2024-08-07T01:03:33","modified_gmt":"2024-08-07T01:03:33","slug":"biore-charcoal-facial-cleanser-normal-to-oily-skin-1-salicylic-acid","status":"publish","type":"product","link":"https:\/\/sakaba.mghosteur.com\/en\/product\/biore-charcoal-facial-cleanser-normal-to-oily-skin-1-salicylic-acid\/","title":{"rendered":"Bior\u00e9 Charcoal Facial Cleanser, Normal to Oily Skin, 1% Salicylic Acid"},"content":{"rendered":"<p>Le nettoyant anti-acn\u00e9 au charbon de bois Biore pour peaux grasses nettoie en profondeur, p\u00e9n\u00e8tre les pores et absorbe l&#8217;exc\u00e8s de s\u00e9bum. Avec du charbon naturel, connu pour ses propri\u00e9t\u00e9s d&#8217;absorption de s\u00e9bum, ce nettoyant pour peaux grasses fonctionne avec de l&#8217;acide salicylique anti-acn\u00e9 et une technologie de purification de la peau pour traiter l&#8217;acn\u00e9 existante et aider \u00e0 pr\u00e9venir les futures pouss\u00e9es en nettoyant en profondeur vos pores.<\/p>","protected":false},"excerpt":{"rendered":"<p>Le nettoyant anti-acn\u00e9 au charbon de bois Biore pour peaux grasses nettoie en profondeur, p\u00e9n\u00e8tre les pores et absorbe l&#8217;exc\u00e8s de s\u00e9bum. Avec du charbon naturel, connu pour ses propri\u00e9t\u00e9s d&#8217;absorption de s\u00e9bum, ce nettoyant pour peaux grasses fonctionne avec de l&#8217;acide salicylique anti-acn\u00e9 et une technologie de purification de la peau pour traiter l&#8217;acn\u00e9<span class=\"read-more-faq\"><a href=\"https:\/\/sakaba.mghosteur.com\/en\/product\/biore-charcoal-facial-cleanser-normal-to-oily-skin-1-salicylic-acid\/\">Read More<\/a><\/span><\/p>","protected":false},"featured_media":0,"comment_status":"open","ping_status":"closed","template":"","meta":[],"product_brand":[803],"product_cat":[294,324,384,451],"product_tag":[],"class_list":{"0":"post-33370","1":"product","2":"type-product","3":"status-publish","5":"product_brand-biore","6":"product_cat-acne","7":"product_cat-demaquillant-nettoyant","8":"product_cat-peaux-grasses","9":"product_cat-aab-soin-du-visage","11":"first","12":"instock","13":"shipping-taxable","14":"product-type-simple"},"jetpack-related-posts":[{"id":33367,"url":"https:\/\/sakaba.mghosteur.com\/en\/product\/biore-charcoal-face-wash\/","url_meta":{"origin":33370,"position":0},"title":"Biore Charcoal Face Wash","author":"admin","date":"May 21, 2024","format":false,"excerpt":"Le nettoyant au charbon Biore Deep Pore est un nettoyant anti-acn\u00e9 pour les peaux grasses. Il purifie les pores et nettoie la peau en profondeur. Gr\u00e2ce au charbon naturel, connu pour sa capacit\u00e9 \u00e0 extraire et \u00e0 pi\u00e9ger les impuret\u00e9s et \u00e0 sa technologie purifiante pour la peau, ce nettoyant\u2026","rel":"","context":"Similar post","block_context":{"text":"Similar post","link":""},"img":{"alt_text":"","src":"","width":0,"height":0},"classes":[]},{"id":33364,"url":"https:\/\/sakaba.mghosteur.com\/en\/product\/biore-charcoal-deep-cleansing-pore-strips-normal-to-oily-skin-6-count\/","url_meta":{"origin":33370,"position":1},"title":"Biore Charcoal Deep Cleansing Pore Strips, Normal to Oily Skin, 6 Count","author":"admin","date":"May 21, 2024","format":false,"excerpt":"\u00c9liminez les points noirs et r\u00e9duisez visiblement la taille des pores avec la bande nettoyante en profondeur Bior\u00e9 Blackhead Reducing. Ces bandes nasales nettoyantes en profondeur ciblent les points noirs et d\u00e9bouchent les pores. Pratiques et faciles \u00e0 utiliser, ces bandes de pores peuvent \u00eatre utilis\u00e9es 1 fois par semaine\u2026","rel":"","context":"Similar post","block_context":{"text":"Similar post","link":""},"img":{"alt_text":"","src":"","width":0,"height":0},"classes":[]},{"id":29153,"url":"https:\/\/sakaba.mghosteur.com\/en\/product\/the-inkey-list-hyaluronic-acid-100-ml\/","url_meta":{"origin":33370,"position":2},"title":"THE INKEY LIST HYALURONIC ACID 100 ML","author":"admin","date":"March 15, 2023","format":false,"excerpt":"La solution contre l'acn\u00e9 de la marque The Inkey List est un nettoyant hydratant en profondeur sp\u00e9cialement formul\u00e9 pour une peau douce, lisse et saine. Ce produit a \u00e9t\u00e9 test\u00e9 dermatologiquement pour offrir une efficacit\u00e9 optimale contre l'acn\u00e9. La formule l\u00e9g\u00e8rement moussante du nettoyant est enrichie en acide hyaluronique pour\u2026","rel":"","context":"Similar post","block_context":{"text":"Similar post","link":""},"img":{"alt_text":"","src":"","width":0,"height":0},"classes":[]},{"id":23918,"url":"https:\/\/sakaba.mghosteur.com\/en\/product\/cerave-acne-control-cleanser\/","url_meta":{"origin":33370,"position":3},"title":"CERAVE ACNE CONTROL CLEANSER","author":"admin","date":"November 9, 2022","format":false,"excerpt":"Le nettoyant anti-acn\u00e9 de CeraVe est un gel nettoyant pour le visage sp\u00e9cialement con\u00e7u pour les peaux sujettes \u00e0 l'acn\u00e9. Il contient 2% d'acide salicylique, qui aide \u00e0 traiter l'acn\u00e9 existante et \u00e0 pr\u00e9venir de nouvelles \u00e9ruptions en p\u00e9n\u00e9trant les pores de la peau. En outre, l'argile hectorite aide \u00e0\u2026","rel":"","context":"Similar post","block_context":{"text":"Similar post","link":""},"img":{"alt_text":"","src":"","width":0,"height":0},"classes":[]},{"id":24284,"url":"https:\/\/sakaba.mghosteur.com\/en\/product\/neutrogena-oil-free-acne-wash\/","url_meta":{"origin":33370,"position":4},"title":"NEUTROGENA OIL FREE ACNE WASH","author":"admin","date":"November 9, 2022","format":false,"excerpt":"D\u00e9couvrez le nettoyant anti-acn\u00e9 sans huile de la marque Neutrogena, sp\u00e9cialement con\u00e7u pour \u00e9liminer les impuret\u00e9s de votre peau en seulement une semaine. Ce nettoyant pour le visage au pamplemousse rose contient de l'extrait de pamplemousse d'origine naturelle et de la vitamine C, pour une action douce mais efficace. Gr\u00e2ce\u2026","rel":"","context":"Similar post","block_context":{"text":"Similar post","link":""},"img":{"alt_text":"","src":"","width":0,"height":0},"classes":[]},{"id":31934,"url":"https:\/\/sakaba.mghosteur.com\/en\/product\/cerave-acne-control-cleanser-473ml\/","url_meta":{"origin":33370,"position":5},"title":"CERAVE ACNE CONTROL CLEANSER 473ML","author":"admin","date":"May 13, 2024","format":false,"excerpt":"Le nettoyant visage anti-acn\u00e9 de CeraVe est formul\u00e9 avec 2 % d'acide salicylique pour \u00e9liminer l'acn\u00e9 et r\u00e9duire les points noirs. L'argile purifiante aide \u00e0 am\u00e9liorer l'apparence des pores gr\u00e2ce \u00e0 une technologie d'absorption d'huile. Dans une texture gel-mousse rafra\u00eechissante, ce traitement contre l'acn\u00e9 nettoie la peau et cible les\u2026","rel":"","context":"Similar post","block_context":{"text":"Similar post","link":""},"img":{"alt_text":"","src":"","width":0,"height":0},"classes":[]}],"_links":{"self":[{"href":"https:\/\/sakaba.mghosteur.com\/en\/wp-json\/wp\/v2\/product\/33370","targetHints":{"allow":["GET"]}}],"collection":[{"href":"https:\/\/sakaba.mghosteur.com\/en\/wp-json\/wp\/v2\/product"}],"about":[{"href":"https:\/\/sakaba.mghosteur.com\/en\/wp-json\/wp\/v2\/types\/product"}],"replies":[{"embeddable":true,"href":"https:\/\/sakaba.mghosteur.com\/en\/wp-json\/wp\/v2\/comments?post=33370"}],"version-history":[{"count":0,"href":"https:\/\/sakaba.mghosteur.com\/en\/wp-json\/wp\/v2\/product\/33370\/revisions"}],"wp:attachment":[{"href":"https:\/\/sakaba.mghosteur.com\/en\/wp-json\/wp\/v2\/media?parent=33370"}],"wp:term":[{"taxonomy":"product_brand","embeddable":true,"href":"https:\/\/sakaba.mghosteur.com\/en\/wp-json\/wp\/v2\/product_brand?post=33370"},{"taxonomy":"product_cat","embeddable":true,"href":"https:\/\/sakaba.mghosteur.com\/en\/wp-json\/wp\/v2\/product_cat?post=33370"},{"taxonomy":"product_tag","embeddable":true,"href":"https:\/\/sakaba.mghosteur.com\/en\/wp-json\/wp\/v2\/product_tag?post=33370"}],"curies":[{"name":"wp","href":"https:\/\/api.w.org\/{rel}","templated":true}]}}