{"id":33376,"date":"2024-05-21T16:25:07","date_gmt":"2024-05-21T16:25:07","guid":{"rendered":"https:\/\/sakaba.mghosteur.com\/?post_type=product&#038;p=33376"},"modified":"2024-09-01T03:40:44","modified_gmt":"2024-09-01T03:40:44","slug":"harry-s-1x-razor-handle-2x-5-blade-cartridges","status":"publish","type":"product","link":"https:\/\/sakaba.mghosteur.com\/en\/product\/harry-s-1x-razor-handle-2x-5-blade-cartridges\/","title":{"rendered":"HARRY S 1X RAZOR HANDLE 2X 5 BLADE CARTRIDGES"},"content":{"rendered":"","protected":false},"excerpt":{"rendered":"","protected":false},"featured_media":0,"comment_status":"open","ping_status":"closed","template":"","meta":[],"product_brand":[874],"product_cat":[288,370],"product_tag":[],"class_list":{"0":"post-33376","1":"product","2":"type-product","3":"status-publish","5":"product_brand-harrys","6":"product_cat-aaf-homme","7":"product_cat-rasage","9":"first","10":"instock","11":"shipping-taxable","12":"product-type-simple"},"jetpack-related-posts":[{"id":28347,"url":"https:\/\/sakaba.mghosteur.com\/en\/product\/harry-s-bar-soap\/","url_meta":{"origin":33376,"position":0},"title":"HARRY S BAR SOAP","author":"admin","date":"November 30, 2022","format":false,"excerpt":"","rel":"","context":"Similar post","block_context":{"text":"Similar post","link":""},"img":{"alt_text":"","src":"","width":0,"height":0},"classes":[]},{"id":28334,"url":"https:\/\/sakaba.mghosteur.com\/en\/product\/harry-s-body-wash\/","url_meta":{"origin":33376,"position":1},"title":"HARRY S BODY WASH","author":"admin","date":"November 30, 2022","format":false,"excerpt":"","rel":"","context":"Similar post","block_context":{"text":"Similar post","link":""},"img":{"alt_text":"","src":"","width":0,"height":0},"classes":[]},{"id":28339,"url":"https:\/\/sakaba.mghosteur.com\/en\/product\/harry-s-foaming-shave-gel\/","url_meta":{"origin":33376,"position":2},"title":"HARRY S FOAMING SHAVE GEL","author":"admin","date":"November 30, 2022","format":false,"excerpt":"","rel":"","context":"Similar post","block_context":{"text":"Similar post","link":""},"img":{"alt_text":"","src":"","width":0,"height":0},"classes":[]},{"id":28343,"url":"https:\/\/sakaba.mghosteur.com\/en\/product\/harry-s-exfoliating-face-wash\/","url_meta":{"origin":33376,"position":3},"title":"HARRY S EXFOLIATING FACE WASH","author":"admin","date":"November 30, 2022","format":false,"excerpt":"","rel":"","context":"Similar post","block_context":{"text":"Similar post","link":""},"img":{"alt_text":"","src":"","width":0,"height":0},"classes":[]},{"id":28352,"url":"https:\/\/sakaba.mghosteur.com\/en\/product\/harry-s-daily-face-lotion\/","url_meta":{"origin":33376,"position":4},"title":"HARRY S DAILY FACE LOTION","author":"admin","date":"November 30, 2022","format":false,"excerpt":"","rel":"","context":"Similar post","block_context":{"text":"Similar post","link":""},"img":{"alt_text":"","src":"","width":0,"height":0},"classes":[]},{"id":31836,"url":"https:\/\/sakaba.mghosteur.com\/en\/product\/olay-tone-serum-max-b3-2x-viamin-c\/","url_meta":{"origin":33376,"position":5},"title":"OLAY TONE SERUM MAX B3+ 2X VIAMIN C","author":"admin","date":"May 10, 2024","format":false,"excerpt":"Lib\u00e9rez votre \u00e9clat int\u00e9rieur avec le s\u00e9rum tonifiant Regenerist MAX d'OLAY, formul\u00e9 avec 2 fois plus de vitamine C. Ce s\u00e9rum l\u00e9ger p\u00e9n\u00e8tre la surface de votre peau pour att\u00e9nuer visiblement les taches et uniformiser l'apparence du teint. \u00c9labor\u00e9e avec une concentration maximale de complexe \u00e9nergisant pour la peau avec\u2026","rel":"","context":"Similar post","block_context":{"text":"Similar post","link":""},"img":{"alt_text":"","src":"","width":0,"height":0},"classes":[]}],"_links":{"self":[{"href":"https:\/\/sakaba.mghosteur.com\/en\/wp-json\/wp\/v2\/product\/33376","targetHints":{"allow":["GET"]}}],"collection":[{"href":"https:\/\/sakaba.mghosteur.com\/en\/wp-json\/wp\/v2\/product"}],"about":[{"href":"https:\/\/sakaba.mghosteur.com\/en\/wp-json\/wp\/v2\/types\/product"}],"replies":[{"embeddable":true,"href":"https:\/\/sakaba.mghosteur.com\/en\/wp-json\/wp\/v2\/comments?post=33376"}],"version-history":[{"count":0,"href":"https:\/\/sakaba.mghosteur.com\/en\/wp-json\/wp\/v2\/product\/33376\/revisions"}],"wp:attachment":[{"href":"https:\/\/sakaba.mghosteur.com\/en\/wp-json\/wp\/v2\/media?parent=33376"}],"wp:term":[{"taxonomy":"product_brand","embeddable":true,"href":"https:\/\/sakaba.mghosteur.com\/en\/wp-json\/wp\/v2\/product_brand?post=33376"},{"taxonomy":"product_cat","embeddable":true,"href":"https:\/\/sakaba.mghosteur.com\/en\/wp-json\/wp\/v2\/product_cat?post=33376"},{"taxonomy":"product_tag","embeddable":true,"href":"https:\/\/sakaba.mghosteur.com\/en\/wp-json\/wp\/v2\/product_tag?post=33376"}],"curies":[{"name":"wp","href":"https:\/\/api.w.org\/{rel}","templated":true}]}}