{"id":33457,"date":"2024-05-21T17:20:57","date_gmt":"2024-05-21T17:20:57","guid":{"rendered":"https:\/\/sakaba.mghosteur.com\/?post_type=product&#038;p=33457"},"modified":"2024-08-08T13:13:41","modified_gmt":"2024-08-08T13:13:41","slug":"mac-studio-fix-fluid-spf-15-nc-50","status":"publish","type":"product","link":"https:\/\/sakaba.mghosteur.com\/en\/product\/mac-studio-fix-fluid-spf-15-nc-50\/","title":{"rendered":"MAC STUDIO FIX FLUID SPF 15 NC 50"},"content":{"rendered":"","protected":false},"excerpt":{"rendered":"","protected":false},"featured_media":0,"comment_status":"open","ping_status":"closed","template":"","meta":[],"product_brand":[909],"product_cat":[289,311],"product_tag":[],"class_list":{"0":"post-33457","1":"product","2":"type-product","3":"status-publish","5":"product_brand-mac","6":"product_cat-aaa-maquillage","7":"product_cat-teint","9":"first","10":"instock","11":"shipping-taxable","12":"product-type-simple"},"jetpack-related-posts":[{"id":22887,"url":"https:\/\/sakaba.mghosteur.com\/en\/product\/mac-studio-fix-fluid-spf-15\/","url_meta":{"origin":33457,"position":0},"title":"MAC Studio Fix Fluid SPF 15","author":"admin","date":"October 24, 2022","format":false,"excerpt":"","rel":"","context":"Similar post","block_context":{"text":"Similar post","link":""},"img":{"alt_text":"","src":"","width":0,"height":0},"classes":[]},{"id":32597,"url":"https:\/\/sakaba.mghosteur.com\/en\/product\/mac-studio-fix-powder-plus-foundation-nw-55\/","url_meta":{"origin":33457,"position":1},"title":"MAC Studio Fix Powder Plus Foundation NW 55","author":"admin","date":"May 15, 2024","format":false,"excerpt":"","rel":"","context":"Similar post","block_context":{"text":"Similar post","link":""},"img":{"alt_text":"","src":"","width":0,"height":0},"classes":[]},{"id":22854,"url":"https:\/\/sakaba.mghosteur.com\/en\/product\/mac-studio-fix-powder-plus-foundation\/","url_meta":{"origin":33457,"position":2},"title":"MAC Studio Fix Powder Plus Foundation","author":"admin","date":"October 24, 2022","format":false,"excerpt":"","rel":"","context":"Similar post","block_context":{"text":"Similar post","link":""},"img":{"alt_text":"","src":"","width":0,"height":0},"classes":[]},{"id":25302,"url":"https:\/\/sakaba.mghosteur.com\/en\/product\/eucerin-pigment-control-50\/","url_meta":{"origin":33457,"position":3},"title":"EUCERIN PIGMENT CONTROL 50+","author":"admin","date":"November 14, 2022","format":false,"excerpt":"Eucerin Sun Fluid Pigment Control SPF 50+ est un \u00e9cran solaire pour le visage, \u00e0 la texture l\u00e9g\u00e8re, adapt\u00e9 \u00e0 tous les types de peau, y compris tous les types de peau sensibles. Ce protecteur neutralise les radicaux libres caus\u00e9s par les rayons UV et la lumi\u00e8re HEVIS, tout en\u2026","rel":"","context":"Similar post","block_context":{"text":"Similar post","link":""},"img":{"alt_text":"","src":"","width":0,"height":0},"classes":[]},{"id":29273,"url":"https:\/\/sakaba.mghosteur.com\/en\/product\/sheer-mineral-sunscreen-spf-30\/","url_meta":{"origin":33457,"position":4},"title":"SHEER MINERAL SUNSCREEN SPF 30","author":"admin","date":"March 22, 2023","format":false,"excerpt":"D\u00e9couvrez l'\u00e9cran solaire min\u00e9ral transparent SPF 30 de Good Molecules, con\u00e7u pour prot\u00e9ger votre peau des rayons UV nocifs tout en la nourrissant avec des ingr\u00e9dients hydratants et antioxydants. Sa formule l\u00e9g\u00e8re est absorb\u00e9e rapidement et ne laisse aucun r\u00e9sidu gras, convient \u00e0 tous les types de peau et est\u2026","rel":"","context":"Similar post","block_context":{"text":"Similar post","link":""},"img":{"alt_text":"","src":"","width":0,"height":0},"classes":[]},{"id":25339,"url":"https:\/\/sakaba.mghosteur.com\/en\/product\/glow-recipe-broad-spectrum-spf-50-lotion\/","url_meta":{"origin":33457,"position":5},"title":"GLOW RECIPE BROAD SPECTRUM SPF 50 LOTION","author":"admin","date":"November 14, 2022","format":false,"excerpt":"","rel":"","context":"Similar post","block_context":{"text":"Similar post","link":""},"img":{"alt_text":"","src":"","width":0,"height":0},"classes":[]}],"_links":{"self":[{"href":"https:\/\/sakaba.mghosteur.com\/en\/wp-json\/wp\/v2\/product\/33457","targetHints":{"allow":["GET"]}}],"collection":[{"href":"https:\/\/sakaba.mghosteur.com\/en\/wp-json\/wp\/v2\/product"}],"about":[{"href":"https:\/\/sakaba.mghosteur.com\/en\/wp-json\/wp\/v2\/types\/product"}],"replies":[{"embeddable":true,"href":"https:\/\/sakaba.mghosteur.com\/en\/wp-json\/wp\/v2\/comments?post=33457"}],"version-history":[{"count":0,"href":"https:\/\/sakaba.mghosteur.com\/en\/wp-json\/wp\/v2\/product\/33457\/revisions"}],"wp:attachment":[{"href":"https:\/\/sakaba.mghosteur.com\/en\/wp-json\/wp\/v2\/media?parent=33457"}],"wp:term":[{"taxonomy":"product_brand","embeddable":true,"href":"https:\/\/sakaba.mghosteur.com\/en\/wp-json\/wp\/v2\/product_brand?post=33457"},{"taxonomy":"product_cat","embeddable":true,"href":"https:\/\/sakaba.mghosteur.com\/en\/wp-json\/wp\/v2\/product_cat?post=33457"},{"taxonomy":"product_tag","embeddable":true,"href":"https:\/\/sakaba.mghosteur.com\/en\/wp-json\/wp\/v2\/product_tag?post=33457"}],"curies":[{"name":"wp","href":"https:\/\/api.w.org\/{rel}","templated":true}]}}