{"id":33466,"date":"2024-05-21T17:42:29","date_gmt":"2024-05-21T17:42:29","guid":{"rendered":"https:\/\/sakaba.mghosteur.com\/?post_type=product&#038;p=33466"},"modified":"2024-08-07T18:55:31","modified_gmt":"2024-08-07T18:55:31","slug":"clairol-professional-jazzing-50","status":"publish","type":"product","link":"https:\/\/sakaba.mghosteur.com\/en\/product\/clairol-professional-jazzing-50\/","title":{"rendered":"Clairol Professional Jazzing 50"},"content":{"rendered":"<p>Clairol Professional Jazzing 50 est une coloration capillaire semi-permanente qui peut \u00eatre utilis\u00e9e imm\u00e9diatement apr\u00e8s un service de d\u00e9frisage. Elle ne contient pas d&#8217;ammoniaque et offre une couleur riche et brillante.<\/p>\n<p>Couleur: Fuschia<\/p>","protected":false},"excerpt":{"rendered":"<p>Clairol Professional Jazzing 50 est une coloration capillaire semi-permanente qui peut \u00eatre utilis\u00e9e imm\u00e9diatement apr\u00e8s un service de d\u00e9frisage. Elle ne contient pas d&#8217;ammoniaque et offre une couleur riche et brillante. Couleur: Fuschia<\/p>","protected":false},"featured_media":0,"comment_status":"open","ping_status":"closed","template":"","meta":[],"product_brand":[819],"product_cat":[284,343],"product_tag":[],"class_list":{"0":"post-33466","1":"product","2":"type-product","3":"status-publish","5":"product_brand-clairol","6":"product_cat-aad-cheveux","7":"product_cat-coloration-cheveux","9":"first","10":"instock","11":"shipping-taxable","12":"product-type-simple"},"jetpack-related-posts":[{"id":33460,"url":"https:\/\/sakaba.mghosteur.com\/en\/product\/clairol-professional-jazzing-30\/","url_meta":{"origin":33466,"position":0},"title":"Clairol Professional Jazzing 30","author":"admin","date":"May 21, 2024","format":false,"excerpt":"Clairol Professional Jazzing 30 est une coloration capillaire semi-permanente qui peut \u00eatre utilis\u00e9e sur des cheveux color\u00e9s, permanent\u00e9s ou d\u00e9fris\u00e9s. Elle peut \u00eatre utilis\u00e9e pour des r\u00e9sultats temporaires ou semi-permanents. La couleur peut \u00eatre rinc\u00e9e au bout d'un mois ou deux. Couleur: Cognac \u00e9pic\u00e9","rel":"","context":"Similar post","block_context":{"text":"Similar post","link":""},"img":{"alt_text":"","src":"","width":0,"height":0},"classes":[]},{"id":33463,"url":"https:\/\/sakaba.mghosteur.com\/en\/product\/clairol-professional-jazzing-40\/","url_meta":{"origin":33466,"position":1},"title":"Clairol Professional Jazzing 40","author":"admin","date":"May 21, 2024","format":false,"excerpt":"Clairol Professional Jazzing 40 est une coloration capillaire semi-permanente qui peut \u00eatre utilis\u00e9e sur des cheveux color\u00e9s, permanent\u00e9s ou d\u00e9fris\u00e9s. Elle peut \u00eatre utilis\u00e9e pour des r\u00e9sultats temporaires ou semi-permanents. La couleur peut \u00eatre rinc\u00e9e au bout d'un mois ou deux. Couleur: rouge chaud","rel":"","context":"Similar post","block_context":{"text":"Similar post","link":""},"img":{"alt_text":"","src":"","width":0,"height":0},"classes":[]},{"id":23883,"url":"https:\/\/sakaba.mghosteur.com\/en\/product\/clairol-professional-jazzing-80\/","url_meta":{"origin":33466,"position":2},"title":"Clairol Professional Jazzing 80","author":"admin","date":"November 9, 2022","format":false,"excerpt":"","rel":"","context":"Similar post","block_context":{"text":"Similar post","link":""},"img":{"alt_text":"","src":"","width":0,"height":0},"classes":[]},{"id":33469,"url":"https:\/\/sakaba.mghosteur.com\/en\/product\/clairol-professional-moisturising-color-b09w\/","url_meta":{"origin":33466,"position":3},"title":"Clairol Professional Moisturising Color B09W","author":"admin","date":"May 21, 2024","format":false,"excerpt":"Clairol Professional Moisturizing Color B09W est une coloration semi-permanente brun rouge\u00e2tre clair enrichie en aloe vera, jojoba et vitamine E pour des r\u00e9sultats revitalisants en profondeur et durables et une r\u00e9sistance \u00e0 la d\u00e9coloration. Elle convient \u00e0 toutes les textures de cheveux et est id\u00e9ale pour les cheveux boucl\u00e9s et\u2026","rel":"","context":"Similar post","block_context":{"text":"Similar post","link":""},"img":{"alt_text":"","src":"","width":0,"height":0},"classes":[]},{"id":23885,"url":"https:\/\/sakaba.mghosteur.com\/en\/product\/clairol-professional-moisturising-color-b15w\/","url_meta":{"origin":33466,"position":4},"title":"Clairol Professional Moisturising Color B15W","author":"admin","date":"November 9, 2022","format":false,"excerpt":"","rel":"","context":"Similar post","block_context":{"text":"Similar post","link":""},"img":{"alt_text":"","src":"","width":0,"height":0},"classes":[]},{"id":25790,"url":"https:\/\/sakaba.mghosteur.com\/en\/product\/clairol-professional-bw-2-powder-lightener-pot\/","url_meta":{"origin":33466,"position":5},"title":"Clairol Professional BW 2 Powder Lightener pot","author":"admin","date":"November 22, 2022","format":false,"excerpt":"","rel":"","context":"Similar post","block_context":{"text":"Similar post","link":""},"img":{"alt_text":"","src":"","width":0,"height":0},"classes":[]}],"_links":{"self":[{"href":"https:\/\/sakaba.mghosteur.com\/en\/wp-json\/wp\/v2\/product\/33466","targetHints":{"allow":["GET"]}}],"collection":[{"href":"https:\/\/sakaba.mghosteur.com\/en\/wp-json\/wp\/v2\/product"}],"about":[{"href":"https:\/\/sakaba.mghosteur.com\/en\/wp-json\/wp\/v2\/types\/product"}],"replies":[{"embeddable":true,"href":"https:\/\/sakaba.mghosteur.com\/en\/wp-json\/wp\/v2\/comments?post=33466"}],"version-history":[{"count":0,"href":"https:\/\/sakaba.mghosteur.com\/en\/wp-json\/wp\/v2\/product\/33466\/revisions"}],"wp:attachment":[{"href":"https:\/\/sakaba.mghosteur.com\/en\/wp-json\/wp\/v2\/media?parent=33466"}],"wp:term":[{"taxonomy":"product_brand","embeddable":true,"href":"https:\/\/sakaba.mghosteur.com\/en\/wp-json\/wp\/v2\/product_brand?post=33466"},{"taxonomy":"product_cat","embeddable":true,"href":"https:\/\/sakaba.mghosteur.com\/en\/wp-json\/wp\/v2\/product_cat?post=33466"},{"taxonomy":"product_tag","embeddable":true,"href":"https:\/\/sakaba.mghosteur.com\/en\/wp-json\/wp\/v2\/product_tag?post=33466"}],"curies":[{"name":"wp","href":"https:\/\/api.w.org\/{rel}","templated":true}]}}