{"id":33469,"date":"2024-05-21T17:43:16","date_gmt":"2024-05-21T17:43:16","guid":{"rendered":"https:\/\/sakaba.mghosteur.com\/?post_type=product&#038;p=33469"},"modified":"2024-08-07T18:56:47","modified_gmt":"2024-08-07T18:56:47","slug":"clairol-professional-moisturising-color-b09w","status":"publish","type":"product","link":"https:\/\/sakaba.mghosteur.com\/en\/product\/clairol-professional-moisturising-color-b09w\/","title":{"rendered":"Clairol Professional Moisturising Color B09W"},"content":{"rendered":"<p>Clairol Professional Moisturizing Color B09W est une coloration semi-permanente brun rouge\u00e2tre clair enrichie en aloe vera, jojoba et vitamine E pour des r\u00e9sultats revitalisants en profondeur et durables et une r\u00e9sistance \u00e0 la d\u00e9coloration. Elle convient \u00e0 toutes les textures de cheveux et est id\u00e9ale pour les cheveux boucl\u00e9s et cr\u00e9pus. Elle peut rehausser la couleur naturelle et rafra\u00eechir les cheveux color\u00e9s, et offre une couverture intense des cheveux gris jusqu&#8217;\u00e0 50 %.<\/p>","protected":false},"excerpt":{"rendered":"<p>Clairol Professional Moisturizing Color B09W est une coloration semi-permanente brun rouge\u00e2tre clair enrichie en aloe vera, jojoba et vitamine E pour des r\u00e9sultats revitalisants en profondeur et durables et une r\u00e9sistance \u00e0 la d\u00e9coloration. Elle convient \u00e0 toutes les textures de cheveux et est id\u00e9ale pour les cheveux boucl\u00e9s et cr\u00e9pus. Elle peut rehausser la<span class=\"read-more-faq\"><a href=\"https:\/\/sakaba.mghosteur.com\/en\/product\/clairol-professional-moisturising-color-b09w\/\">Read More<\/a><\/span><\/p>","protected":false},"featured_media":0,"comment_status":"open","ping_status":"closed","template":"","meta":[],"product_brand":[819],"product_cat":[284,343],"product_tag":[],"class_list":{"0":"post-33469","1":"product","2":"type-product","3":"status-publish","5":"product_brand-clairol","6":"product_cat-aad-cheveux","7":"product_cat-coloration-cheveux","9":"first","10":"instock","11":"shipping-taxable","12":"product-type-simple"},"jetpack-related-posts":[{"id":33472,"url":"https:\/\/sakaba.mghosteur.com\/en\/product\/clairol-professional-moisturising-color-b14w\/","url_meta":{"origin":33469,"position":0},"title":"Clairol Professional Moisturising Color B14W","author":"admin","date":"May 21, 2024","format":false,"excerpt":"Clairol Professional Moisturizing Color B14W est une coloration capillaire semi-permanente enrichie en aloe vera, jojoba et vitamine E. Elle est con\u00e7ue pour fournir des r\u00e9sultats de conditionnement en profondeur et durables ainsi qu'une r\u00e9sistance \u00e0 la d\u00e9coloration.","rel":"","context":"Similar post","block_context":{"text":"Similar post","link":""},"img":{"alt_text":"","src":"","width":0,"height":0},"classes":[]},{"id":33460,"url":"https:\/\/sakaba.mghosteur.com\/en\/product\/clairol-professional-jazzing-30\/","url_meta":{"origin":33469,"position":1},"title":"Clairol Professional Jazzing 30","author":"admin","date":"May 21, 2024","format":false,"excerpt":"Clairol Professional Jazzing 30 est une coloration capillaire semi-permanente qui peut \u00eatre utilis\u00e9e sur des cheveux color\u00e9s, permanent\u00e9s ou d\u00e9fris\u00e9s. Elle peut \u00eatre utilis\u00e9e pour des r\u00e9sultats temporaires ou semi-permanents. La couleur peut \u00eatre rinc\u00e9e au bout d'un mois ou deux. Couleur: Cognac \u00e9pic\u00e9","rel":"","context":"Similar post","block_context":{"text":"Similar post","link":""},"img":{"alt_text":"","src":"","width":0,"height":0},"classes":[]},{"id":33463,"url":"https:\/\/sakaba.mghosteur.com\/en\/product\/clairol-professional-jazzing-40\/","url_meta":{"origin":33469,"position":2},"title":"Clairol Professional Jazzing 40","author":"admin","date":"May 21, 2024","format":false,"excerpt":"Clairol Professional Jazzing 40 est une coloration capillaire semi-permanente qui peut \u00eatre utilis\u00e9e sur des cheveux color\u00e9s, permanent\u00e9s ou d\u00e9fris\u00e9s. Elle peut \u00eatre utilis\u00e9e pour des r\u00e9sultats temporaires ou semi-permanents. La couleur peut \u00eatre rinc\u00e9e au bout d'un mois ou deux. Couleur: rouge chaud","rel":"","context":"Similar post","block_context":{"text":"Similar post","link":""},"img":{"alt_text":"","src":"","width":0,"height":0},"classes":[]},{"id":33466,"url":"https:\/\/sakaba.mghosteur.com\/en\/product\/clairol-professional-jazzing-50\/","url_meta":{"origin":33469,"position":3},"title":"Clairol Professional Jazzing 50","author":"admin","date":"May 21, 2024","format":false,"excerpt":"Clairol Professional Jazzing 50 est une coloration capillaire semi-permanente qui peut \u00eatre utilis\u00e9e imm\u00e9diatement apr\u00e8s un service de d\u00e9frisage. Elle ne contient pas d'ammoniaque et offre une couleur riche et brillante. Couleur: Fuschia","rel":"","context":"Similar post","block_context":{"text":"Similar post","link":""},"img":{"alt_text":"","src":"","width":0,"height":0},"classes":[]},{"id":23885,"url":"https:\/\/sakaba.mghosteur.com\/en\/product\/clairol-professional-moisturising-color-b15w\/","url_meta":{"origin":33469,"position":4},"title":"Clairol Professional Moisturising Color B15W","author":"admin","date":"November 9, 2022","format":false,"excerpt":"","rel":"","context":"Similar post","block_context":{"text":"Similar post","link":""},"img":{"alt_text":"","src":"","width":0,"height":0},"classes":[]},{"id":33475,"url":"https:\/\/sakaba.mghosteur.com\/en\/product\/clairol-professional-pure-white-20-volume-petit-model\/","url_meta":{"origin":33469,"position":5},"title":"Clairol Professional Pure White 20 Volume Petit Model","author":"admin","date":"May 21, 2024","format":false,"excerpt":"Le r\u00e9v\u00e9lateur cr\u00e8me blanc pur Clairol Professional contient des conditionneurs et des \u00e9mollients protecteurs et est stabilis\u00e9 pendant 3 ans. Il est con\u00e7u pour \u00eatre utilis\u00e9 avec des couleurs permanentes et est \u00e9galement parfait pour une utilisation avec tous les \u00e9claircissants en poudre et liquides. Sa consistance cr\u00e9meuse le rend\u2026","rel":"","context":"Similar post","block_context":{"text":"Similar post","link":""},"img":{"alt_text":"","src":"","width":0,"height":0},"classes":[]}],"_links":{"self":[{"href":"https:\/\/sakaba.mghosteur.com\/en\/wp-json\/wp\/v2\/product\/33469","targetHints":{"allow":["GET"]}}],"collection":[{"href":"https:\/\/sakaba.mghosteur.com\/en\/wp-json\/wp\/v2\/product"}],"about":[{"href":"https:\/\/sakaba.mghosteur.com\/en\/wp-json\/wp\/v2\/types\/product"}],"replies":[{"embeddable":true,"href":"https:\/\/sakaba.mghosteur.com\/en\/wp-json\/wp\/v2\/comments?post=33469"}],"version-history":[{"count":0,"href":"https:\/\/sakaba.mghosteur.com\/en\/wp-json\/wp\/v2\/product\/33469\/revisions"}],"wp:attachment":[{"href":"https:\/\/sakaba.mghosteur.com\/en\/wp-json\/wp\/v2\/media?parent=33469"}],"wp:term":[{"taxonomy":"product_brand","embeddable":true,"href":"https:\/\/sakaba.mghosteur.com\/en\/wp-json\/wp\/v2\/product_brand?post=33469"},{"taxonomy":"product_cat","embeddable":true,"href":"https:\/\/sakaba.mghosteur.com\/en\/wp-json\/wp\/v2\/product_cat?post=33469"},{"taxonomy":"product_tag","embeddable":true,"href":"https:\/\/sakaba.mghosteur.com\/en\/wp-json\/wp\/v2\/product_tag?post=33469"}],"curies":[{"name":"wp","href":"https:\/\/api.w.org\/{rel}","templated":true}]}}