{"id":33478,"date":"2024-05-21T17:45:26","date_gmt":"2024-05-21T17:45:26","guid":{"rendered":"https:\/\/sakaba.mghosteur.com\/?post_type=product&#038;p=33478"},"modified":"2024-05-29T16:22:00","modified_gmt":"2024-05-29T16:22:00","slug":"clairol-professional-pure-white-40-volume-creme-developer","status":"publish","type":"product","link":"https:\/\/sakaba.mghosteur.com\/en\/product\/clairol-professional-pure-white-40-volume-creme-developer\/","title":{"rendered":"Clairol Professional Pure White 40 Volume Creme Developer"},"content":{"rendered":"","protected":false},"excerpt":{"rendered":"","protected":false},"featured_media":0,"comment_status":"open","ping_status":"closed","template":"","meta":[],"product_brand":[819],"product_cat":[284,1063],"product_tag":[],"class_list":{"0":"post-33478","1":"product","2":"type-product","3":"status-publish","5":"product_brand-clairol","6":"product_cat-aad-cheveux","7":"product_cat-traitement-capilaire","9":"first","10":"instock","11":"shipping-taxable","12":"product-type-simple"},"jetpack-related-posts":[{"id":33475,"url":"https:\/\/sakaba.mghosteur.com\/en\/product\/clairol-professional-pure-white-20-volume-petit-model\/","url_meta":{"origin":33478,"position":0},"title":"Clairol Professional Pure White 20 Volume Petit Model","author":"admin","date":"May 21, 2024","format":false,"excerpt":"Le r\u00e9v\u00e9lateur cr\u00e8me blanc pur Clairol Professional contient des conditionneurs et des \u00e9mollients protecteurs et est stabilis\u00e9 pendant 3 ans. Il est con\u00e7u pour \u00eatre utilis\u00e9 avec des couleurs permanentes et est \u00e9galement parfait pour une utilisation avec tous les \u00e9claircissants en poudre et liquides. Sa consistance cr\u00e9meuse le rend\u2026","rel":"","context":"Similar post","block_context":{"text":"Similar post","link":""},"img":{"alt_text":"","src":"","width":0,"height":0},"classes":[]},{"id":33481,"url":"https:\/\/sakaba.mghosteur.com\/en\/product\/clairol-professional-pure-white-vol-30-creme-permanent\/","url_meta":{"origin":33478,"position":1},"title":"Clairol Professional Pure White Vol 30 Creme Permanent","author":"admin","date":"May 21, 2024","format":false,"excerpt":"","rel":"","context":"Similar post","block_context":{"text":"Similar post","link":""},"img":{"alt_text":"","src":"","width":0,"height":0},"classes":[]},{"id":23870,"url":"https:\/\/sakaba.mghosteur.com\/en\/product\/clairol-professional-pure-white\/","url_meta":{"origin":33478,"position":2},"title":"Clairol Professional Pure White","author":"admin","date":"November 9, 2022","format":false,"excerpt":"","rel":"","context":"Similar post","block_context":{"text":"Similar post","link":""},"img":{"alt_text":"","src":"","width":0,"height":0},"classes":[]},{"id":33463,"url":"https:\/\/sakaba.mghosteur.com\/en\/product\/clairol-professional-jazzing-40\/","url_meta":{"origin":33478,"position":3},"title":"Clairol Professional Jazzing 40","author":"admin","date":"May 21, 2024","format":false,"excerpt":"Clairol Professional Jazzing 40 est une coloration capillaire semi-permanente qui peut \u00eatre utilis\u00e9e sur des cheveux color\u00e9s, permanent\u00e9s ou d\u00e9fris\u00e9s. Elle peut \u00eatre utilis\u00e9e pour des r\u00e9sultats temporaires ou semi-permanents. La couleur peut \u00eatre rinc\u00e9e au bout d'un mois ou deux. Couleur: rouge chaud","rel":"","context":"Similar post","block_context":{"text":"Similar post","link":""},"img":{"alt_text":"","src":"","width":0,"height":0},"classes":[]},{"id":34757,"url":"https:\/\/sakaba.mghosteur.com\/en\/product\/manic-panic-30-volume-cream-developer-flash-lightn\/","url_meta":{"origin":33478,"position":4},"title":"Manic Panic 30 Volume Cream Developer Flash Lightn","author":"admin","date":"May 31, 2024","format":false,"excerpt":"","rel":"","context":"Similar post","block_context":{"text":"Similar post","link":""},"img":{"alt_text":"","src":"","width":0,"height":0},"classes":[]},{"id":33466,"url":"https:\/\/sakaba.mghosteur.com\/en\/product\/clairol-professional-jazzing-50\/","url_meta":{"origin":33478,"position":5},"title":"Clairol Professional Jazzing 50","author":"admin","date":"May 21, 2024","format":false,"excerpt":"Clairol Professional Jazzing 50 est une coloration capillaire semi-permanente qui peut \u00eatre utilis\u00e9e imm\u00e9diatement apr\u00e8s un service de d\u00e9frisage. Elle ne contient pas d'ammoniaque et offre une couleur riche et brillante. Couleur: Fuschia","rel":"","context":"Similar post","block_context":{"text":"Similar post","link":""},"img":{"alt_text":"","src":"","width":0,"height":0},"classes":[]}],"_links":{"self":[{"href":"https:\/\/sakaba.mghosteur.com\/en\/wp-json\/wp\/v2\/product\/33478","targetHints":{"allow":["GET"]}}],"collection":[{"href":"https:\/\/sakaba.mghosteur.com\/en\/wp-json\/wp\/v2\/product"}],"about":[{"href":"https:\/\/sakaba.mghosteur.com\/en\/wp-json\/wp\/v2\/types\/product"}],"replies":[{"embeddable":true,"href":"https:\/\/sakaba.mghosteur.com\/en\/wp-json\/wp\/v2\/comments?post=33478"}],"version-history":[{"count":0,"href":"https:\/\/sakaba.mghosteur.com\/en\/wp-json\/wp\/v2\/product\/33478\/revisions"}],"wp:attachment":[{"href":"https:\/\/sakaba.mghosteur.com\/en\/wp-json\/wp\/v2\/media?parent=33478"}],"wp:term":[{"taxonomy":"product_brand","embeddable":true,"href":"https:\/\/sakaba.mghosteur.com\/en\/wp-json\/wp\/v2\/product_brand?post=33478"},{"taxonomy":"product_cat","embeddable":true,"href":"https:\/\/sakaba.mghosteur.com\/en\/wp-json\/wp\/v2\/product_cat?post=33478"},{"taxonomy":"product_tag","embeddable":true,"href":"https:\/\/sakaba.mghosteur.com\/en\/wp-json\/wp\/v2\/product_tag?post=33478"}],"curies":[{"name":"wp","href":"https:\/\/api.w.org\/{rel}","templated":true}]}}