{"id":33504,"date":"2024-05-22T14:41:33","date_gmt":"2024-05-22T14:41:33","guid":{"rendered":"https:\/\/sakaba.mghosteur.com\/?post_type=product&#038;p=33504"},"modified":"2024-06-06T17:06:34","modified_gmt":"2024-06-06T17:06:34","slug":"aloe-vera-soothing-gel","status":"publish","type":"product","link":"https:\/\/sakaba.mghosteur.com\/en\/product\/aloe-vera-soothing-gel\/","title":{"rendered":"ALOE VERA SOOTHING GEL"},"content":{"rendered":"","protected":false},"excerpt":{"rendered":"","protected":false},"featured_media":0,"comment_status":"open","ping_status":"closed","template":"","meta":[],"product_brand":[1059],"product_cat":[377],"product_tag":[],"class_list":{"0":"post-33504","1":"product","2":"type-product","3":"status-publish","5":"product_brand-cala","6":"product_cat-bath-body-works","8":"first","9":"instock","10":"shipping-taxable","11":"product-type-simple"},"jetpack-related-posts":[{"id":34331,"url":"https:\/\/sakaba.mghosteur.com\/en\/product\/bento-aloe-propolis-soothing-gel\/","url_meta":{"origin":33504,"position":0},"title":"BENTO ALOE PROPOLIS SOOTHING GEL","author":"admin","date":"May 28, 2024","format":false,"excerpt":"Tout en suspens, sans fioritures ! Ce gel apaisant \u00e0 l'alo\u00e8s et \u00e0 la propolis de Benton contient de l'alo\u00e8s et de la propolis qui aident \u00e0 apaiser la peau irrit\u00e9e, \u00e0 att\u00e9nuer les cicatrices d'acn\u00e9, \u00e0 \u00e9claircir le teint et m\u00eame \u00e0 maintenir l'hydratation tout au long de la\u2026","rel":"","context":"Similar post","block_context":{"text":"Similar post","link":""},"img":{"alt_text":"","src":"","width":0,"height":0},"classes":[]},{"id":30054,"url":"https:\/\/sakaba.mghosteur.com\/en\/product\/jergens-soothing-aloe\/","url_meta":{"origin":33504,"position":1},"title":"JERGENS SOOTHING ALOE","author":"admin","date":"May 2, 2023","format":false,"excerpt":"D\u00e9couvrez la Lotion rafra\u00eechissante pour le corps \u00e0 l'alo\u00e8s apaisant de Jergens, un hydratant pour le corps et les mains qui utilisent l'aloe vera pour soulager et hydrater la peau s\u00e8che. Cette lotion pour le corps Jergens est formul\u00e9e avec l'extrait de concombre et un m\u00e9lange hydratant Hydralucence qui illumine\u2026","rel":"","context":"Similar post","block_context":{"text":"Similar post","link":""},"img":{"alt_text":"","src":"","width":0,"height":0},"classes":[]},{"id":25598,"url":"https:\/\/sakaba.mghosteur.com\/en\/product\/lily-of-the-desert-aloe-vera-gel-inner-fillet\/","url_meta":{"origin":33504,"position":2},"title":"LILY OF THE DESERT ALOE VERA GEL INNER FILLET","author":"admin","date":"November 14, 2022","format":false,"excerpt":"","rel":"","context":"Similar post","block_context":{"text":"Similar post","link":""},"img":{"alt_text":"","src":"","width":0,"height":0},"classes":[]},{"id":29445,"url":"https:\/\/sakaba.mghosteur.com\/en\/product\/cosrx-aloe-soothing-sun-cream\/","url_meta":{"origin":33504,"position":3},"title":"COSRX ALOE SOOTHING SUN CREAM","author":"admin","date":"April 4, 2023","format":false,"excerpt":"Le produit est une cr\u00e8me solaire apaisante Alo\u00e8s SPF50+\/ PA+++ de la marque COSRX. Cette cr\u00e8me solaire ne laisse pas de trace blanche et contient de l'extrait de feuille d'Aloe Arborescens pour apaiser la peau. Elle convient pour une utilisation quotidienne et est l\u00e9g\u00e8re comme un hydratant.","rel":"","context":"Similar post","block_context":{"text":"Similar post","link":""},"img":{"alt_text":"","src":"","width":0,"height":0},"classes":[]},{"id":26960,"url":"https:\/\/sakaba.mghosteur.com\/en\/product\/supergel-moisturiser-oil-free\/","url_meta":{"origin":33504,"position":4},"title":"FACETHEORY Supergel Oil-free Moisturiser M3 for Oily and Acne","author":"admin","date":"November 28, 2022","format":false,"excerpt":"D\u00e9couvrez le Supergel Hydratant sans huile M3 de FACETHEORY, sp\u00e9cialement formul\u00e9 pour les peaux grasses et sujettes \u00e0 l'acn\u00e9. Ce gel d'aloe vera l\u00e9ger hydrate la peau sans laisser de r\u00e9sidus gras et aide \u00e0 r\u00e9duire la taille des pores gr\u00e2ce au niacinamide et \u00e0 soulager la congestion cutan\u00e9e gr\u00e2ce\u2026","rel":"","context":"Similar post","block_context":{"text":"Similar post","link":""},"img":{"alt_text":"","src":"","width":0,"height":0},"classes":[]},{"id":29933,"url":"https:\/\/sakaba.mghosteur.com\/en\/product\/vaseline-soothing-hyration-600-ml\/","url_meta":{"origin":33504,"position":5},"title":"VASELINE SOOTHING HYRATION 600 ML","author":"admin","date":"April 28, 2023","format":false,"excerpt":"D\u00e9couvrez la lotion pour le corps hydratante apaisante Vaseline Intensive Care, sp\u00e9cialement con\u00e7ue pour les peaux s\u00e8ches et d\u00e9shydrat\u00e9es. Cette lotion pour le corps contient des lipides ultra-hydratants qui aident \u00e0 renforcer la barri\u00e8re cutan\u00e9e et \u00e0 reconstituer l'hydratation de votre peau. L'extrait d'aloe vera \u00e0 1 % contenu dans\u2026","rel":"","context":"Similar post","block_context":{"text":"Similar post","link":""},"img":{"alt_text":"","src":"","width":0,"height":0},"classes":[]}],"_links":{"self":[{"href":"https:\/\/sakaba.mghosteur.com\/en\/wp-json\/wp\/v2\/product\/33504","targetHints":{"allow":["GET"]}}],"collection":[{"href":"https:\/\/sakaba.mghosteur.com\/en\/wp-json\/wp\/v2\/product"}],"about":[{"href":"https:\/\/sakaba.mghosteur.com\/en\/wp-json\/wp\/v2\/types\/product"}],"replies":[{"embeddable":true,"href":"https:\/\/sakaba.mghosteur.com\/en\/wp-json\/wp\/v2\/comments?post=33504"}],"version-history":[{"count":0,"href":"https:\/\/sakaba.mghosteur.com\/en\/wp-json\/wp\/v2\/product\/33504\/revisions"}],"wp:attachment":[{"href":"https:\/\/sakaba.mghosteur.com\/en\/wp-json\/wp\/v2\/media?parent=33504"}],"wp:term":[{"taxonomy":"product_brand","embeddable":true,"href":"https:\/\/sakaba.mghosteur.com\/en\/wp-json\/wp\/v2\/product_brand?post=33504"},{"taxonomy":"product_cat","embeddable":true,"href":"https:\/\/sakaba.mghosteur.com\/en\/wp-json\/wp\/v2\/product_cat?post=33504"},{"taxonomy":"product_tag","embeddable":true,"href":"https:\/\/sakaba.mghosteur.com\/en\/wp-json\/wp\/v2\/product_tag?post=33504"}],"curies":[{"name":"wp","href":"https:\/\/api.w.org\/{rel}","templated":true}]}}