{"id":33510,"date":"2024-05-22T14:43:16","date_gmt":"2024-05-22T14:43:16","guid":{"rendered":"https:\/\/sakaba.mghosteur.com\/?post_type=product&#038;p=33510"},"modified":"2024-08-14T00:49:06","modified_gmt":"2024-08-14T00:49:06","slug":"aveeno-baby-lotion-532ml-gm-2","status":"publish","type":"product","link":"https:\/\/sakaba.mghosteur.com\/en\/product\/aveeno-baby-lotion-532ml-gm-2\/","title":{"rendered":"AVEENO baby lotion 532ML"},"content":{"rendered":"<ul class=\"a-unordered-list a-vertical a-spacing-mini\">\n<li class=\"a-spacing-mini\"><span class=\"a-list-item\">La lotion nourrissante pour b\u00e9b\u00e9 est cliniquement prouv\u00e9e pour hydrater et prot\u00e9ger la peau de b\u00e9b\u00e9 pendant 24 heures<\/span><\/li>\n<li class=\"a-spacing-mini\"><span class=\"a-list-item\">L&#8217;hydratant \u00e0 l&#8217;avoine collo\u00efdale aide \u00e0 gu\u00e9rir et \u00e0 prot\u00e9ger la peau s\u00e8che, rugueuse, irrit\u00e9e et craquel\u00e9e<\/span><\/li>\n<li class=\"a-spacing-mini\"><span class=\"a-list-item\">Formule non grasse qui p\u00e9n\u00e8tre rapidement pour aider \u00e0 maintenir la barri\u00e8re d&#8217;hydratation naturelle de la peau<\/span><\/li>\n<li class=\"a-spacing-mini\"><span class=\"a-list-item\">Hypoallerg\u00e9nique, pH \u00e9quilibr\u00e9 et non parfum\u00e9, doux pour un usage quotidien sur la peau de b\u00e9b\u00e9. Contient de la farine de noyau d&#8217;avoine apaisante, de la dim\u00e9thicone et de la glyc\u00e9rine revitalisantes pour la peau<\/span><\/li>\n<li class=\"a-spacing-mini\"><span class=\"a-list-item\">100 % sans st\u00e9ro\u00efdes, parfums, ph\u00e9noxy\u00e9thanol, parab\u00e8nes, phtalates et colorants<\/span><\/li>\n<\/ul>","protected":false},"excerpt":{"rendered":"<p>La lotion nourrissante pour b\u00e9b\u00e9 est cliniquement prouv\u00e9e pour hydrater et prot\u00e9ger la peau de b\u00e9b\u00e9 pendant 24 heures L&#8217;hydratant \u00e0 l&#8217;avoine collo\u00efdale aide \u00e0 gu\u00e9rir et \u00e0 prot\u00e9ger la peau s\u00e8che, rugueuse, irrit\u00e9e et craquel\u00e9e Formule non grasse qui p\u00e9n\u00e8tre rapidement pour aider \u00e0 maintenir la barri\u00e8re d&#8217;hydratation naturelle de la peau Hypoallerg\u00e9nique, pH<span class=\"read-more-faq\"><a href=\"https:\/\/sakaba.mghosteur.com\/en\/product\/aveeno-baby-lotion-532ml-gm-2\/\">Read More<\/a><\/span><\/p>","protected":false},"featured_media":0,"comment_status":"open","ping_status":"closed","template":"","meta":[],"product_brand":[790],"product_cat":[374,287],"product_tag":[],"class_list":{"0":"post-33510","1":"product","2":"type-product","3":"status-publish","5":"product_brand-aveeno","6":"product_cat-corps-enfant","7":"product_cat-aag-bebe-enfant","9":"first","10":"instock","11":"shipping-taxable","12":"product-type-simple"},"jetpack-related-posts":[{"id":28274,"url":"https:\/\/sakaba.mghosteur.com\/en\/product\/aveeno-baby-lotion-532ml-gm\/","url_meta":{"origin":33510,"position":0},"title":"AVEENO baby lotion 532ML","author":"admin","date":"November 30, 2022","format":false,"excerpt":"Un flacon de 532 ml de lotion hydratante quotidienne apaisante et nourrissante Aveeno Baby La lotion nourrissante pour b\u00e9b\u00e9 est cliniquement prouv\u00e9e pour hydrater et prot\u00e9ger la peau de b\u00e9b\u00e9 pendant 24 heures L'hydratant \u00e0 l'avoine collo\u00efdale aide \u00e0 gu\u00e9rir et \u00e0 prot\u00e9ger la peau s\u00e8che, rugueuse, irrit\u00e9e et craquel\u00e9e\u2026","rel":"","context":"Similar post","block_context":{"text":"Similar post","link":""},"img":{"alt_text":"","src":"","width":0,"height":0},"classes":[]},{"id":28103,"url":"https:\/\/sakaba.mghosteur.com\/en\/product\/cerave-baby-moisturizing-lotion\/","url_meta":{"origin":33510,"position":1},"title":"CERAVE BABY MOISTURIZING LOTION","author":"admin","date":"November 30, 2022","format":false,"excerpt":"La lotion hydratante pour b\u00e9b\u00e9 de la marque CeraVe est un choix id\u00e9al pour les parents \u00e0 la recherche d'une formule douce et efficace pour hydrater la peau de leur b\u00e9b\u00e9 tout en prot\u00e9geant sa barri\u00e8re cutan\u00e9e d\u00e9licate. D\u00e9velopp\u00e9e avec des dermatologues p\u00e9diatriques, cette lotion pour b\u00e9b\u00e9 est exempte de\u2026","rel":"","context":"Similar post","block_context":{"text":"Similar post","link":""},"img":{"alt_text":"","src":"","width":0,"height":0},"classes":[]},{"id":28119,"url":"https:\/\/sakaba.mghosteur.com\/en\/product\/cerave-baby-wash-shampoo\/","url_meta":{"origin":33510,"position":2},"title":"CERAVE BABY WASH &#038; shampoo","author":"admin","date":"November 30, 2022","format":false,"excerpt":"La lotion hydratante pour b\u00e9b\u00e9 de la marque CeraVe est sp\u00e9cialement con\u00e7ue pour la peau d\u00e9licate de votre tout-petit. Cette lotion est id\u00e9ale pour hydrater et nourrir la peau de b\u00e9b\u00e9 tout en maintenant une barri\u00e8re protectrice naturelle. Formul\u00e9e avec trois c\u00e9ramides essentiels, de l'acide hyaluronique et de la vitamine\u2026","rel":"","context":"Similar post","block_context":{"text":"Similar post","link":""},"img":{"alt_text":"","src":"","width":0,"height":0},"classes":[]},{"id":33507,"url":"https:\/\/sakaba.mghosteur.com\/en\/product\/aveeno-baby-eczema-therapy-nighttime-balm\/","url_meta":{"origin":33510,"position":3},"title":"Aveeno Baby Eczema Therapy NIGHTTIME BALM","author":"admin","date":"May 22, 2024","format":false,"excerpt":"Le baume de nuit Aveeno Baby Eczema Therapy aide \u00e0 apaiser la peau s\u00e8che et qui d\u00e9mange de votre tout-petit pour un soulagement efficace de l'ecz\u00e9ma du b\u00e9b\u00e9 et une hydratation longue dur\u00e9e pendant la nuit. Suffisamment doux pour une utilisation quotidienne sur la peau sensible des b\u00e9b\u00e9s, ce baume\u2026","rel":"","context":"Similar post","block_context":{"text":"Similar post","link":""},"img":{"alt_text":"","src":"","width":0,"height":0},"classes":[]},{"id":31906,"url":"https:\/\/sakaba.mghosteur.com\/en\/product\/aveeno-baby-wash-shampoo-532-ml\/","url_meta":{"origin":33510,"position":4},"title":"AVEENO BABY WASH &amp; SHAMPOO 532 ML","author":"admin","date":"May 10, 2024","format":false,"excerpt":"Flacon de 18 onces liquides de nettoyant doux Aveeno Baby Daily Moisture 2-en-1 pour le bain et le shampooing capillaire avec extrait d'avoine naturel pour nettoyer les cheveux et la peau d\u00e9licats de b\u00e9b\u00e9 La formule riche et moussante du nettoyant pour le corps et du shampoing pour b\u00e9b\u00e9 contient\u2026","rel":"","context":"Similar post","block_context":{"text":"Similar post","link":""},"img":{"alt_text":"","src":"","width":0,"height":0},"classes":[]},{"id":28366,"url":"https:\/\/sakaba.mghosteur.com\/en\/product\/palmers-cocoa-butter-formula-baby-butter-with-cocao-butter-aloe\/","url_meta":{"origin":33510,"position":5},"title":"Palmers Cocoa Butter Formula Baby Butter with cocao butter &#038; aloe","author":"admin","date":"November 30, 2022","format":false,"excerpt":"D\u00e9couvrez le Palmer's Cocoa Butter Formula Baby Butter, une lotion douce quotidienne con\u00e7ue pour hydrater, adoucir et apaiser la peau d\u00e9licate de b\u00e9b\u00e9. Cette formule unique associe le beurre de cacao pur, la vitamine E, l'alo\u00e8s et des \u00e9mollients riches pour offrir une hydratation sup\u00e9rieure et aider \u00e0 pr\u00e9server la\u2026","rel":"","context":"Similar post","block_context":{"text":"Similar post","link":""},"img":{"alt_text":"","src":"","width":0,"height":0},"classes":[]}],"_links":{"self":[{"href":"https:\/\/sakaba.mghosteur.com\/en\/wp-json\/wp\/v2\/product\/33510","targetHints":{"allow":["GET"]}}],"collection":[{"href":"https:\/\/sakaba.mghosteur.com\/en\/wp-json\/wp\/v2\/product"}],"about":[{"href":"https:\/\/sakaba.mghosteur.com\/en\/wp-json\/wp\/v2\/types\/product"}],"replies":[{"embeddable":true,"href":"https:\/\/sakaba.mghosteur.com\/en\/wp-json\/wp\/v2\/comments?post=33510"}],"version-history":[{"count":0,"href":"https:\/\/sakaba.mghosteur.com\/en\/wp-json\/wp\/v2\/product\/33510\/revisions"}],"wp:attachment":[{"href":"https:\/\/sakaba.mghosteur.com\/en\/wp-json\/wp\/v2\/media?parent=33510"}],"wp:term":[{"taxonomy":"product_brand","embeddable":true,"href":"https:\/\/sakaba.mghosteur.com\/en\/wp-json\/wp\/v2\/product_brand?post=33510"},{"taxonomy":"product_cat","embeddable":true,"href":"https:\/\/sakaba.mghosteur.com\/en\/wp-json\/wp\/v2\/product_cat?post=33510"},{"taxonomy":"product_tag","embeddable":true,"href":"https:\/\/sakaba.mghosteur.com\/en\/wp-json\/wp\/v2\/product_tag?post=33510"}],"curies":[{"name":"wp","href":"https:\/\/api.w.org\/{rel}","templated":true}]}}