{"id":33513,"date":"2024-05-22T14:44:01","date_gmt":"2024-05-22T14:44:01","guid":{"rendered":"https:\/\/sakaba.mghosteur.com\/?post_type=product&#038;p=33513"},"modified":"2024-08-14T00:50:24","modified_gmt":"2024-08-14T00:50:24","slug":"aveeno-baby-wash-shampoo-gm-976ml","status":"publish","type":"product","link":"https:\/\/sakaba.mghosteur.com\/en\/product\/aveeno-baby-wash-shampoo-gm-976ml\/","title":{"rendered":"AVEENO baby wash &amp; shampoo 976ml"},"content":{"rendered":"<p>Aveeno Baby Wash &amp; Shampoo est un bain et shampooing 2 en 1 qui nettoie en douceur la peau et les cheveux des b\u00e9b\u00e9s sans les dess\u00e9cher. Il est fabriqu\u00e9 \u00e0 partir d&#8217;extrait d&#8217;avoine naturel pour apaiser et nourrir la peau d\u00e9licate. Ce shampooing est recommand\u00e9 par les p\u00e9diatres et les dermatologues, il est hypoallerg\u00e9nique et a un pH \u00e9quilibr\u00e9. Il est \u00e9galement exempt de parab\u00e8nes et de phtalates.<\/p>","protected":false},"excerpt":{"rendered":"<p>Aveeno Baby Wash &amp; Shampoo est un bain et shampooing 2 en 1 qui nettoie en douceur la peau et les cheveux des b\u00e9b\u00e9s sans les dess\u00e9cher. Il est fabriqu\u00e9 \u00e0 partir d&#8217;extrait d&#8217;avoine naturel pour apaiser et nourrir la peau d\u00e9licate. Ce shampooing est recommand\u00e9 par les p\u00e9diatres et les dermatologues, il est hypoallerg\u00e9nique<span class=\"read-more-faq\"><a href=\"https:\/\/sakaba.mghosteur.com\/en\/product\/aveeno-baby-wash-shampoo-gm-976ml\/\">Read More<\/a><\/span><\/p>","protected":false},"featured_media":0,"comment_status":"open","ping_status":"closed","template":"","meta":[],"product_brand":[790],"product_cat":[373,374,287],"product_tag":[],"class_list":{"0":"post-33513","1":"product","2":"type-product","3":"status-publish","5":"product_brand-aveeno","6":"product_cat-cheveux-enfant","7":"product_cat-corps-enfant","8":"product_cat-aag-bebe-enfant","10":"first","11":"instock","12":"shipping-taxable","13":"product-type-simple"},"jetpack-related-posts":[{"id":28281,"url":"https:\/\/sakaba.mghosteur.com\/en\/product\/aveeno-baby-washshampoo-pm-352ml\/","url_meta":{"origin":33513,"position":0},"title":"AVEENO baby wash &amp; shampoo 352ml","author":"admin","date":"November 30, 2022","format":false,"excerpt":"Aveeno Baby Wash & Shampoo est un bain et shampooing 2 en 1 qui nettoie en douceur la peau et les cheveux des b\u00e9b\u00e9s sans les dess\u00e9cher. Il est fabriqu\u00e9 \u00e0 partir d'extrait d'avoine naturel pour apaiser et nourrir la peau d\u00e9licate. Ce shampooing est recommand\u00e9 par les p\u00e9diatres et\u2026","rel":"","context":"Similar post","block_context":{"text":"Similar post","link":""},"img":{"alt_text":"","src":"","width":0,"height":0},"classes":[]},{"id":28287,"url":"https:\/\/sakaba.mghosteur.com\/en\/product\/aveeno-baby-washshampoo-pm-354ml\/","url_meta":{"origin":33513,"position":1},"title":"AVEENO baby wash &amp; shampoo 354ml","author":"admin","date":"November 30, 2022","format":false,"excerpt":"Aveeno Baby Wash & Shampoo est un bain et shampooing 2 en 1 qui nettoie en douceur la peau et les cheveux des b\u00e9b\u00e9s sans les dess\u00e9cher. Il est fabriqu\u00e9 \u00e0 partir d'extrait d'avoine naturel pour apaiser et nourrir la peau d\u00e9licate. Ce shampooing est recommand\u00e9 par les p\u00e9diatres et\u2026","rel":"","context":"Similar post","block_context":{"text":"Similar post","link":""},"img":{"alt_text":"","src":"","width":0,"height":0},"classes":[]},{"id":31906,"url":"https:\/\/sakaba.mghosteur.com\/en\/product\/aveeno-baby-wash-shampoo-532-ml\/","url_meta":{"origin":33513,"position":2},"title":"AVEENO BABY WASH &amp; SHAMPOO 532 ML","author":"admin","date":"May 10, 2024","format":false,"excerpt":"Flacon de 18 onces liquides de nettoyant doux Aveeno Baby Daily Moisture 2-en-1 pour le bain et le shampooing capillaire avec extrait d'avoine naturel pour nettoyer les cheveux et la peau d\u00e9licats de b\u00e9b\u00e9 La formule riche et moussante du nettoyant pour le corps et du shampoing pour b\u00e9b\u00e9 contient\u2026","rel":"","context":"Similar post","block_context":{"text":"Similar post","link":""},"img":{"alt_text":"","src":"","width":0,"height":0},"classes":[]},{"id":28083,"url":"https:\/\/sakaba.mghosteur.com\/en\/product\/eucerin-baby-wash-shampoo\/","url_meta":{"origin":33513,"position":3},"title":"EUCERIN BABY WASH &amp; SHAMPOO","author":"admin","date":"November 30, 2022","format":false,"excerpt":"La formule est enrichie en provitamine B5 et en beurre de karit\u00e9 naturel pour aider \u00e0 nourrir et apaiser la peau et les cheveux d\u00e9licats de b\u00e9b\u00e9. Eucerin Baby Wash & Shampoo est une formule 2 en 1 qui peut \u00eatre utilis\u00e9e sur la peau et les cheveux de b\u00e9b\u00e9\u2026","rel":"","context":"Similar post","block_context":{"text":"Similar post","link":""},"img":{"alt_text":"","src":"","width":0,"height":0},"classes":[]},{"id":28119,"url":"https:\/\/sakaba.mghosteur.com\/en\/product\/cerave-baby-wash-shampoo\/","url_meta":{"origin":33513,"position":4},"title":"CERAVE BABY WASH &#038; shampoo","author":"admin","date":"November 30, 2022","format":false,"excerpt":"La lotion hydratante pour b\u00e9b\u00e9 de la marque CeraVe est sp\u00e9cialement con\u00e7ue pour la peau d\u00e9licate de votre tout-petit. Cette lotion est id\u00e9ale pour hydrater et nourrir la peau de b\u00e9b\u00e9 tout en maintenant une barri\u00e8re protectrice naturelle. Formul\u00e9e avec trois c\u00e9ramides essentiels, de l'acide hyaluronique et de la vitamine\u2026","rel":"","context":"Similar post","block_context":{"text":"Similar post","link":""},"img":{"alt_text":"","src":"","width":0,"height":0},"classes":[]},{"id":28274,"url":"https:\/\/sakaba.mghosteur.com\/en\/product\/aveeno-baby-lotion-532ml-gm\/","url_meta":{"origin":33513,"position":5},"title":"AVEENO baby lotion 532ML","author":"admin","date":"November 30, 2022","format":false,"excerpt":"Un flacon de 532 ml de lotion hydratante quotidienne apaisante et nourrissante Aveeno Baby La lotion nourrissante pour b\u00e9b\u00e9 est cliniquement prouv\u00e9e pour hydrater et prot\u00e9ger la peau de b\u00e9b\u00e9 pendant 24 heures L'hydratant \u00e0 l'avoine collo\u00efdale aide \u00e0 gu\u00e9rir et \u00e0 prot\u00e9ger la peau s\u00e8che, rugueuse, irrit\u00e9e et craquel\u00e9e\u2026","rel":"","context":"Similar post","block_context":{"text":"Similar post","link":""},"img":{"alt_text":"","src":"","width":0,"height":0},"classes":[]}],"_links":{"self":[{"href":"https:\/\/sakaba.mghosteur.com\/en\/wp-json\/wp\/v2\/product\/33513","targetHints":{"allow":["GET"]}}],"collection":[{"href":"https:\/\/sakaba.mghosteur.com\/en\/wp-json\/wp\/v2\/product"}],"about":[{"href":"https:\/\/sakaba.mghosteur.com\/en\/wp-json\/wp\/v2\/types\/product"}],"replies":[{"embeddable":true,"href":"https:\/\/sakaba.mghosteur.com\/en\/wp-json\/wp\/v2\/comments?post=33513"}],"version-history":[{"count":0,"href":"https:\/\/sakaba.mghosteur.com\/en\/wp-json\/wp\/v2\/product\/33513\/revisions"}],"wp:attachment":[{"href":"https:\/\/sakaba.mghosteur.com\/en\/wp-json\/wp\/v2\/media?parent=33513"}],"wp:term":[{"taxonomy":"product_brand","embeddable":true,"href":"https:\/\/sakaba.mghosteur.com\/en\/wp-json\/wp\/v2\/product_brand?post=33513"},{"taxonomy":"product_cat","embeddable":true,"href":"https:\/\/sakaba.mghosteur.com\/en\/wp-json\/wp\/v2\/product_cat?post=33513"},{"taxonomy":"product_tag","embeddable":true,"href":"https:\/\/sakaba.mghosteur.com\/en\/wp-json\/wp\/v2\/product_tag?post=33513"}],"curies":[{"name":"wp","href":"https:\/\/api.w.org\/{rel}","templated":true}]}}