{"id":33531,"date":"2024-05-22T14:49:30","date_gmt":"2024-05-22T14:49:30","guid":{"rendered":"https:\/\/sakaba.mghosteur.com\/?post_type=product&#038;p=33531"},"modified":"2024-08-29T02:44:47","modified_gmt":"2024-08-29T02:44:47","slug":"cala-3d-faux-mink-pixie","status":"publish","type":"product","link":"https:\/\/sakaba.mghosteur.com\/en\/product\/cala-3d-faux-mink-pixie\/","title":{"rendered":"CALA 3D FAUX MINK PIXIE"},"content":{"rendered":"<p>Ajoutez une profondeur de volume subtile \u00e0 n&#8217;importe quel regard avec ces faux cils 3D en vison l\u00e9gers. Le motif crois\u00e9 unique imite la formation de vos cils naturels, vous laissant avec une finition sans effort.<\/p>","protected":false},"excerpt":{"rendered":"<p>Ajoutez une profondeur de volume subtile \u00e0 n&#8217;importe quel regard avec ces faux cils 3D en vison l\u00e9gers. Le motif crois\u00e9 unique imite la formation de vos cils naturels, vous laissant avec une finition sans effort.<\/p>","protected":false},"featured_media":0,"comment_status":"open","ping_status":"closed","template":"","meta":[],"product_brand":[1059],"product_cat":[289,297],"product_tag":[],"class_list":{"0":"post-33531","1":"product","2":"type-product","3":"status-publish","5":"product_brand-cala","6":"product_cat-aaa-maquillage","7":"product_cat-yeux","9":"first","10":"instock","11":"shipping-taxable","12":"product-type-simple"},"jetpack-related-posts":[{"id":33525,"url":"https:\/\/sakaba.mghosteur.com\/en\/product\/cala-3d-faux-mink-cashmere\/","url_meta":{"origin":33531,"position":0},"title":"CALA 3D FAUX MINK CASHMERE","author":"admin","date":"May 22, 2024","format":false,"excerpt":"","rel":"","context":"Similar post","block_context":{"text":"Similar post","link":""},"img":{"alt_text":"","src":"","width":0,"height":0},"classes":[]},{"id":33528,"url":"https:\/\/sakaba.mghosteur.com\/en\/product\/cala-3d-faux-mink-fuego\/","url_meta":{"origin":33531,"position":1},"title":"CALA 3D FAUX MINK FUEGO","author":"admin","date":"May 22, 2024","format":false,"excerpt":"","rel":"","context":"Similar post","block_context":{"text":"Similar post","link":""},"img":{"alt_text":"","src":"","width":0,"height":0},"classes":[]},{"id":33534,"url":"https:\/\/sakaba.mghosteur.com\/en\/product\/cala-3d-faux-mink-posh\/","url_meta":{"origin":33531,"position":2},"title":"CALA 3D FAUX MINK POSH","author":"admin","date":"May 22, 2024","format":false,"excerpt":"","rel":"","context":"Similar post","block_context":{"text":"Similar post","link":""},"img":{"alt_text":"","src":"","width":0,"height":0},"classes":[]},{"id":33540,"url":"https:\/\/sakaba.mghosteur.com\/en\/product\/cala-3d-faux-mink-sin-city\/","url_meta":{"origin":33531,"position":3},"title":"CALA 3D FAUX MINK SIN CITY","author":"admin","date":"May 22, 2024","format":false,"excerpt":"","rel":"","context":"Similar post","block_context":{"text":"Similar post","link":""},"img":{"alt_text":"","src":"","width":0,"height":0},"classes":[]},{"id":33537,"url":"https:\/\/sakaba.mghosteur.com\/en\/product\/cala-3d-faux-mink-sin-city-4-pairs\/","url_meta":{"origin":33531,"position":4},"title":"CALA 3D FAUX MINK SIN CITY 4 PAIRS","author":"admin","date":"May 22, 2024","format":false,"excerpt":"","rel":"","context":"Similar post","block_context":{"text":"Similar post","link":""},"img":{"alt_text":"","src":"","width":0,"height":0},"classes":[]},{"id":24374,"url":"https:\/\/sakaba.mghosteur.com\/en\/product\/mac-cils\/","url_meta":{"origin":33531,"position":5},"title":"MAC CILS","author":"admin","date":"November 10, 2022","format":false,"excerpt":"","rel":"","context":"Similar post","block_context":{"text":"Similar post","link":""},"img":{"alt_text":"","src":"","width":0,"height":0},"classes":[]}],"_links":{"self":[{"href":"https:\/\/sakaba.mghosteur.com\/en\/wp-json\/wp\/v2\/product\/33531","targetHints":{"allow":["GET"]}}],"collection":[{"href":"https:\/\/sakaba.mghosteur.com\/en\/wp-json\/wp\/v2\/product"}],"about":[{"href":"https:\/\/sakaba.mghosteur.com\/en\/wp-json\/wp\/v2\/types\/product"}],"replies":[{"embeddable":true,"href":"https:\/\/sakaba.mghosteur.com\/en\/wp-json\/wp\/v2\/comments?post=33531"}],"version-history":[{"count":0,"href":"https:\/\/sakaba.mghosteur.com\/en\/wp-json\/wp\/v2\/product\/33531\/revisions"}],"wp:attachment":[{"href":"https:\/\/sakaba.mghosteur.com\/en\/wp-json\/wp\/v2\/media?parent=33531"}],"wp:term":[{"taxonomy":"product_brand","embeddable":true,"href":"https:\/\/sakaba.mghosteur.com\/en\/wp-json\/wp\/v2\/product_brand?post=33531"},{"taxonomy":"product_cat","embeddable":true,"href":"https:\/\/sakaba.mghosteur.com\/en\/wp-json\/wp\/v2\/product_cat?post=33531"},{"taxonomy":"product_tag","embeddable":true,"href":"https:\/\/sakaba.mghosteur.com\/en\/wp-json\/wp\/v2\/product_tag?post=33531"}],"curies":[{"name":"wp","href":"https:\/\/api.w.org\/{rel}","templated":true}]}}