{"id":33631,"date":"2024-05-22T15:24:04","date_gmt":"2024-05-22T15:24:04","guid":{"rendered":"https:\/\/sakaba.mghosteur.com\/?post_type=product&#038;p=33631"},"modified":"2024-06-07T17:18:08","modified_gmt":"2024-06-07T17:18:08","slug":"l-a-girl-ultimate-eye-gp-325-eyeliner","status":"publish","type":"product","link":"https:\/\/sakaba.mghosteur.com\/en\/product\/l-a-girl-ultimate-eye-gp-325-eyeliner\/","title":{"rendered":"L.A.GIRL ULTIMATE EYE GP 325 EYELINER"},"content":{"rendered":"","protected":false},"excerpt":{"rendered":"","protected":false},"featured_media":0,"comment_status":"open","ping_status":"closed","template":"","meta":[],"product_brand":[1060],"product_cat":[298,297],"product_tag":[],"class_list":{"0":"post-33631","1":"product","2":"type-product","3":"status-publish","5":"product_brand-l-a-girl","6":"product_cat-eyeliner","7":"product_cat-yeux","9":"first","10":"instock","11":"shipping-taxable","12":"product-type-simple"},"jetpack-related-posts":[{"id":33634,"url":"https:\/\/sakaba.mghosteur.com\/en\/product\/l-a-girl-ultimate-eye-gp-326-totally-teal\/","url_meta":{"origin":33631,"position":0},"title":"L.A.GIRL ULTIMATE EYE GP 326 TOTALLY TEAL","author":"admin","date":"May 22, 2024","format":false,"excerpt":"","rel":"","context":"Similar post","block_context":{"text":"Similar post","link":""},"img":{"alt_text":"","src":"","width":0,"height":0},"classes":[]},{"id":33628,"url":"https:\/\/sakaba.mghosteur.com\/en\/product\/l-a-girl-shockwae-metallic-eyeliner-gp752\/","url_meta":{"origin":33631,"position":1},"title":"L.A.GIRL SHOCKWAE METALLIC EYELINER GP752","author":"admin","date":"May 22, 2024","format":false,"excerpt":"","rel":"","context":"Similar post","block_context":{"text":"Similar post","link":""},"img":{"alt_text":"","src":"","width":0,"height":0},"classes":[]},{"id":33598,"url":"https:\/\/sakaba.mghosteur.com\/en\/product\/l-a-girl-perfect-precision-eyeliner\/","url_meta":{"origin":33631,"position":2},"title":"L.A.GIRL PERFECT PRECISION EYELINER","author":"admin","date":"May 22, 2024","format":false,"excerpt":"","rel":"","context":"Similar post","block_context":{"text":"Similar post","link":""},"img":{"alt_text":"","src":"","width":0,"height":0},"classes":[]},{"id":33625,"url":"https:\/\/sakaba.mghosteur.com\/en\/product\/l-a-girl-shockwae-metallic-eyeliner-gp750-ocean\/","url_meta":{"origin":33631,"position":3},"title":"L.A.GIRL SHOCKWAE METALLIC EYELINER GP750 OCEAN","author":"admin","date":"May 22, 2024","format":false,"excerpt":"","rel":"","context":"Similar post","block_context":{"text":"Similar post","link":""},"img":{"alt_text":"","src":"","width":0,"height":0},"classes":[]},{"id":25504,"url":"https:\/\/sakaba.mghosteur.com\/en\/product\/l-a-girl-line-art-matte-eyeliner-pen\/","url_meta":{"origin":33631,"position":4},"title":"L.A.GIRL Line Art Matte Eyeliner Pen","author":"admin","date":"November 14, 2022","format":false,"excerpt":"","rel":"","context":"Similar post","block_context":{"text":"Similar post","link":""},"img":{"alt_text":"","src":"","width":0,"height":0},"classes":[]},{"id":31840,"url":"https:\/\/sakaba.mghosteur.com\/en\/product\/olay-ultimate-eye-cream\/","url_meta":{"origin":33631,"position":5},"title":"Olay Ultimate Eye Cream","author":"admin","date":"May 10, 2024","format":false,"excerpt":"La cr\u00e8me pour les yeux Olay Eyes Ultimate est une cr\u00e8me pour les yeux 3 en 1 qui combat les rides, les yeux gonfl\u00e9s et les cernes. Elle contient des peptides et des vitamines pour renouveler la surface de la peau et r\u00e9duire les poches. Elle dispose \u00e9galement d'une technologie\u2026","rel":"","context":"Similar post","block_context":{"text":"Similar post","link":""},"img":{"alt_text":"","src":"","width":0,"height":0},"classes":[]}],"_links":{"self":[{"href":"https:\/\/sakaba.mghosteur.com\/en\/wp-json\/wp\/v2\/product\/33631","targetHints":{"allow":["GET"]}}],"collection":[{"href":"https:\/\/sakaba.mghosteur.com\/en\/wp-json\/wp\/v2\/product"}],"about":[{"href":"https:\/\/sakaba.mghosteur.com\/en\/wp-json\/wp\/v2\/types\/product"}],"replies":[{"embeddable":true,"href":"https:\/\/sakaba.mghosteur.com\/en\/wp-json\/wp\/v2\/comments?post=33631"}],"version-history":[{"count":0,"href":"https:\/\/sakaba.mghosteur.com\/en\/wp-json\/wp\/v2\/product\/33631\/revisions"}],"wp:attachment":[{"href":"https:\/\/sakaba.mghosteur.com\/en\/wp-json\/wp\/v2\/media?parent=33631"}],"wp:term":[{"taxonomy":"product_brand","embeddable":true,"href":"https:\/\/sakaba.mghosteur.com\/en\/wp-json\/wp\/v2\/product_brand?post=33631"},{"taxonomy":"product_cat","embeddable":true,"href":"https:\/\/sakaba.mghosteur.com\/en\/wp-json\/wp\/v2\/product_cat?post=33631"},{"taxonomy":"product_tag","embeddable":true,"href":"https:\/\/sakaba.mghosteur.com\/en\/wp-json\/wp\/v2\/product_tag?post=33631"}],"curies":[{"name":"wp","href":"https:\/\/api.w.org\/{rel}","templated":true}]}}