{"id":33634,"date":"2024-05-22T15:24:54","date_gmt":"2024-05-22T15:24:54","guid":{"rendered":"https:\/\/sakaba.mghosteur.com\/?post_type=product&#038;p=33634"},"modified":"2024-06-07T17:17:04","modified_gmt":"2024-06-07T17:17:04","slug":"l-a-girl-ultimate-eye-gp-326-totally-teal","status":"publish","type":"product","link":"https:\/\/sakaba.mghosteur.com\/en\/product\/l-a-girl-ultimate-eye-gp-326-totally-teal\/","title":{"rendered":"L.A.GIRL ULTIMATE EYE GP 326 TOTALLY TEAL"},"content":{"rendered":"","protected":false},"excerpt":{"rendered":"","protected":false},"featured_media":0,"comment_status":"open","ping_status":"closed","template":"","meta":[],"product_brand":[1060],"product_cat":[298,289],"product_tag":[],"class_list":{"0":"post-33634","1":"product","2":"type-product","3":"status-publish","5":"product_brand-l-a-girl","6":"product_cat-eyeliner","7":"product_cat-aaa-maquillage","9":"first","10":"instock","11":"shipping-taxable","12":"product-type-simple"},"jetpack-related-posts":[{"id":33631,"url":"https:\/\/sakaba.mghosteur.com\/en\/product\/l-a-girl-ultimate-eye-gp-325-eyeliner\/","url_meta":{"origin":33634,"position":0},"title":"L.A.GIRL ULTIMATE EYE GP 325 EYELINER","author":"admin","date":"May 22, 2024","format":false,"excerpt":"","rel":"","context":"Similar post","block_context":{"text":"Similar post","link":""},"img":{"alt_text":"","src":"","width":0,"height":0},"classes":[]},{"id":31840,"url":"https:\/\/sakaba.mghosteur.com\/en\/product\/olay-ultimate-eye-cream\/","url_meta":{"origin":33634,"position":1},"title":"Olay Ultimate Eye Cream","author":"admin","date":"May 10, 2024","format":false,"excerpt":"La cr\u00e8me pour les yeux Olay Eyes Ultimate est une cr\u00e8me pour les yeux 3 en 1 qui combat les rides, les yeux gonfl\u00e9s et les cernes. Elle contient des peptides et des vitamines pour renouveler la surface de la peau et r\u00e9duire les poches. Elle dispose \u00e9galement d'une technologie\u2026","rel":"","context":"Similar post","block_context":{"text":"Similar post","link":""},"img":{"alt_text":"","src":"","width":0,"height":0},"classes":[]},{"id":30153,"url":"https:\/\/sakaba.mghosteur.com\/en\/product\/dr-teal-salt-scrub-glow-radiance\/","url_meta":{"origin":33634,"position":2},"title":"DR TEAL SALT SCRUB GLOW &amp; RADIANCE","author":"admin","date":"May 3, 2023","format":false,"excerpt":"Le Soak Glow & Radiance de Dr Teal combine du sel d'Epsom pur avec de la vitamine C et des huiles essentielles d'agrumes pour revitaliser les muscles fatigu\u00e9s et endoloris.\u00a0La vitamine C favorise une peau jeune et \u00e9clatante et les huiles essentielles d'agrumes am\u00e9liorent votre humeur pendant que vous vous\u2026","rel":"","context":"Similar post","block_context":{"text":"Similar post","link":""},"img":{"alt_text":"","src":"","width":0,"height":0},"classes":[]},{"id":30165,"url":"https:\/\/sakaba.mghosteur.com\/en\/product\/dr-teals-lavender-essential-oil\/","url_meta":{"origin":33634,"position":3},"title":"Dr Teals LAVENDER ESSENTIAL OIL","author":"admin","date":"May 3, 2023","format":false,"excerpt":"Lotion apaisante pour le corps \u00e0 la lavande La lotion pour le corps hydratante \u00e0 la lavande de Dr Teal offre une hydratation profonde \u00e0 la peau ainsi que tous les avantages de l'aromath\u00e9rapie pour l'esprit.\u00a0Ce riche m\u00e9lange de beurre de cacao, de beurre de karit\u00e9 et de vitamine E\u2026","rel":"","context":"Similar post","block_context":{"text":"Similar post","link":""},"img":{"alt_text":"","src":"","width":0,"height":0},"classes":[]},{"id":30157,"url":"https:\/\/sakaba.mghosteur.com\/en\/product\/dr-teals-body-lotion-vitamin-c\/","url_meta":{"origin":33634,"position":4},"title":"Dr Teal&#8217;s Body Lotion Vitamin C","author":"admin","date":"May 3, 2023","format":false,"excerpt":"Lotion Radieuse pour le Corps \u00e0 la Vitamine C La lotion pour le corps du Dr Teal est formul\u00e9e avec des ingr\u00e9dients hydratants et des huiles essentielles b\u00e9n\u00e9fiques pour nourrir et renouveler la peau.\u00a0Ce m\u00e9lange r\u00e9parateur apaisera le stress et aidera \u00e0 r\u00e9tablir l'\u00e9quilibre naturel de votre peau.\u00a0La vitamine C\u2026","rel":"","context":"Similar post","block_context":{"text":"Similar post","link":""},"img":{"alt_text":"","src":"","width":0,"height":0},"classes":[]},{"id":25567,"url":"https:\/\/sakaba.mghosteur.com\/en\/product\/dr-teals-coconut-oil-essential-oils\/","url_meta":{"origin":33634,"position":5},"title":"Dr Teal&#8217;s COCONUT OIL &amp; ESSENTIAL OILS","author":"admin","date":"November 14, 2022","format":false,"excerpt":"Lotion Corporelle Hydratante Les lotions hydratantes pour le corps du Dr Teal procurent une hydratation profonde \u00e0 la peau ainsi que tous les bienfaits de l'aromath\u00e9rapie pour l'esprit.\u00a0Un riche m\u00e9lange de beurre de cacao, de beurre de karit\u00e9 et de vitamine E est infus\u00e9 d'huiles essentielles comme la lavande et\u2026","rel":"","context":"Similar post","block_context":{"text":"Similar post","link":""},"img":{"alt_text":"","src":"","width":0,"height":0},"classes":[]}],"_links":{"self":[{"href":"https:\/\/sakaba.mghosteur.com\/en\/wp-json\/wp\/v2\/product\/33634","targetHints":{"allow":["GET"]}}],"collection":[{"href":"https:\/\/sakaba.mghosteur.com\/en\/wp-json\/wp\/v2\/product"}],"about":[{"href":"https:\/\/sakaba.mghosteur.com\/en\/wp-json\/wp\/v2\/types\/product"}],"replies":[{"embeddable":true,"href":"https:\/\/sakaba.mghosteur.com\/en\/wp-json\/wp\/v2\/comments?post=33634"}],"version-history":[{"count":0,"href":"https:\/\/sakaba.mghosteur.com\/en\/wp-json\/wp\/v2\/product\/33634\/revisions"}],"wp:attachment":[{"href":"https:\/\/sakaba.mghosteur.com\/en\/wp-json\/wp\/v2\/media?parent=33634"}],"wp:term":[{"taxonomy":"product_brand","embeddable":true,"href":"https:\/\/sakaba.mghosteur.com\/en\/wp-json\/wp\/v2\/product_brand?post=33634"},{"taxonomy":"product_cat","embeddable":true,"href":"https:\/\/sakaba.mghosteur.com\/en\/wp-json\/wp\/v2\/product_cat?post=33634"},{"taxonomy":"product_tag","embeddable":true,"href":"https:\/\/sakaba.mghosteur.com\/en\/wp-json\/wp\/v2\/product_tag?post=33634"}],"curies":[{"name":"wp","href":"https:\/\/api.w.org\/{rel}","templated":true}]}}