{"id":33650,"date":"2024-05-22T15:29:23","date_gmt":"2024-05-22T15:29:23","guid":{"rendered":"https:\/\/sakaba.mghosteur.com\/?post_type=product&#038;p=33650"},"modified":"2024-09-01T04:25:48","modified_gmt":"2024-09-01T04:25:48","slug":"textures-tones-3rv-plum","status":"publish","type":"product","link":"https:\/\/sakaba.mghosteur.com\/en\/product\/textures-tones-3rv-plum\/","title":{"rendered":"Textures &amp; tones 3RV Plum"},"content":{"rendered":"","protected":false},"excerpt":{"rendered":"","protected":false},"featured_media":0,"comment_status":"open","ping_status":"closed","template":"","meta":[],"product_brand":[819],"product_cat":[284,343],"product_tag":[],"class_list":{"0":"post-33650","1":"product","2":"type-product","3":"status-publish","5":"product_brand-clairol","6":"product_cat-aad-cheveux","7":"product_cat-coloration-cheveux","9":"first","10":"instock","11":"shipping-taxable","12":"product-type-simple"},"jetpack-related-posts":[{"id":31377,"url":"https:\/\/sakaba.mghosteur.com\/en\/product\/beauty-of-joseon-green-plum-refreshing-toner-aha-bha\/","url_meta":{"origin":33650,"position":0},"title":"BEAUTY OF JOSEON GREEN PLUM REFRESHING TONER AHA + BHA","author":"admin","date":"May 10, 2024","format":false,"excerpt":"Toner Rafra\u00eechissant \u00e0 la Prune Verte : AHA + BHA Ce qu'il est : Le rythme naturel de la peau implique un cycle de r\u00e9g\u00e9n\u00e9ration cellulaire et d'exfoliation sur 28 jours. Si ce processus est entrav\u00e9 par des cellules mortes obstruant les pores, cela peut conduire \u00e0 une inflammation et\u2026","rel":"","context":"Similar post","block_context":{"text":"Similar post","link":""},"img":{"alt_text":"","src":"","width":0,"height":0},"classes":[]},{"id":33662,"url":"https:\/\/sakaba.mghosteur.com\/en\/product\/textures-tones-5rr-fire\/","url_meta":{"origin":33650,"position":1},"title":"Textures &amp; tones 5RR FIRE","author":"admin","date":"May 22, 2024","format":false,"excerpt":"","rel":"","context":"Similar post","block_context":{"text":"Similar post","link":""},"img":{"alt_text":"","src":"","width":0,"height":0},"classes":[]},{"id":33665,"url":"https:\/\/sakaba.mghosteur.com\/en\/product\/textures-tones-6bv-bronze\/","url_meta":{"origin":33650,"position":2},"title":"TEXTURES &amp; TONES 6BV BRONZE","author":"admin","date":"May 22, 2024","format":false,"excerpt":"","rel":"","context":"Similar post","block_context":{"text":"Similar post","link":""},"img":{"alt_text":"","src":"","width":0,"height":0},"classes":[]},{"id":33487,"url":"https:\/\/sakaba.mghosteur.com\/en\/product\/clairol-texture-et-tones-4c-cognac\/","url_meta":{"origin":33650,"position":3},"title":"clairol texture et tones 4C COGNAC","author":"admin","date":"May 21, 2024","format":false,"excerpt":"","rel":"","context":"Similar post","block_context":{"text":"Similar post","link":""},"img":{"alt_text":"","src":"","width":0,"height":0},"classes":[]},{"id":33640,"url":"https:\/\/sakaba.mghosteur.com\/en\/product\/textures-tone-7g-lightest-blonde\/","url_meta":{"origin":33650,"position":4},"title":"TEXTURES &amp; TONE 7G LIGHTEST BLONDE","author":"admin","date":"May 22, 2024","format":false,"excerpt":"","rel":"","context":"Similar post","block_context":{"text":"Similar post","link":""},"img":{"alt_text":"","src":"","width":0,"height":0},"classes":[]},{"id":33643,"url":"https:\/\/sakaba.mghosteur.com\/en\/product\/textures-tones-1b-silken-black\/","url_meta":{"origin":33650,"position":5},"title":"TEXTURES &amp; TONES 1B SILKEN BLACK","author":"admin","date":"May 22, 2024","format":false,"excerpt":"","rel":"","context":"Similar post","block_context":{"text":"Similar post","link":""},"img":{"alt_text":"","src":"","width":0,"height":0},"classes":[]}],"_links":{"self":[{"href":"https:\/\/sakaba.mghosteur.com\/en\/wp-json\/wp\/v2\/product\/33650","targetHints":{"allow":["GET"]}}],"collection":[{"href":"https:\/\/sakaba.mghosteur.com\/en\/wp-json\/wp\/v2\/product"}],"about":[{"href":"https:\/\/sakaba.mghosteur.com\/en\/wp-json\/wp\/v2\/types\/product"}],"replies":[{"embeddable":true,"href":"https:\/\/sakaba.mghosteur.com\/en\/wp-json\/wp\/v2\/comments?post=33650"}],"version-history":[{"count":0,"href":"https:\/\/sakaba.mghosteur.com\/en\/wp-json\/wp\/v2\/product\/33650\/revisions"}],"wp:attachment":[{"href":"https:\/\/sakaba.mghosteur.com\/en\/wp-json\/wp\/v2\/media?parent=33650"}],"wp:term":[{"taxonomy":"product_brand","embeddable":true,"href":"https:\/\/sakaba.mghosteur.com\/en\/wp-json\/wp\/v2\/product_brand?post=33650"},{"taxonomy":"product_cat","embeddable":true,"href":"https:\/\/sakaba.mghosteur.com\/en\/wp-json\/wp\/v2\/product_cat?post=33650"},{"taxonomy":"product_tag","embeddable":true,"href":"https:\/\/sakaba.mghosteur.com\/en\/wp-json\/wp\/v2\/product_tag?post=33650"}],"curies":[{"name":"wp","href":"https:\/\/api.w.org\/{rel}","templated":true}]}}