{"id":33653,"date":"2024-05-22T15:30:22","date_gmt":"2024-05-22T15:30:22","guid":{"rendered":"https:\/\/sakaba.mghosteur.com\/?post_type=product&#038;p=33653"},"modified":"2024-09-01T04:23:23","modified_gmt":"2024-09-01T04:23:23","slug":"textures-tones-4r-red-hot-red","status":"publish","type":"product","link":"https:\/\/sakaba.mghosteur.com\/en\/product\/textures-tones-4r-red-hot-red\/","title":{"rendered":"Textures &amp; tones 4R RED HOT RED"},"content":{"rendered":"","protected":false},"excerpt":{"rendered":"","protected":false},"featured_media":0,"comment_status":"open","ping_status":"closed","template":"","meta":[],"product_brand":[819],"product_cat":[284,343],"product_tag":[],"class_list":{"0":"post-33653","1":"product","2":"type-product","3":"status-publish","5":"product_brand-clairol","6":"product_cat-aad-cheveux","7":"product_cat-coloration-cheveux","9":"first","10":"instock","11":"shipping-taxable","12":"product-type-simple"},"jetpack-related-posts":[{"id":31657,"url":"https:\/\/sakaba.mghosteur.com\/en\/product\/red-one-aqua-hair-wax-full-force-150ml\/","url_meta":{"origin":33653,"position":0},"title":"RED ONE AQUA HAIR WAX FULL FORCE 150ML","author":"admin","date":"May 10, 2024","format":false,"excerpt":"D\u00e9couvrez la cire coiffante RedOne RED Aqua Hair Wax, un produit incontournable pour sublimer vos cheveux. Enrichie en vitamines et min\u00e9raux, cette cire vous offre une texture unique qui permet de r\u00e9aliser une multitude de styles capillaires avec aisance. Sa tenue longue dur\u00e9e vous assure une coiffure impeccable en toute\u2026","rel":"","context":"Similar post","block_context":{"text":"Similar post","link":""},"img":{"alt_text":"","src":"","width":0,"height":0},"classes":[]},{"id":30296,"url":"https:\/\/sakaba.mghosteur.com\/en\/product\/beauty-of-joseon-red-bean-refreshing-pore-mask\/","url_meta":{"origin":33653,"position":1},"title":"BEAUTY OF JOSEON RED BEAN REFRESHING PORE MASK","author":"admin","date":"May 8, 2023","format":false,"excerpt":"D\u00e9couvrez le Masque rafra\u00eechissant pour les pores aux haricots rouges de la marque Beauty of Joseon. Ce masque est con\u00e7u pour prendre soin de vos pores en \u00e9liminant les cellules mortes de la peau, en lavant le s\u00e9bum et les d\u00e9chets accumul\u00e9s et en abaissant la temp\u00e9rature de la peau.\u2026","rel":"","context":"Similar post","block_context":{"text":"Similar post","link":""},"img":{"alt_text":"","src":"","width":0,"height":0},"classes":[]},{"id":33138,"url":"https:\/\/sakaba.mghosteur.com\/en\/product\/bath-body-forever-red\/","url_meta":{"origin":33653,"position":2},"title":"BATH &amp; BODY FOREVER RED","author":"admin","date":"May 20, 2024","format":false,"excerpt":"","rel":"","context":"Similar post","block_context":{"text":"Similar post","link":""},"img":{"alt_text":"","src":"","width":0,"height":0},"classes":[]},{"id":34560,"url":"https:\/\/sakaba.mghosteur.com\/en\/product\/fenty-icon-the-case-red-edition\/","url_meta":{"origin":33653,"position":3},"title":"FENTY ICON THE CASE RED EDITION","author":"admin","date":"May 29, 2024","format":false,"excerpt":"","rel":"","context":"Similar post","block_context":{"text":"Similar post","link":""},"img":{"alt_text":"","src":"","width":0,"height":0},"classes":[]},{"id":27837,"url":"https:\/\/sakaba.mghosteur.com\/en\/product\/pure-skin-deep-cleanser-with-red-clay\/","url_meta":{"origin":33653,"position":4},"title":"PURE SKIN DEEP CLEANSER WITH RED CLAY","author":"admin","date":"November 29, 2022","format":false,"excerpt":"","rel":"","context":"Similar post","block_context":{"text":"Similar post","link":""},"img":{"alt_text":"","src":"","width":0,"height":0},"classes":[]},{"id":27846,"url":"https:\/\/sakaba.mghosteur.com\/en\/product\/skin-rescue-purifying-mask-whit-red-clay\/","url_meta":{"origin":33653,"position":5},"title":"SKIN RESCUE PURIFYING MASK WHIT RED CLAY","author":"admin","date":"November 29, 2022","format":false,"excerpt":"","rel":"","context":"Similar post","block_context":{"text":"Similar post","link":""},"img":{"alt_text":"","src":"","width":0,"height":0},"classes":[]}],"_links":{"self":[{"href":"https:\/\/sakaba.mghosteur.com\/en\/wp-json\/wp\/v2\/product\/33653","targetHints":{"allow":["GET"]}}],"collection":[{"href":"https:\/\/sakaba.mghosteur.com\/en\/wp-json\/wp\/v2\/product"}],"about":[{"href":"https:\/\/sakaba.mghosteur.com\/en\/wp-json\/wp\/v2\/types\/product"}],"replies":[{"embeddable":true,"href":"https:\/\/sakaba.mghosteur.com\/en\/wp-json\/wp\/v2\/comments?post=33653"}],"version-history":[{"count":0,"href":"https:\/\/sakaba.mghosteur.com\/en\/wp-json\/wp\/v2\/product\/33653\/revisions"}],"wp:attachment":[{"href":"https:\/\/sakaba.mghosteur.com\/en\/wp-json\/wp\/v2\/media?parent=33653"}],"wp:term":[{"taxonomy":"product_brand","embeddable":true,"href":"https:\/\/sakaba.mghosteur.com\/en\/wp-json\/wp\/v2\/product_brand?post=33653"},{"taxonomy":"product_cat","embeddable":true,"href":"https:\/\/sakaba.mghosteur.com\/en\/wp-json\/wp\/v2\/product_cat?post=33653"},{"taxonomy":"product_tag","embeddable":true,"href":"https:\/\/sakaba.mghosteur.com\/en\/wp-json\/wp\/v2\/product_tag?post=33653"}],"curies":[{"name":"wp","href":"https:\/\/api.w.org\/{rel}","templated":true}]}}