{"id":33672,"date":"2024-05-22T16:50:04","date_gmt":"2024-05-22T16:50:04","guid":{"rendered":"https:\/\/sakaba.mghosteur.com\/?post_type=product&#038;p=33672"},"modified":"2024-05-22T16:50:43","modified_gmt":"2024-05-22T16:50:43","slug":"farmacy-honey-grail-ultra-hydrating-face-oil","status":"publish","type":"product","link":"https:\/\/sakaba.mghosteur.com\/en\/product\/farmacy-honey-grail-ultra-hydrating-face-oil\/","title":{"rendered":"FARMACY HONEY GRAIL ULTRA HYDRATING FACE OIL"},"content":{"rendered":"","protected":false},"excerpt":{"rendered":"","protected":false},"featured_media":0,"comment_status":"open","ping_status":"closed","template":"","meta":[],"product_brand":[856],"product_cat":[355],"product_tag":[],"class_list":{"0":"post-33672","1":"product","2":"type-product","3":"status-publish","5":"product_brand-farmacy","6":"product_cat-hydratant-corps","8":"first","9":"instock","10":"shipping-taxable","11":"product-type-simple"},"jetpack-related-posts":[{"id":33676,"url":"https:\/\/sakaba.mghosteur.com\/en\/product\/farmacy-honey-halo-ultra-hydrating\/","url_meta":{"origin":33672,"position":0},"title":"FARMACY HONEY HALO ULTRA HYDRATING","author":"admin","date":"May 22, 2024","format":false,"excerpt":"","rel":"","context":"Similar post","block_context":{"text":"Similar post","link":""},"img":{"alt_text":"","src":"","width":0,"height":0},"classes":[]},{"id":27342,"url":"https:\/\/sakaba.mghosteur.com\/en\/product\/good-molecules-ultra-hydrating-facial-oil\/","url_meta":{"origin":33672,"position":1},"title":"GOOD MOLECULES ULTRA HYDRATING FACIAL OIL","author":"admin","date":"November 29, 2022","format":false,"excerpt":"D\u00e9couvrez l'huile pour le visage ultra-hydratante de Good Molecules ! Cette huile v\u00e9g\u00e9talienne et sans gluten est le choix parfait pour tous les types de peau. Sa formule l\u00e9g\u00e8re contenant de l'huile de cam\u00e9lia et de l'huile d'argousier soulage la s\u00e9cheresse et la d\u00e9shydratation, tout en laissant votre peau avec\u2026","rel":"","context":"Similar post","block_context":{"text":"Similar post","link":""},"img":{"alt_text":"","src":"","width":0,"height":0},"classes":[]},{"id":33703,"url":"https:\/\/sakaba.mghosteur.com\/en\/product\/farmacy-honey-drop-lightweight-moisturizer-2\/","url_meta":{"origin":33672,"position":2},"title":"FARMACY HONEY DROP LIGHTWEIGHT MOISTURIZER","author":"admin","date":"May 22, 2024","format":false,"excerpt":"","rel":"","context":"Similar post","block_context":{"text":"Similar post","link":""},"img":{"alt_text":"","src":"","width":0,"height":0},"classes":[]},{"id":33712,"url":"https:\/\/sakaba.mghosteur.com\/en\/product\/farmacy-honey-potion-renewing-antioxidant-mask-2\/","url_meta":{"origin":33672,"position":3},"title":"FARMACY HONEY POTION RENEWING ANTIOXIDANT MASK","author":"admin","date":"May 22, 2024","format":false,"excerpt":"","rel":"","context":"Similar post","block_context":{"text":"Similar post","link":""},"img":{"alt_text":"","src":"","width":0,"height":0},"classes":[]},{"id":33709,"url":"https:\/\/sakaba.mghosteur.com\/en\/product\/farmacy-honey-potion-plus-ceramide-hydration-mask\/","url_meta":{"origin":33672,"position":4},"title":"FARMACY HONEY POTION PLUS CERAMIDE HYDRATION MASK","author":"admin","date":"May 22, 2024","format":false,"excerpt":"","rel":"","context":"Similar post","block_context":{"text":"Similar post","link":""},"img":{"alt_text":"","src":"","width":0,"height":0},"classes":[]},{"id":33706,"url":"https:\/\/sakaba.mghosteur.com\/en\/product\/farmacy-honey-moon-glow-aha-resurfacing-night-ser\/","url_meta":{"origin":33672,"position":5},"title":"FARMACY HONEY MOON GLOW AHA RESURFACING NIGHT SER","author":"admin","date":"May 22, 2024","format":false,"excerpt":"","rel":"","context":"Similar post","block_context":{"text":"Similar post","link":""},"img":{"alt_text":"","src":"","width":0,"height":0},"classes":[]}],"_links":{"self":[{"href":"https:\/\/sakaba.mghosteur.com\/en\/wp-json\/wp\/v2\/product\/33672","targetHints":{"allow":["GET"]}}],"collection":[{"href":"https:\/\/sakaba.mghosteur.com\/en\/wp-json\/wp\/v2\/product"}],"about":[{"href":"https:\/\/sakaba.mghosteur.com\/en\/wp-json\/wp\/v2\/types\/product"}],"replies":[{"embeddable":true,"href":"https:\/\/sakaba.mghosteur.com\/en\/wp-json\/wp\/v2\/comments?post=33672"}],"version-history":[{"count":0,"href":"https:\/\/sakaba.mghosteur.com\/en\/wp-json\/wp\/v2\/product\/33672\/revisions"}],"wp:attachment":[{"href":"https:\/\/sakaba.mghosteur.com\/en\/wp-json\/wp\/v2\/media?parent=33672"}],"wp:term":[{"taxonomy":"product_brand","embeddable":true,"href":"https:\/\/sakaba.mghosteur.com\/en\/wp-json\/wp\/v2\/product_brand?post=33672"},{"taxonomy":"product_cat","embeddable":true,"href":"https:\/\/sakaba.mghosteur.com\/en\/wp-json\/wp\/v2\/product_cat?post=33672"},{"taxonomy":"product_tag","embeddable":true,"href":"https:\/\/sakaba.mghosteur.com\/en\/wp-json\/wp\/v2\/product_tag?post=33672"}],"curies":[{"name":"wp","href":"https:\/\/api.w.org\/{rel}","templated":true}]}}