{"id":33682,"date":"2024-05-22T17:48:47","date_gmt":"2024-05-22T17:48:47","guid":{"rendered":"https:\/\/sakaba.mghosteur.com\/?post_type=product&#038;p=33682"},"modified":"2024-08-08T13:22:07","modified_gmt":"2024-08-08T13:22:07","slug":"mac-lipstick-trio-best-sellers","status":"publish","type":"product","link":"https:\/\/sakaba.mghosteur.com\/en\/product\/mac-lipstick-trio-best-sellers\/","title":{"rendered":"MAC LIPSTICK TRIO BEST SELLERS"},"content":{"rendered":"","protected":false},"excerpt":{"rendered":"","protected":false},"featured_media":0,"comment_status":"open","ping_status":"closed","template":"","meta":[],"product_brand":[909],"product_cat":[1053,305],"product_tag":[],"class_list":{"0":"post-33682","1":"product","2":"type-product","3":"status-publish","5":"product_brand-mac","6":"product_cat-coffret-maquillage","7":"product_cat-levres","9":"first","10":"instock","11":"shipping-taxable","12":"product-type-simple"},"jetpack-related-posts":[{"id":23529,"url":"https:\/\/sakaba.mghosteur.com\/en\/product\/mac-lipstick\/","url_meta":{"origin":33682,"position":0},"title":"MAC Lipstick","author":"admin","date":"October 31, 2022","format":false,"excerpt":"","rel":"","context":"Similar post","block_context":{"text":"Similar post","link":""},"img":{"alt_text":"","src":"","width":0,"height":0},"classes":[]},{"id":33454,"url":"https:\/\/sakaba.mghosteur.com\/en\/product\/mac-retro-matte-lipstick-708-bronx\/","url_meta":{"origin":33682,"position":1},"title":"MAC RETRO MATTE LIPSTICK 708 BRONX","author":"admin","date":"May 21, 2024","format":false,"excerpt":"","rel":"","context":"Similar post","block_context":{"text":"Similar post","link":""},"img":{"alt_text":"","src":"","width":0,"height":0},"classes":[]},{"id":33688,"url":"https:\/\/sakaba.mghosteur.com\/en\/product\/mac-amplified-creme-lipstick-120-vegas-volt\/","url_meta":{"origin":33682,"position":2},"title":"MAC AMPLIFIED CREME LIPSTICK 120 VEGAS VOLT","author":"admin","date":"May 22, 2024","format":false,"excerpt":"","rel":"","context":"Similar post","block_context":{"text":"Similar post","link":""},"img":{"alt_text":"","src":"","width":0,"height":0},"classes":[]},{"id":33685,"url":"https:\/\/sakaba.mghosteur.com\/en\/product\/mac-powder-kiss-lipstick\/","url_meta":{"origin":33682,"position":3},"title":"MAC POWDER KISS LIPSTICK","author":"admin","date":"May 22, 2024","format":false,"excerpt":"","rel":"","context":"Similar post","block_context":{"text":"Similar post","link":""},"img":{"alt_text":"","src":"","width":0,"height":0},"classes":[]},{"id":26562,"url":"https:\/\/sakaba.mghosteur.com\/en\/product\/pixi-coffret-best-of-bright\/","url_meta":{"origin":33682,"position":4},"title":"PIXI COFFRET  BEST OF BRIGHT","author":"admin","date":"November 25, 2022","format":false,"excerpt":"Obtenez un teint \u00e9clatant de sant\u00e9 avec le kit Best of Bright de PIXI. Il combine un nettoyant luxueux, un tonique exfoliant et un masque \u00e0 la boue inspir\u00e9 du visage. Le trio agit ensemble pour restaurer un teint doux et lisse au toucher avec une clart\u00e9 accrue. Le kit\u2026","rel":"","context":"Similar post","block_context":{"text":"Similar post","link":""},"img":{"alt_text":"","src":"","width":0,"height":0},"classes":[]},{"id":34548,"url":"https:\/\/sakaba.mghosteur.com\/en\/product\/fenty-gloss-bomb-trio\/","url_meta":{"origin":33682,"position":5},"title":"FENTY GLOSS BOMB TRIO","author":"admin","date":"May 29, 2024","format":false,"excerpt":"","rel":"","context":"Similar post","block_context":{"text":"Similar post","link":""},"img":{"alt_text":"","src":"","width":0,"height":0},"classes":[]}],"_links":{"self":[{"href":"https:\/\/sakaba.mghosteur.com\/en\/wp-json\/wp\/v2\/product\/33682","targetHints":{"allow":["GET"]}}],"collection":[{"href":"https:\/\/sakaba.mghosteur.com\/en\/wp-json\/wp\/v2\/product"}],"about":[{"href":"https:\/\/sakaba.mghosteur.com\/en\/wp-json\/wp\/v2\/types\/product"}],"replies":[{"embeddable":true,"href":"https:\/\/sakaba.mghosteur.com\/en\/wp-json\/wp\/v2\/comments?post=33682"}],"version-history":[{"count":0,"href":"https:\/\/sakaba.mghosteur.com\/en\/wp-json\/wp\/v2\/product\/33682\/revisions"}],"wp:attachment":[{"href":"https:\/\/sakaba.mghosteur.com\/en\/wp-json\/wp\/v2\/media?parent=33682"}],"wp:term":[{"taxonomy":"product_brand","embeddable":true,"href":"https:\/\/sakaba.mghosteur.com\/en\/wp-json\/wp\/v2\/product_brand?post=33682"},{"taxonomy":"product_cat","embeddable":true,"href":"https:\/\/sakaba.mghosteur.com\/en\/wp-json\/wp\/v2\/product_cat?post=33682"},{"taxonomy":"product_tag","embeddable":true,"href":"https:\/\/sakaba.mghosteur.com\/en\/wp-json\/wp\/v2\/product_tag?post=33682"}],"curies":[{"name":"wp","href":"https:\/\/api.w.org\/{rel}","templated":true}]}}