{"id":33691,"date":"2024-05-22T17:51:36","date_gmt":"2024-05-22T17:51:36","guid":{"rendered":"https:\/\/sakaba.mghosteur.com\/?post_type=product&#038;p=33691"},"modified":"2024-05-22T17:51:36","modified_gmt":"2024-05-22T17:51:36","slug":"dermactin-ts-pore-refine-charcoal-peel-off-mask","status":"publish","type":"product","link":"https:\/\/sakaba.mghosteur.com\/en\/product\/dermactin-ts-pore-refine-charcoal-peel-off-mask\/","title":{"rendered":"Dermactin-TS Pore Refine Charcoal Peel Off Mask"},"content":{"rendered":"","protected":false},"excerpt":{"rendered":"","protected":false},"featured_media":0,"comment_status":"open","ping_status":"closed","template":"","meta":[],"product_brand":[],"product_cat":[349],"product_tag":[],"class_list":{"0":"post-33691","1":"product","2":"type-product","3":"status-publish","5":"product_cat-masque","7":"first","8":"instock","9":"shipping-taxable","10":"product-type-simple"},"jetpack-related-posts":[{"id":27600,"url":"https:\/\/sakaba.mghosteur.com\/en\/product\/dermactin-ts-pore-refine-peel-off-facial-mask\/","url_meta":{"origin":33691,"position":0},"title":"Dermactin-TS Pore refine + peel off facial mask","author":"admin","date":"November 29, 2022","format":false,"excerpt":"","rel":"","context":"Similar post","block_context":{"text":"Similar post","link":""},"img":{"alt_text":"","src":"","width":0,"height":0},"classes":[]},{"id":27640,"url":"https:\/\/sakaba.mghosteur.com\/en\/product\/charcoal-detoxifying-peel-off-mask\/","url_meta":{"origin":33691,"position":1},"title":"Charcoal detoxifying peel off mask","author":"admin","date":"November 29, 2022","format":false,"excerpt":"","rel":"","context":"Similar post","block_context":{"text":"Similar post","link":""},"img":{"alt_text":"","src":"","width":0,"height":0},"classes":[]},{"id":24591,"url":"https:\/\/sakaba.mghosteur.com\/en\/product\/aveeno-purely-matte-peel-off-mask\/","url_meta":{"origin":33691,"position":2},"title":"AVEENO PURELY MATTE PEEL OFF MASK","author":"admin","date":"November 10, 2022","format":false,"excerpt":"Tube de 2,0 onces de masque pour le visage Aveeno Clear Complexion Pure Matte Peel Off avec des acides alpha-hydroxy, du soja et de la grenade pour aider \u00e0 exfolier et matifier la peau Ce masque pour le visage au teint clair agit comme un exfoliant sans savon et sans\u2026","rel":"","context":"Similar post","block_context":{"text":"Similar post","link":""},"img":{"alt_text":"","src":"","width":0,"height":0},"classes":[]},{"id":26533,"url":"https:\/\/sakaba.mghosteur.com\/en\/product\/t-zone-peel-off-mask\/","url_meta":{"origin":33691,"position":3},"title":"T-ZONE Peel -Off MASK","author":"admin","date":"November 25, 2022","format":false,"excerpt":"","rel":"","context":"Similar post","block_context":{"text":"Similar post","link":""},"img":{"alt_text":"","src":"","width":0,"height":0},"classes":[]},{"id":27688,"url":"https:\/\/sakaba.mghosteur.com\/en\/product\/tea-tree-purifying-peel-off-mask\/","url_meta":{"origin":33691,"position":4},"title":"Tea tree purifying peel-off mask","author":"admin","date":"November 29, 2022","format":false,"excerpt":"","rel":"","context":"Similar post","block_context":{"text":"Similar post","link":""},"img":{"alt_text":"","src":"","width":0,"height":0},"classes":[]},{"id":31664,"url":"https:\/\/sakaba.mghosteur.com\/en\/product\/aprilskin-real-calendula-peel-off-pack-100g\/","url_meta":{"origin":33691,"position":5},"title":"APRILSKIN REAL CALENDULA PEEL OFF PACK 100G","author":"admin","date":"May 10, 2024","format":false,"excerpt":"D\u00e9couvrez le masque peel-off Radiance and Glow Glow Booster. D\u00e9tendez-vous et laissez ce masque faire le travail \u00e0 votre place. Pores obstru\u00e9s, cellules mortes, points noirs, huile, salet\u00e9 et d\u00e9bris \u2013 il adh\u00e8re \u00e0 toutes ces salet\u00e9s comme de la colle. Formul\u00e9 avec de la fleur de Calendula Officinalis, r\u00e9put\u00e9e\u2026","rel":"","context":"Similar post","block_context":{"text":"Similar post","link":""},"img":{"alt_text":"","src":"","width":0,"height":0},"classes":[]}],"_links":{"self":[{"href":"https:\/\/sakaba.mghosteur.com\/en\/wp-json\/wp\/v2\/product\/33691","targetHints":{"allow":["GET"]}}],"collection":[{"href":"https:\/\/sakaba.mghosteur.com\/en\/wp-json\/wp\/v2\/product"}],"about":[{"href":"https:\/\/sakaba.mghosteur.com\/en\/wp-json\/wp\/v2\/types\/product"}],"replies":[{"embeddable":true,"href":"https:\/\/sakaba.mghosteur.com\/en\/wp-json\/wp\/v2\/comments?post=33691"}],"version-history":[{"count":0,"href":"https:\/\/sakaba.mghosteur.com\/en\/wp-json\/wp\/v2\/product\/33691\/revisions"}],"wp:attachment":[{"href":"https:\/\/sakaba.mghosteur.com\/en\/wp-json\/wp\/v2\/media?parent=33691"}],"wp:term":[{"taxonomy":"product_brand","embeddable":true,"href":"https:\/\/sakaba.mghosteur.com\/en\/wp-json\/wp\/v2\/product_brand?post=33691"},{"taxonomy":"product_cat","embeddable":true,"href":"https:\/\/sakaba.mghosteur.com\/en\/wp-json\/wp\/v2\/product_cat?post=33691"},{"taxonomy":"product_tag","embeddable":true,"href":"https:\/\/sakaba.mghosteur.com\/en\/wp-json\/wp\/v2\/product_tag?post=33691"}],"curies":[{"name":"wp","href":"https:\/\/api.w.org\/{rel}","templated":true}]}}