{"id":33709,"date":"2024-05-22T18:00:11","date_gmt":"2024-05-22T18:00:11","guid":{"rendered":"https:\/\/sakaba.mghosteur.com\/?post_type=product&#038;p=33709"},"modified":"2024-06-06T13:12:27","modified_gmt":"2024-06-06T13:12:27","slug":"farmacy-honey-potion-plus-ceramide-hydration-mask","status":"publish","type":"product","link":"https:\/\/sakaba.mghosteur.com\/en\/product\/farmacy-honey-potion-plus-ceramide-hydration-mask\/","title":{"rendered":"FARMACY HONEY POTION PLUS CERAMIDE HYDRATION MASK"},"content":{"rendered":"","protected":false},"excerpt":{"rendered":"","protected":false},"featured_media":0,"comment_status":"open","ping_status":"closed","template":"","meta":[],"product_brand":[856],"product_cat":[331],"product_tag":[],"class_list":{"0":"post-33709","1":"product","2":"type-product","3":"status-publish","5":"product_brand-farmacy","6":"product_cat-hydratant-visage","8":"first","9":"instock","10":"shipping-taxable","11":"product-type-simple"},"jetpack-related-posts":[{"id":33712,"url":"https:\/\/sakaba.mghosteur.com\/en\/product\/farmacy-honey-potion-renewing-antioxidant-mask-2\/","url_meta":{"origin":33709,"position":0},"title":"FARMACY HONEY POTION RENEWING ANTIOXIDANT MASK","author":"admin","date":"May 22, 2024","format":false,"excerpt":"","rel":"","context":"Similar post","block_context":{"text":"Similar post","link":""},"img":{"alt_text":"","src":"","width":0,"height":0},"classes":[]},{"id":27873,"url":"https:\/\/sakaba.mghosteur.com\/en\/product\/farmacy-honey-potion-renewing-antioxidant-mask\/","url_meta":{"origin":33709,"position":1},"title":"FARMACY HONEY POTION RENEWING ANTIOXIDANT MASK","author":"admin","date":"November 29, 2022","format":false,"excerpt":"","rel":"","context":"Similar post","block_context":{"text":"Similar post","link":""},"img":{"alt_text":"","src":"","width":0,"height":0},"classes":[]},{"id":33676,"url":"https:\/\/sakaba.mghosteur.com\/en\/product\/farmacy-honey-halo-ultra-hydrating\/","url_meta":{"origin":33709,"position":2},"title":"FARMACY HONEY HALO ULTRA HYDRATING","author":"admin","date":"May 22, 2024","format":false,"excerpt":"","rel":"","context":"Similar post","block_context":{"text":"Similar post","link":""},"img":{"alt_text":"","src":"","width":0,"height":0},"classes":[]},{"id":33672,"url":"https:\/\/sakaba.mghosteur.com\/en\/product\/farmacy-honey-grail-ultra-hydrating-face-oil\/","url_meta":{"origin":33709,"position":3},"title":"FARMACY HONEY GRAIL ULTRA HYDRATING FACE OIL","author":"admin","date":"May 22, 2024","format":false,"excerpt":"","rel":"","context":"Similar post","block_context":{"text":"Similar post","link":""},"img":{"alt_text":"","src":"","width":0,"height":0},"classes":[]},{"id":31587,"url":"https:\/\/sakaba.mghosteur.com\/en\/product\/cosrx-propolis-honey-overnignt-mask\/","url_meta":{"origin":33709,"position":4},"title":"COSRX PROPOLIS HONEY OVERNIGNT MASK","author":"admin","date":"May 10, 2024","format":false,"excerpt":"D\u00e9couvrez le Masque Hydratant Full Fit Propolis Honey Overnight. Ce produit polyvalent vous offre une exp\u00e9rience 3 en 1 : il peut \u00eatre utilis\u00e9 comme masque de nuit, comme cr\u00e8me hydratante ou comme masque lavable. Gr\u00e2ce \u00e0 sa formule enrichie de plus de 70 % d'extrait de propolis et de\u2026","rel":"","context":"Similar post","block_context":{"text":"Similar post","link":""},"img":{"alt_text":"","src":"","width":0,"height":0},"classes":[]},{"id":56153,"url":"https:\/\/sakaba.mghosteur.com\/en\/product\/beauty-of-joseon-ground-rice-and-honey-glow-mask\/","url_meta":{"origin":33709,"position":5},"title":"Beauty of Joseon Ground Rice and Honey Glow Mask","author":"Sope DIA","date":"January 2, 2026","format":false,"excerpt":"Ground Rice and Honey Glow Mask de Beauty of Joseon, un masque nettoyant et exfoliant formul\u00e9 \u00e0 base de lie de makgeolli recycl\u00e9e et d\u2019ingr\u00e9dients naturels comme la poudre de cosse de riz et le miel.Ce soin multit\u00e2che offre une action compl\u00e8te en combinant des effets \u00e9claircissants, antioxydants, hydratants et\u2026","rel":"","context":"Similar post","block_context":{"text":"Similar post","link":""},"img":{"alt_text":"","src":"","width":0,"height":0},"classes":[]}],"_links":{"self":[{"href":"https:\/\/sakaba.mghosteur.com\/en\/wp-json\/wp\/v2\/product\/33709","targetHints":{"allow":["GET"]}}],"collection":[{"href":"https:\/\/sakaba.mghosteur.com\/en\/wp-json\/wp\/v2\/product"}],"about":[{"href":"https:\/\/sakaba.mghosteur.com\/en\/wp-json\/wp\/v2\/types\/product"}],"replies":[{"embeddable":true,"href":"https:\/\/sakaba.mghosteur.com\/en\/wp-json\/wp\/v2\/comments?post=33709"}],"version-history":[{"count":0,"href":"https:\/\/sakaba.mghosteur.com\/en\/wp-json\/wp\/v2\/product\/33709\/revisions"}],"wp:attachment":[{"href":"https:\/\/sakaba.mghosteur.com\/en\/wp-json\/wp\/v2\/media?parent=33709"}],"wp:term":[{"taxonomy":"product_brand","embeddable":true,"href":"https:\/\/sakaba.mghosteur.com\/en\/wp-json\/wp\/v2\/product_brand?post=33709"},{"taxonomy":"product_cat","embeddable":true,"href":"https:\/\/sakaba.mghosteur.com\/en\/wp-json\/wp\/v2\/product_cat?post=33709"},{"taxonomy":"product_tag","embeddable":true,"href":"https:\/\/sakaba.mghosteur.com\/en\/wp-json\/wp\/v2\/product_tag?post=33709"}],"curies":[{"name":"wp","href":"https:\/\/api.w.org\/{rel}","templated":true}]}}