{"id":33721,"date":"2024-05-22T18:08:21","date_gmt":"2024-05-22T18:08:21","guid":{"rendered":"https:\/\/sakaba.mghosteur.com\/?post_type=product&#038;p=33721"},"modified":"2024-08-07T20:46:20","modified_gmt":"2024-08-07T20:46:20","slug":"cerave-hydrating-facial-cleancer-710ml","status":"publish","type":"product","link":"https:\/\/sakaba.mghosteur.com\/en\/product\/cerave-hydrating-facial-cleancer-710ml\/","title":{"rendered":"CERAVE HYDRATING FACIAL CLEANCER 710ML"},"content":{"rendered":"<p>Le nettoyant hydratant CeraVe a \u00e9t\u00e9 con\u00e7u pour nettoyer et rafra\u00eechir la peau sans la d\u00e9caper ni la laisser s\u00e8che et tendue. Il contient de l&#8217;acide hyaluronique pour hydrater la peau et 3 c\u00e9ramides essentiels qui agissent ensemble pour retenir l&#8217;hydratation de la peau et aider \u00e0 restaurer la barri\u00e8re protectrice de votre peau. La technologie de distribution MVE encapsule les c\u00e9ramides pour assurer une distribution efficace au sein de la barri\u00e8re cutan\u00e9e et une lib\u00e9ration lente au fil du temps. Il soutient votre barri\u00e8re cutan\u00e9e protectrice, longtemps apr\u00e8s la fin de l&#8217;application. Ce nettoyant visage non com\u00e9dog\u00e8ne est un moyen efficace mais non irritant de commencer tout programme de soins de la peau. Id\u00e9al pour les peaux normales \u00e0 s\u00e8ches.<\/p>","protected":false},"excerpt":{"rendered":"<p>Le nettoyant hydratant CeraVe a \u00e9t\u00e9 con\u00e7u pour nettoyer et rafra\u00eechir la peau sans la d\u00e9caper ni la laisser s\u00e8che et tendue. Il contient de l&#8217;acide hyaluronique pour hydrater la peau et 3 c\u00e9ramides essentiels qui agissent ensemble pour retenir l&#8217;hydratation de la peau et aider \u00e0 restaurer la barri\u00e8re protectrice de votre peau. La<span class=\"read-more-faq\"><a href=\"https:\/\/sakaba.mghosteur.com\/en\/product\/cerave-hydrating-facial-cleancer-710ml\/\">Read More<\/a><\/span><\/p>","protected":false},"featured_media":0,"comment_status":"open","ping_status":"closed","template":"","meta":[],"product_brand":[816],"product_cat":[324,388,451],"product_tag":[],"class_list":{"0":"post-33721","1":"product","2":"type-product","3":"status-publish","5":"product_brand-cerave","6":"product_cat-demaquillant-nettoyant","7":"product_cat-peaux-seches","8":"product_cat-aab-soin-du-visage","10":"first","11":"instock","12":"shipping-taxable","13":"product-type-simple"},"jetpack-related-posts":[{"id":29088,"url":"https:\/\/sakaba.mghosteur.com\/en\/product\/cerave-moisturizing-cream-453g\/","url_meta":{"origin":33721,"position":0},"title":"CERAVE MOISTURIZING CREAM 453G","author":"admin","date":"March 13, 2023","format":false,"excerpt":"La cr\u00e8me hydratante CeraVe est une solution id\u00e9ale pour les personnes souffrant de s\u00e9cheresse cutan\u00e9e et de d\u00e9mangeaisons. Gr\u00e2ce \u00e0 sa formule riche en acide hyaluronique et en c\u00e9ramides, elle aide \u00e0 hydrater la peau en profondeur et \u00e0 restaurer sa barri\u00e8re naturelle de protection. La cr\u00e8me contient trois c\u00e9ramides\u2026","rel":"","context":"Similar post","block_context":{"text":"Similar post","link":""},"img":{"alt_text":"","src":"","width":0,"height":0},"classes":[]},{"id":29028,"url":"https:\/\/sakaba.mghosteur.com\/en\/product\/cerave-facial-moisturizing-cream-19-oz\/","url_meta":{"origin":33721,"position":1},"title":"Cerave Facial Moisturizing Cream 19 OZ","author":"admin","date":"March 10, 2023","format":false,"excerpt":"La cr\u00e8me hydratante restauratrice de barri\u00e8res CeraVe est sp\u00e9cialement con\u00e7ue pour les peaux s\u00e8ches \u00e0 tr\u00e8s s\u00e8ches du visage et du corps. Cette cr\u00e8me contient de l'acide hyaluronique et 3 c\u00e9ramides essentiels qui agissent ensemble pour hydrater la peau et restaurer sa barri\u00e8re naturelle. La technologie MVE encapsule les c\u00e9ramides\u2026","rel":"","context":"Similar post","block_context":{"text":"Similar post","link":""},"img":{"alt_text":"","src":"","width":0,"height":0},"classes":[]},{"id":24173,"url":"https:\/\/sakaba.mghosteur.com\/en\/product\/cerave-hydrating-facial-cleanser-355-ml\/","url_meta":{"origin":33721,"position":2},"title":"CERAVE HYDRATING FACIAL CLEANSER 355 ML","author":"admin","date":"November 9, 2022","format":false,"excerpt":"Le nettoyant hydratant pour le visage CeraVe est le choix parfait pour une peau propre, hydrat\u00e9e et saine. Con\u00e7u avec des ingr\u00e9dients soigneusement s\u00e9lectionn\u00e9s, tels que les c\u00e9ramides et l'acide hyaluronique, ce nettoyant doux pour le visage est sp\u00e9cialement formul\u00e9 pour les peaux normales \u00e0 s\u00e8ches. Contrairement aux nettoyants classiques\u2026","rel":"","context":"Similar post","block_context":{"text":"Similar post","link":""},"img":{"alt_text":"","src":"","width":0,"height":0},"classes":[]},{"id":29056,"url":"https:\/\/sakaba.mghosteur.com\/en\/product\/cerave-hydrating-hyaluronic-acid-serum\/","url_meta":{"origin":33721,"position":3},"title":"CERAVE HYDRATING HYALURONIC ACID SERUM","author":"admin","date":"March 13, 2023","format":false,"excerpt":"Le S\u00e9rum hydratant \u00e0 l'acide hyaluronique de CeraVe est un puissant hydratant contenant de l'acide hyaluronique, de la vitamine B5 et trois c\u00e9ramides essentiels qui aident \u00e0 restaurer la barri\u00e8re protectrice de votre peau et \u00e0 lui donner une hydratation intense jusqu'\u00e0 24 heures. La technologie brevet\u00e9e MVE assure une\u2026","rel":"","context":"Similar post","block_context":{"text":"Similar post","link":""},"img":{"alt_text":"","src":"","width":0,"height":0},"classes":[]},{"id":32016,"url":"https:\/\/sakaba.mghosteur.com\/en\/product\/cerave-makeup-removing-cleanser-balm-2\/","url_meta":{"origin":33721,"position":4},"title":"CERAVE  MAKEUP REMOVING CLEANSER BALM","author":"admin","date":"May 13, 2024","format":false,"excerpt":"Les baumes nettoyants d\u00e9maquillants offrent le meilleur des deux mondes : l'efficacit\u00e9 nettoyante d'un baume, avec le confort et la commodit\u00e9 d'une cr\u00e8me nettoyante. Notre baume nettoyant d\u00e9maquillant aide \u00e0 \u00e9liminer efficacement le maquillage longue tenue, la salet\u00e9 et l'exc\u00e8s de s\u00e9bum (huile) de votre peau, pour un teint propre\u2026","rel":"","context":"Similar post","block_context":{"text":"Similar post","link":""},"img":{"alt_text":"","src":"","width":0,"height":0},"classes":[]},{"id":23930,"url":"https:\/\/sakaba.mghosteur.com\/en\/product\/cerave-hydrating-body-wash\/","url_meta":{"origin":33721,"position":5},"title":"CERAVE HYDRATING BODY WASH","author":"admin","date":"November 9, 2022","format":false,"excerpt":"Le gel douche hydratant CeraVe est parfait pour ceux qui recherchent un nettoyant pour le corps doux et hydratant. Cette formule nettoyante moussante est con\u00e7ue pour les peaux normales \u00e0 s\u00e8ches et aide \u00e0 \u00e9liminer la salet\u00e9 et les impuret\u00e9s sans dess\u00e9cher la peau. Au lieu de cela, il contient\u2026","rel":"","context":"Similar post","block_context":{"text":"Similar post","link":""},"img":{"alt_text":"","src":"","width":0,"height":0},"classes":[]}],"_links":{"self":[{"href":"https:\/\/sakaba.mghosteur.com\/en\/wp-json\/wp\/v2\/product\/33721","targetHints":{"allow":["GET"]}}],"collection":[{"href":"https:\/\/sakaba.mghosteur.com\/en\/wp-json\/wp\/v2\/product"}],"about":[{"href":"https:\/\/sakaba.mghosteur.com\/en\/wp-json\/wp\/v2\/types\/product"}],"replies":[{"embeddable":true,"href":"https:\/\/sakaba.mghosteur.com\/en\/wp-json\/wp\/v2\/comments?post=33721"}],"version-history":[{"count":0,"href":"https:\/\/sakaba.mghosteur.com\/en\/wp-json\/wp\/v2\/product\/33721\/revisions"}],"wp:attachment":[{"href":"https:\/\/sakaba.mghosteur.com\/en\/wp-json\/wp\/v2\/media?parent=33721"}],"wp:term":[{"taxonomy":"product_brand","embeddable":true,"href":"https:\/\/sakaba.mghosteur.com\/en\/wp-json\/wp\/v2\/product_brand?post=33721"},{"taxonomy":"product_cat","embeddable":true,"href":"https:\/\/sakaba.mghosteur.com\/en\/wp-json\/wp\/v2\/product_cat?post=33721"},{"taxonomy":"product_tag","embeddable":true,"href":"https:\/\/sakaba.mghosteur.com\/en\/wp-json\/wp\/v2\/product_tag?post=33721"}],"curies":[{"name":"wp","href":"https:\/\/api.w.org\/{rel}","templated":true}]}}