{"id":33731,"date":"2024-05-23T15:59:45","date_gmt":"2024-05-23T15:59:45","guid":{"rendered":"https:\/\/sakaba.mghosteur.com\/?post_type=product&#038;p=33731"},"modified":"2024-08-08T00:24:34","modified_gmt":"2024-08-08T00:24:34","slug":"aunt-jackies-soft-all-over-multi-purpose-oil","status":"publish","type":"product","link":"https:\/\/sakaba.mghosteur.com\/en\/product\/aunt-jackies-soft-all-over-multi-purpose-oil\/","title":{"rendered":"AUNT JACKIES SOFT ALL OVER  MULTI PURPOSE OIL"},"content":{"rendered":"","protected":false},"excerpt":{"rendered":"","protected":false},"featured_media":0,"comment_status":"open","ping_status":"closed","template":"","meta":[],"product_brand":[787],"product_cat":[284,1063],"product_tag":[],"class_list":{"0":"post-33731","1":"product","2":"type-product","3":"status-publish","5":"product_brand-aunt-jackies","6":"product_cat-aad-cheveux","7":"product_cat-traitement-capilaire","9":"first","10":"instock","11":"shipping-taxable","12":"product-type-simple"},"jetpack-related-posts":[{"id":25738,"url":"https:\/\/sakaba.mghosteur.com\/en\/product\/aunt-jackies-frizz-patrol-setting-mousse\/","url_meta":{"origin":33731,"position":0},"title":"AUNT JACKIES FRIZZ PATROL SETTING MOUSSE","author":"admin","date":"November 22, 2022","format":false,"excerpt":"","rel":"","context":"Similar post","block_context":{"text":"Similar post","link":""},"img":{"alt_text":"","src":"","width":0,"height":0},"classes":[]},{"id":25748,"url":"https:\/\/sakaba.mghosteur.com\/en\/product\/aunt-jackies-curl-coils-curl-la-la\/","url_meta":{"origin":33731,"position":1},"title":"Aunt Jackie&#8217;s Curl &#038; Coils Curl La La","author":"admin","date":"November 22, 2022","format":false,"excerpt":"","rel":"","context":"Similar post","block_context":{"text":"Similar post","link":""},"img":{"alt_text":"","src":"","width":0,"height":0},"classes":[]},{"id":25742,"url":"https:\/\/sakaba.mghosteur.com\/en\/product\/aunt-jackies-quench-leave-in-conditioner\/","url_meta":{"origin":33731,"position":2},"title":"Aunt Jackie&#8217;s Quench Leave-In Conditioner","author":"admin","date":"November 22, 2022","format":false,"excerpt":"","rel":"","context":"Similar post","block_context":{"text":"Similar post","link":""},"img":{"alt_text":"","src":"","width":0,"height":0},"classes":[]},{"id":25746,"url":"https:\/\/sakaba.mghosteur.com\/en\/product\/aunt-jackies-curl-boss-coconut-curling-gelee\/","url_meta":{"origin":33731,"position":3},"title":"Aunt Jackie&#8217;s Curl Boss Coconut Curling Gelee","author":"admin","date":"November 22, 2022","format":false,"excerpt":"","rel":"","context":"Similar post","block_context":{"text":"Similar post","link":""},"img":{"alt_text":"","src":"","width":0,"height":0},"classes":[]},{"id":25744,"url":"https:\/\/sakaba.mghosteur.com\/en\/product\/aunt-jackies-butter-creme-intense-moisture-seasant\/","url_meta":{"origin":33731,"position":4},"title":"AUNT JACKIE&#8217;S BUTTER CREME  INTENSE MOISTURE SEASANT","author":"admin","date":"November 22, 2022","format":false,"excerpt":"Le soin hydratant intensif Butter Creme de Aunt Jackie est un soin revitalisant sans rin\u00e7age con\u00e7u pour les cheveux chroniquement secs. Il est compos\u00e9 d'huile de coco et de ricin, ainsi que de beurre de karit\u00e9, de mono\u00ef et d'extrait de romarin. Il est sans sulfate, sans parab\u00e8ne et ne\u2026","rel":"","context":"Similar post","block_context":{"text":"Similar post","link":""},"img":{"alt_text":"","src":"","width":0,"height":0},"classes":[]},{"id":25694,"url":"https:\/\/sakaba.mghosteur.com\/en\/product\/aunt-jackies-knot-on-my-watch-instant-leave-in-detangling-therapy\/","url_meta":{"origin":33731,"position":5},"title":"Aunt Jackie&#8217;s Knot On My Watch, Instant Leave-in Detangling Therapy","author":"admin","date":"November 22, 2022","format":false,"excerpt":"","rel":"","context":"Similar post","block_context":{"text":"Similar post","link":""},"img":{"alt_text":"","src":"","width":0,"height":0},"classes":[]}],"_links":{"self":[{"href":"https:\/\/sakaba.mghosteur.com\/en\/wp-json\/wp\/v2\/product\/33731","targetHints":{"allow":["GET"]}}],"collection":[{"href":"https:\/\/sakaba.mghosteur.com\/en\/wp-json\/wp\/v2\/product"}],"about":[{"href":"https:\/\/sakaba.mghosteur.com\/en\/wp-json\/wp\/v2\/types\/product"}],"replies":[{"embeddable":true,"href":"https:\/\/sakaba.mghosteur.com\/en\/wp-json\/wp\/v2\/comments?post=33731"}],"version-history":[{"count":0,"href":"https:\/\/sakaba.mghosteur.com\/en\/wp-json\/wp\/v2\/product\/33731\/revisions"}],"wp:attachment":[{"href":"https:\/\/sakaba.mghosteur.com\/en\/wp-json\/wp\/v2\/media?parent=33731"}],"wp:term":[{"taxonomy":"product_brand","embeddable":true,"href":"https:\/\/sakaba.mghosteur.com\/en\/wp-json\/wp\/v2\/product_brand?post=33731"},{"taxonomy":"product_cat","embeddable":true,"href":"https:\/\/sakaba.mghosteur.com\/en\/wp-json\/wp\/v2\/product_cat?post=33731"},{"taxonomy":"product_tag","embeddable":true,"href":"https:\/\/sakaba.mghosteur.com\/en\/wp-json\/wp\/v2\/product_tag?post=33731"}],"curies":[{"name":"wp","href":"https:\/\/api.w.org\/{rel}","templated":true}]}}