{"id":33765,"date":"2024-05-23T16:09:39","date_gmt":"2024-05-23T16:09:39","guid":{"rendered":"https:\/\/sakaba.mghosteur.com\/?post_type=product&#038;p=33765"},"modified":"2024-09-01T14:35:31","modified_gmt":"2024-09-01T14:35:31","slug":"bobbi-brown-skin-long-wear-weightless-foundation-s-8-walnut","status":"publish","type":"product","link":"https:\/\/sakaba.mghosteur.com\/en\/product\/bobbi-brown-skin-long-wear-weightless-foundation-s-8-walnut\/","title":{"rendered":"Bobbi Brown Skin Long-Wear Weightless Foundation S 8-Walnut"},"content":{"rendered":"<p>Un fond de teint couvrant et couvrant qui dure 16 heures avec un fini mat naturel et multidimensionnel, confortable, respirant et l\u00e9ger.<\/p>","protected":false},"excerpt":{"rendered":"<p>Un fond de teint couvrant et couvrant qui dure 16 heures avec un fini mat naturel et multidimensionnel, confortable, respirant et l\u00e9ger.<\/p>","protected":false},"featured_media":0,"comment_status":"open","ping_status":"closed","template":"","meta":[],"product_brand":[807],"product_cat":[289,311],"product_tag":[],"class_list":{"0":"post-33765","1":"product","2":"type-product","3":"status-publish","5":"product_brand-bobby-brown","6":"product_cat-aaa-maquillage","7":"product_cat-teint","9":"first","10":"instock","11":"shipping-taxable","12":"product-type-simple"},"jetpack-related-posts":[{"id":56206,"url":"https:\/\/sakaba.mghosteur.com\/en\/product\/mediheal-watermide-moisture-pad\/","url_meta":{"origin":33765,"position":0},"title":"Mediheal Watermide Moisture Pad","author":"Sope DIA","date":"January 2, 2026","format":false,"excerpt":"Tampons de toner quotidiens jour et nuit pour une r\u00e9paration rapide de la peau Fournit la solution de beaut\u00e9 adapt\u00e9e \u00e0 vos types de peau et \u00e0 vos pr\u00e9occupations. Taille (67 mm) pour couvrir une large zone. Coins arrondis pour un ajustement parfait sur la peau. 2 en 1 ;\u2026","rel":"","context":"Similar post","block_context":{"text":"Similar post","link":""},"img":{"alt_text":"","src":"","width":0,"height":0},"classes":[]},{"id":22932,"url":"https:\/\/sakaba.mghosteur.com\/en\/product\/nars-soft-complete-foundation\/","url_meta":{"origin":33765,"position":1},"title":"NARS Soft Complete Foundation","author":"admin","date":"October 24, 2022","format":false,"excerpt":"Le fond de teint Soft Matte Complete de NARS, qui se diffuse parfaitement et offre un effet seconde peau, offre jusqu'\u00e0 16 heures de tenue fid\u00e8le de la couleur avec un fini couvrant. D\u00e9velopp\u00e9 avec le complexe antioxydant \u00e0 base de plantes de la marque, ce fond de teint riche\u2026","rel":"","context":"Similar post","block_context":{"text":"Similar post","link":""},"img":{"alt_text":"","src":"","width":0,"height":0},"classes":[]},{"id":35028,"url":"https:\/\/sakaba.mghosteur.com\/en\/product\/nars-soft-matte-complete-foundation-cadiz\/","url_meta":{"origin":33765,"position":2},"title":"NARS Soft Matte Complete Foundation Cadiz","author":"admin","date":"June 5, 2024","format":false,"excerpt":"Le fond de teint Soft Matte Complete de NARS, qui se diffuse parfaitement et offre un effet seconde peau, offre jusqu'\u00e0 16 heures de tenue fid\u00e8le de la couleur avec un fini couvrant. D\u00e9velopp\u00e9 avec le complexe antioxydant \u00e0 base de plantes de la marque, ce fond de teint riche\u2026","rel":"","context":"Similar post","block_context":{"text":"Similar post","link":""},"img":{"alt_text":"","src":"","width":0,"height":0},"classes":[]},{"id":35031,"url":"https:\/\/sakaba.mghosteur.com\/en\/product\/nars-soft-matte-complete-foundation-caracas\/","url_meta":{"origin":33765,"position":3},"title":"NARS Soft Matte Complete Foundation Caracas","author":"admin","date":"June 5, 2024","format":false,"excerpt":"Le fond de teint Soft Matte Complete de NARS, qui se diffuse parfaitement et offre un effet seconde peau, offre jusqu'\u00e0 16 heures de tenue fid\u00e8le de la couleur avec un fini couvrant. D\u00e9velopp\u00e9 avec le complexe antioxydant \u00e0 base de plantes de la marque, ce fond de teint riche\u2026","rel":"","context":"Similar post","block_context":{"text":"Similar post","link":""},"img":{"alt_text":"","src":"","width":0,"height":0},"classes":[]},{"id":35034,"url":"https:\/\/sakaba.mghosteur.com\/en\/product\/nars-soft-matte-complete-foundation-deauville\/","url_meta":{"origin":33765,"position":4},"title":"NARS Soft Matte Complete Foundation DEAUVILLE","author":"admin","date":"June 5, 2024","format":false,"excerpt":"Le fond de teint Soft Matte Complete de NARS, qui se diffuse parfaitement et offre un effet seconde peau, offre jusqu'\u00e0 16 heures de tenue fid\u00e8le de la couleur avec un fini couvrant. D\u00e9velopp\u00e9 avec le complexe antioxydant \u00e0 base de plantes de la marque, ce fond de teint riche\u2026","rel":"","context":"Similar post","block_context":{"text":"Similar post","link":""},"img":{"alt_text":"","src":"","width":0,"height":0},"classes":[]},{"id":35037,"url":"https:\/\/sakaba.mghosteur.com\/en\/product\/nars-soft-matte-complete-foundation-mananus\/","url_meta":{"origin":33765,"position":5},"title":"NARS Soft Matte Complete Foundation MANANUS","author":"admin","date":"June 5, 2024","format":false,"excerpt":"Le fond de teint Soft Matte Complete de NARS, qui se diffuse parfaitement et offre un effet seconde peau, offre jusqu'\u00e0 16 heures de tenue fid\u00e8le de la couleur avec un fini couvrant. D\u00e9velopp\u00e9 avec le complexe antioxydant \u00e0 base de plantes de la marque, ce fond de teint riche\u2026","rel":"","context":"Similar post","block_context":{"text":"Similar post","link":""},"img":{"alt_text":"","src":"","width":0,"height":0},"classes":[]}],"_links":{"self":[{"href":"https:\/\/sakaba.mghosteur.com\/en\/wp-json\/wp\/v2\/product\/33765","targetHints":{"allow":["GET"]}}],"collection":[{"href":"https:\/\/sakaba.mghosteur.com\/en\/wp-json\/wp\/v2\/product"}],"about":[{"href":"https:\/\/sakaba.mghosteur.com\/en\/wp-json\/wp\/v2\/types\/product"}],"replies":[{"embeddable":true,"href":"https:\/\/sakaba.mghosteur.com\/en\/wp-json\/wp\/v2\/comments?post=33765"}],"version-history":[{"count":0,"href":"https:\/\/sakaba.mghosteur.com\/en\/wp-json\/wp\/v2\/product\/33765\/revisions"}],"wp:attachment":[{"href":"https:\/\/sakaba.mghosteur.com\/en\/wp-json\/wp\/v2\/media?parent=33765"}],"wp:term":[{"taxonomy":"product_brand","embeddable":true,"href":"https:\/\/sakaba.mghosteur.com\/en\/wp-json\/wp\/v2\/product_brand?post=33765"},{"taxonomy":"product_cat","embeddable":true,"href":"https:\/\/sakaba.mghosteur.com\/en\/wp-json\/wp\/v2\/product_cat?post=33765"},{"taxonomy":"product_tag","embeddable":true,"href":"https:\/\/sakaba.mghosteur.com\/en\/wp-json\/wp\/v2\/product_tag?post=33765"}],"curies":[{"name":"wp","href":"https:\/\/api.w.org\/{rel}","templated":true}]}}