{"id":33777,"date":"2024-05-23T16:14:33","date_gmt":"2024-05-23T16:14:33","guid":{"rendered":"https:\/\/sakaba.mghosteur.com\/?post_type=product&#038;p=33777"},"modified":"2024-05-23T16:14:33","modified_gmt":"2024-05-23T16:14:33","slug":"johnsons-head-to-toe-moisturizing-baby-body-lotion","status":"publish","type":"product","link":"https:\/\/sakaba.mghosteur.com\/en\/product\/johnsons-head-to-toe-moisturizing-baby-body-lotion\/","title":{"rendered":"Johnson&#8217;s Head-to-Toe Moisturizing Baby Body Lotion"},"content":{"rendered":"","protected":false},"excerpt":{"rendered":"","protected":false},"featured_media":0,"comment_status":"open","ping_status":"closed","template":"","meta":[],"product_brand":[794],"product_cat":[377],"product_tag":[],"class_list":{"0":"post-33777","1":"product","2":"type-product","3":"status-publish","5":"product_brand-baby-johnson","6":"product_cat-bath-body-works","8":"first","9":"instock","10":"shipping-taxable","11":"product-type-simple"},"jetpack-related-posts":[{"id":33844,"url":"https:\/\/sakaba.mghosteur.com\/en\/product\/johnsons-head-to-toe-moisturizing-baby-body-lotion-2\/","url_meta":{"origin":33777,"position":0},"title":"Johnson&#8217;s Head-to-Toe Moisturizing Baby Body Lotion","author":"admin","date":"May 23, 2024","format":false,"excerpt":"","rel":"","context":"Similar post","block_context":{"text":"Similar post","link":""},"img":{"alt_text":"","src":"","width":0,"height":0},"classes":[]},{"id":28385,"url":"https:\/\/sakaba.mghosteur.com\/en\/product\/baby-johnsons-head-to-toe-baby-wash-and-shampoo\/","url_meta":{"origin":33777,"position":1},"title":"Baby Johnson&#8217;s Head-To-Toe Baby Wash and Shampoo","author":"admin","date":"November 30, 2022","format":false,"excerpt":"","rel":"","context":"Similar post","block_context":{"text":"Similar post","link":""},"img":{"alt_text":"","src":"","width":0,"height":0},"classes":[]},{"id":28359,"url":"https:\/\/sakaba.mghosteur.com\/en\/product\/johnsons-head-to-toe\/","url_meta":{"origin":33777,"position":2},"title":"JOHNSON&#8217;S Head-To-Toe","author":"admin","date":"November 30, 2022","format":false,"excerpt":"","rel":"","context":"Similar post","block_context":{"text":"Similar post","link":""},"img":{"alt_text":"","src":"","width":0,"height":0},"classes":[]},{"id":28103,"url":"https:\/\/sakaba.mghosteur.com\/en\/product\/cerave-baby-moisturizing-lotion\/","url_meta":{"origin":33777,"position":3},"title":"CERAVE BABY MOISTURIZING LOTION","author":"admin","date":"November 30, 2022","format":false,"excerpt":"La lotion hydratante pour b\u00e9b\u00e9 de la marque CeraVe est un choix id\u00e9al pour les parents \u00e0 la recherche d'une formule douce et efficace pour hydrater la peau de leur b\u00e9b\u00e9 tout en prot\u00e9geant sa barri\u00e8re cutan\u00e9e d\u00e9licate. D\u00e9velopp\u00e9e avec des dermatologues p\u00e9diatriques, cette lotion pour b\u00e9b\u00e9 est exempte de\u2026","rel":"","context":"Similar post","block_context":{"text":"Similar post","link":""},"img":{"alt_text":"","src":"","width":0,"height":0},"classes":[]},{"id":24025,"url":"https:\/\/sakaba.mghosteur.com\/en\/product\/aveeno-daily-moisturizing-body-lotion-for-dry-skin\/","url_meta":{"origin":33777,"position":4},"title":"Aveeno Daily Moisturizing Body Lotion For Dry Skin 18 OZ","author":"admin","date":"November 9, 2022","format":false,"excerpt":"La lotion corporelle hydratante quotidienne Aveeno est une lotion sans parfum con\u00e7ue pour nourrir intens\u00e9ment la peau s\u00e8che et lui procurer jusqu'\u00e0 24 heures d'hydratation. Elle est fabriqu\u00e9e avec une formule \u00e0 base d'avoine pr\u00e9biotique qui s'absorbe rapidement et aide \u00e0 reconstituer la barri\u00e8re d'hydratation naturelle de la peau.","rel":"","context":"Similar post","block_context":{"text":"Similar post","link":""},"img":{"alt_text":"","src":"","width":0,"height":0},"classes":[]},{"id":33516,"url":"https:\/\/sakaba.mghosteur.com\/en\/product\/aveeno-daily-moisturizing-body-lotion-for-dry-skin-18oz\/","url_meta":{"origin":33777,"position":5},"title":"Aveeno Daily Moisturizing Body Lotion For Dry Skin, 18oz.","author":"admin","date":"May 22, 2024","format":false,"excerpt":"Nourrissez intens\u00e9ment la peau s\u00e8che avec une formule \u00e0 base d'avoine pr\u00e9biotique. La lotion quotidienne douce nourrit et aide \u00e0 reconstituer la barri\u00e8re d'hydratation naturelle de la peau et offre une hydratation cliniquement prouv\u00e9e qui dure 24 heures. Hydratation 24 heures cliniquement prouv\u00e9e La lotion quotidienne nourrit la peau s\u00e8che\u2026","rel":"","context":"Similar post","block_context":{"text":"Similar post","link":""},"img":{"alt_text":"","src":"","width":0,"height":0},"classes":[]}],"_links":{"self":[{"href":"https:\/\/sakaba.mghosteur.com\/en\/wp-json\/wp\/v2\/product\/33777","targetHints":{"allow":["GET"]}}],"collection":[{"href":"https:\/\/sakaba.mghosteur.com\/en\/wp-json\/wp\/v2\/product"}],"about":[{"href":"https:\/\/sakaba.mghosteur.com\/en\/wp-json\/wp\/v2\/types\/product"}],"replies":[{"embeddable":true,"href":"https:\/\/sakaba.mghosteur.com\/en\/wp-json\/wp\/v2\/comments?post=33777"}],"version-history":[{"count":0,"href":"https:\/\/sakaba.mghosteur.com\/en\/wp-json\/wp\/v2\/product\/33777\/revisions"}],"wp:attachment":[{"href":"https:\/\/sakaba.mghosteur.com\/en\/wp-json\/wp\/v2\/media?parent=33777"}],"wp:term":[{"taxonomy":"product_brand","embeddable":true,"href":"https:\/\/sakaba.mghosteur.com\/en\/wp-json\/wp\/v2\/product_brand?post=33777"},{"taxonomy":"product_cat","embeddable":true,"href":"https:\/\/sakaba.mghosteur.com\/en\/wp-json\/wp\/v2\/product_cat?post=33777"},{"taxonomy":"product_tag","embeddable":true,"href":"https:\/\/sakaba.mghosteur.com\/en\/wp-json\/wp\/v2\/product_tag?post=33777"}],"curies":[{"name":"wp","href":"https:\/\/api.w.org\/{rel}","templated":true}]}}