{"id":33787,"date":"2024-05-23T16:18:00","date_gmt":"2024-05-23T16:18:00","guid":{"rendered":"https:\/\/sakaba.mghosteur.com\/?post_type=product&#038;p=33787"},"modified":"2024-09-10T14:38:42","modified_gmt":"2024-09-10T14:38:42","slug":"juvia-s-place-blushed-liquid-blush-carol-rose","status":"publish","type":"product","link":"https:\/\/sakaba.mghosteur.com\/en\/product\/juvia-s-place-blushed-liquid-blush-carol-rose\/","title":{"rendered":"JUVIA S PLACE BLUSHED LIQUID BLUSH CAROL ROSE"},"content":{"rendered":"","protected":false},"excerpt":{"rendered":"","protected":false},"featured_media":0,"comment_status":"open","ping_status":"closed","template":"","meta":[],"product_brand":[889],"product_cat":[317,289],"product_tag":[],"class_list":{"0":"post-33787","1":"product","2":"type-product","3":"status-publish","5":"product_brand-juvias-place","6":"product_cat-blush","7":"product_cat-aaa-maquillage","9":"first","10":"instock","11":"shipping-taxable","12":"product-type-simple"},"jetpack-related-posts":[{"id":33790,"url":"https:\/\/sakaba.mghosteur.com\/en\/product\/juvia-s-place-blushed-liquid-blush-dahlia\/","url_meta":{"origin":33787,"position":0},"title":"JUVIA S PLACE BLUSHED LIQUID BLUSH DAHLIA","author":"admin","date":"May 23, 2024","format":false,"excerpt":"","rel":"","context":"Similar post","block_context":{"text":"Similar post","link":""},"img":{"alt_text":"","src":"","width":0,"height":0},"classes":[]},{"id":33793,"url":"https:\/\/sakaba.mghosteur.com\/en\/product\/juvia-s-place-blushed-liquid-blush-lily-love\/","url_meta":{"origin":33787,"position":1},"title":"JUVIA S PLACE BLUSHED LIQUID BLUSH LILY LOVE","author":"admin","date":"May 23, 2024","format":false,"excerpt":"","rel":"","context":"Similar post","block_context":{"text":"Similar post","link":""},"img":{"alt_text":"","src":"","width":0,"height":0},"classes":[]},{"id":33796,"url":"https:\/\/sakaba.mghosteur.com\/en\/product\/juvia-s-place-blushed-liquid-blush-soft-tulip\/","url_meta":{"origin":33787,"position":2},"title":"JUVIA S PLACE BLUSHED LIQUID BLUSH SOFT TULIP","author":"admin","date":"May 23, 2024","format":false,"excerpt":"","rel":"","context":"Similar post","block_context":{"text":"Similar post","link":""},"img":{"alt_text":"","src":"","width":0,"height":0},"classes":[]},{"id":33595,"url":"https:\/\/sakaba.mghosteur.com\/en\/product\/l-a-girl-blush-palette-blushed-babe\/","url_meta":{"origin":33787,"position":3},"title":"L.A.GIRL Blush Palette Blushed Babe","author":"admin","date":"May 22, 2024","format":false,"excerpt":"","rel":"","context":"Similar post","block_context":{"text":"Similar post","link":""},"img":{"alt_text":"","src":"","width":0,"height":0},"classes":[]},{"id":33982,"url":"https:\/\/sakaba.mghosteur.com\/en\/product\/carol-s-daughter-wash-day-delight\/","url_meta":{"origin":33787,"position":4},"title":"CAROL\u2019S DAUGHTER WASH DAY DELIGHT","author":"admin","date":"May 24, 2024","format":false,"excerpt":"Le shampooing micellaire d\u00e9lice du jour de lavage de Carol's daughter \u00e0 l'eau de rose se transforme d'une eau en une mousse douce pour un nettoyage en profondeur sans d\u00e9capage ni frottement agressif pour aider \u00e0 r\u00e9duire le temps le jour du lavage Nettoie les cheveux rapidement - parfait pour\u2026","rel":"","context":"Similar post","block_context":{"text":"Similar post","link":""},"img":{"alt_text":"","src":"","width":0,"height":0},"classes":[]},{"id":33799,"url":"https:\/\/sakaba.mghosteur.com\/en\/product\/juvia-s-place-bronzed-amber\/","url_meta":{"origin":33787,"position":5},"title":"JUVIA S PLACE BRONZED AMBER","author":"admin","date":"May 23, 2024","format":false,"excerpt":"","rel":"","context":"Similar post","block_context":{"text":"Similar post","link":""},"img":{"alt_text":"","src":"","width":0,"height":0},"classes":[]}],"_links":{"self":[{"href":"https:\/\/sakaba.mghosteur.com\/en\/wp-json\/wp\/v2\/product\/33787","targetHints":{"allow":["GET"]}}],"collection":[{"href":"https:\/\/sakaba.mghosteur.com\/en\/wp-json\/wp\/v2\/product"}],"about":[{"href":"https:\/\/sakaba.mghosteur.com\/en\/wp-json\/wp\/v2\/types\/product"}],"replies":[{"embeddable":true,"href":"https:\/\/sakaba.mghosteur.com\/en\/wp-json\/wp\/v2\/comments?post=33787"}],"version-history":[{"count":0,"href":"https:\/\/sakaba.mghosteur.com\/en\/wp-json\/wp\/v2\/product\/33787\/revisions"}],"wp:attachment":[{"href":"https:\/\/sakaba.mghosteur.com\/en\/wp-json\/wp\/v2\/media?parent=33787"}],"wp:term":[{"taxonomy":"product_brand","embeddable":true,"href":"https:\/\/sakaba.mghosteur.com\/en\/wp-json\/wp\/v2\/product_brand?post=33787"},{"taxonomy":"product_cat","embeddable":true,"href":"https:\/\/sakaba.mghosteur.com\/en\/wp-json\/wp\/v2\/product_cat?post=33787"},{"taxonomy":"product_tag","embeddable":true,"href":"https:\/\/sakaba.mghosteur.com\/en\/wp-json\/wp\/v2\/product_tag?post=33787"}],"curies":[{"name":"wp","href":"https:\/\/api.w.org\/{rel}","templated":true}]}}