{"id":33799,"date":"2024-05-23T16:21:00","date_gmt":"2024-05-23T16:21:00","guid":{"rendered":"https:\/\/sakaba.mghosteur.com\/?post_type=product&#038;p=33799"},"modified":"2024-05-23T16:21:00","modified_gmt":"2024-05-23T16:21:00","slug":"juvia-s-place-bronzed-amber","status":"publish","type":"product","link":"https:\/\/sakaba.mghosteur.com\/en\/product\/juvia-s-place-bronzed-amber\/","title":{"rendered":"JUVIA S PLACE BRONZED AMBER"},"content":{"rendered":"","protected":false},"excerpt":{"rendered":"","protected":false},"featured_media":0,"comment_status":"open","ping_status":"closed","template":"","meta":[],"product_brand":[889],"product_cat":[377],"product_tag":[],"class_list":{"0":"post-33799","1":"product","2":"type-product","3":"status-publish","5":"product_brand-juvias-place","6":"product_cat-bath-body-works","8":"first","9":"instock","10":"shipping-taxable","11":"product-type-simple"},"jetpack-related-posts":[{"id":33802,"url":"https:\/\/sakaba.mghosteur.com\/en\/product\/juvia-s-place-bronzed-nutmeg\/","url_meta":{"origin":33799,"position":0},"title":"JUVIA S PLACE BRONZED NUTMEG","author":"admin","date":"May 23, 2024","format":false,"excerpt":"","rel":"","context":"Similar post","block_context":{"text":"Similar post","link":""},"img":{"alt_text":"","src":"","width":0,"height":0},"classes":[]},{"id":33805,"url":"https:\/\/sakaba.mghosteur.com\/en\/product\/juvia-s-place-bronzed-sunkissed\/","url_meta":{"origin":33799,"position":1},"title":"JUVIA S PLACE BRONZED SUNKISSED","author":"admin","date":"May 23, 2024","format":false,"excerpt":"Cr\u00e8me bronzante JUVIA'S PLACE Bronzed Cream Bronzer, votre ticket ultime pour un teint ensoleill\u00e9 et radieux toute l'ann\u00e9e. Am\u00e9liorez votre routine de maquillage avec cette luxueuse cr\u00e8me bronzante qui offre sans effort un \u00e9clat naturel et illumin\u00e9 de l'int\u00e9rieur.","rel":"","context":"Similar post","block_context":{"text":"Similar post","link":""},"img":{"alt_text":"","src":"","width":0,"height":0},"classes":[]},{"id":33790,"url":"https:\/\/sakaba.mghosteur.com\/en\/product\/juvia-s-place-blushed-liquid-blush-dahlia\/","url_meta":{"origin":33799,"position":2},"title":"JUVIA S PLACE BLUSHED LIQUID BLUSH DAHLIA","author":"admin","date":"May 23, 2024","format":false,"excerpt":"","rel":"","context":"Similar post","block_context":{"text":"Similar post","link":""},"img":{"alt_text":"","src":"","width":0,"height":0},"classes":[]},{"id":33787,"url":"https:\/\/sakaba.mghosteur.com\/en\/product\/juvia-s-place-blushed-liquid-blush-carol-rose\/","url_meta":{"origin":33799,"position":3},"title":"JUVIA S PLACE BLUSHED LIQUID BLUSH CAROL ROSE","author":"admin","date":"May 23, 2024","format":false,"excerpt":"","rel":"","context":"Similar post","block_context":{"text":"Similar post","link":""},"img":{"alt_text":"","src":"","width":0,"height":0},"classes":[]},{"id":33793,"url":"https:\/\/sakaba.mghosteur.com\/en\/product\/juvia-s-place-blushed-liquid-blush-lily-love\/","url_meta":{"origin":33799,"position":4},"title":"JUVIA S PLACE BLUSHED LIQUID BLUSH LILY LOVE","author":"admin","date":"May 23, 2024","format":false,"excerpt":"","rel":"","context":"Similar post","block_context":{"text":"Similar post","link":""},"img":{"alt_text":"","src":"","width":0,"height":0},"classes":[]},{"id":33796,"url":"https:\/\/sakaba.mghosteur.com\/en\/product\/juvia-s-place-blushed-liquid-blush-soft-tulip\/","url_meta":{"origin":33799,"position":5},"title":"JUVIA S PLACE BLUSHED LIQUID BLUSH SOFT TULIP","author":"admin","date":"May 23, 2024","format":false,"excerpt":"","rel":"","context":"Similar post","block_context":{"text":"Similar post","link":""},"img":{"alt_text":"","src":"","width":0,"height":0},"classes":[]}],"_links":{"self":[{"href":"https:\/\/sakaba.mghosteur.com\/en\/wp-json\/wp\/v2\/product\/33799","targetHints":{"allow":["GET"]}}],"collection":[{"href":"https:\/\/sakaba.mghosteur.com\/en\/wp-json\/wp\/v2\/product"}],"about":[{"href":"https:\/\/sakaba.mghosteur.com\/en\/wp-json\/wp\/v2\/types\/product"}],"replies":[{"embeddable":true,"href":"https:\/\/sakaba.mghosteur.com\/en\/wp-json\/wp\/v2\/comments?post=33799"}],"version-history":[{"count":0,"href":"https:\/\/sakaba.mghosteur.com\/en\/wp-json\/wp\/v2\/product\/33799\/revisions"}],"wp:attachment":[{"href":"https:\/\/sakaba.mghosteur.com\/en\/wp-json\/wp\/v2\/media?parent=33799"}],"wp:term":[{"taxonomy":"product_brand","embeddable":true,"href":"https:\/\/sakaba.mghosteur.com\/en\/wp-json\/wp\/v2\/product_brand?post=33799"},{"taxonomy":"product_cat","embeddable":true,"href":"https:\/\/sakaba.mghosteur.com\/en\/wp-json\/wp\/v2\/product_cat?post=33799"},{"taxonomy":"product_tag","embeddable":true,"href":"https:\/\/sakaba.mghosteur.com\/en\/wp-json\/wp\/v2\/product_tag?post=33799"}],"curies":[{"name":"wp","href":"https:\/\/api.w.org\/{rel}","templated":true}]}}