{"id":33805,"date":"2024-05-23T16:23:02","date_gmt":"2024-05-23T16:23:02","guid":{"rendered":"https:\/\/sakaba.mghosteur.com\/?post_type=product&#038;p=33805"},"modified":"2024-08-25T03:32:02","modified_gmt":"2024-08-25T03:32:02","slug":"juvia-s-place-bronzed-sunkissed","status":"publish","type":"product","link":"https:\/\/sakaba.mghosteur.com\/en\/product\/juvia-s-place-bronzed-sunkissed\/","title":{"rendered":"JUVIA S PLACE BRONZED SUNKISSED"},"content":{"rendered":"<p>Cr\u00e8me bronzante JUVIA&#8217;S PLACE Bronzed Cream Bronzer, votre ticket ultime pour un teint ensoleill\u00e9 et radieux toute l&#8217;ann\u00e9e. Am\u00e9liorez votre routine de maquillage avec cette luxueuse cr\u00e8me bronzante qui offre sans effort un \u00e9clat naturel et illumin\u00e9 de l&#8217;int\u00e9rieur.<\/p>","protected":false},"excerpt":{"rendered":"<p>Cr\u00e8me bronzante JUVIA&#8217;S PLACE Bronzed Cream Bronzer, votre ticket ultime pour un teint ensoleill\u00e9 et radieux toute l&#8217;ann\u00e9e. Am\u00e9liorez votre routine de maquillage avec cette luxueuse cr\u00e8me bronzante qui offre sans effort un \u00e9clat naturel et illumin\u00e9 de l&#8217;int\u00e9rieur.<\/p>","protected":false},"featured_media":0,"comment_status":"open","ping_status":"closed","template":"","meta":[],"product_brand":[889],"product_cat":[289,311],"product_tag":[],"class_list":{"0":"post-33805","1":"product","2":"type-product","3":"status-publish","5":"product_brand-juvias-place","6":"product_cat-aaa-maquillage","7":"product_cat-teint","9":"first","10":"instock","11":"shipping-taxable","12":"product-type-simple"},"jetpack-related-posts":[{"id":32849,"url":"https:\/\/sakaba.mghosteur.com\/en\/product\/dermablend-cover-creme-golden-bronze-65w-chroma-4\/","url_meta":{"origin":33805,"position":0},"title":"DERMABLEND COVER CREME GOLDEN BRONZE 65W CHROMA 4","author":"admin","date":"May 16, 2024","format":false,"excerpt":"","rel":"","context":"Similar post","block_context":{"text":"Similar post","link":""},"img":{"alt_text":"","src":"","width":0,"height":0},"classes":[]},{"id":33799,"url":"https:\/\/sakaba.mghosteur.com\/en\/product\/juvia-s-place-bronzed-amber\/","url_meta":{"origin":33805,"position":1},"title":"JUVIA S PLACE BRONZED AMBER","author":"admin","date":"May 23, 2024","format":false,"excerpt":"","rel":"","context":"Similar post","block_context":{"text":"Similar post","link":""},"img":{"alt_text":"","src":"","width":0,"height":0},"classes":[]},{"id":33802,"url":"https:\/\/sakaba.mghosteur.com\/en\/product\/juvia-s-place-bronzed-nutmeg\/","url_meta":{"origin":33805,"position":2},"title":"JUVIA S PLACE BRONZED NUTMEG","author":"admin","date":"May 23, 2024","format":false,"excerpt":"","rel":"","context":"Similar post","block_context":{"text":"Similar post","link":""},"img":{"alt_text":"","src":"","width":0,"height":0},"classes":[]},{"id":24558,"url":"https:\/\/sakaba.mghosteur.com\/en\/product\/milani-intense-bronze-glow\/","url_meta":{"origin":33805,"position":3},"title":"MILANI Intense Bronze Glow","author":"admin","date":"November 10, 2022","format":false,"excerpt":"","rel":"","context":"Similar post","block_context":{"text":"Similar post","link":""},"img":{"alt_text":"","src":"","width":0,"height":0},"classes":[]},{"id":33665,"url":"https:\/\/sakaba.mghosteur.com\/en\/product\/textures-tones-6bv-bronze\/","url_meta":{"origin":33805,"position":4},"title":"TEXTURES &amp; TONES 6BV BRONZE","author":"admin","date":"May 22, 2024","format":false,"excerpt":"","rel":"","context":"Similar post","block_context":{"text":"Similar post","link":""},"img":{"alt_text":"","src":"","width":0,"height":0},"classes":[]},{"id":34533,"url":"https:\/\/sakaba.mghosteur.com\/en\/product\/fenty-beauty-sun-stalk-r-caramel-cutie-06\/","url_meta":{"origin":33805,"position":5},"title":"FENTY BEAUTY SUN STALK R CARAMEL CUTIE 06","author":"admin","date":"May 29, 2024","format":false,"excerpt":"Poudre bronzante longue tenue et r\u00e9sistante au transfert qui donne vie \u00e0 tous les tons de peau avec un \u00e9clat ensoleill\u00e9 instantan\u00e9.","rel":"","context":"Similar post","block_context":{"text":"Similar post","link":""},"img":{"alt_text":"","src":"","width":0,"height":0},"classes":[]}],"_links":{"self":[{"href":"https:\/\/sakaba.mghosteur.com\/en\/wp-json\/wp\/v2\/product\/33805","targetHints":{"allow":["GET"]}}],"collection":[{"href":"https:\/\/sakaba.mghosteur.com\/en\/wp-json\/wp\/v2\/product"}],"about":[{"href":"https:\/\/sakaba.mghosteur.com\/en\/wp-json\/wp\/v2\/types\/product"}],"replies":[{"embeddable":true,"href":"https:\/\/sakaba.mghosteur.com\/en\/wp-json\/wp\/v2\/comments?post=33805"}],"version-history":[{"count":0,"href":"https:\/\/sakaba.mghosteur.com\/en\/wp-json\/wp\/v2\/product\/33805\/revisions"}],"wp:attachment":[{"href":"https:\/\/sakaba.mghosteur.com\/en\/wp-json\/wp\/v2\/media?parent=33805"}],"wp:term":[{"taxonomy":"product_brand","embeddable":true,"href":"https:\/\/sakaba.mghosteur.com\/en\/wp-json\/wp\/v2\/product_brand?post=33805"},{"taxonomy":"product_cat","embeddable":true,"href":"https:\/\/sakaba.mghosteur.com\/en\/wp-json\/wp\/v2\/product_cat?post=33805"},{"taxonomy":"product_tag","embeddable":true,"href":"https:\/\/sakaba.mghosteur.com\/en\/wp-json\/wp\/v2\/product_tag?post=33805"}],"curies":[{"name":"wp","href":"https:\/\/api.w.org\/{rel}","templated":true}]}}