{"id":33808,"date":"2024-05-23T16:23:46","date_gmt":"2024-05-23T16:23:46","guid":{"rendered":"https:\/\/sakaba.mghosteur.com\/?post_type=product&#038;p=33808"},"modified":"2024-06-06T13:02:22","modified_gmt":"2024-06-06T13:02:22","slug":"juvia-s-place-fond-de-teint-eclat-naturel-bombay-515","status":"publish","type":"product","link":"https:\/\/sakaba.mghosteur.com\/en\/product\/juvia-s-place-fond-de-teint-eclat-naturel-bombay-515\/","title":{"rendered":"JUVIA S PLACE FOND DE TEINT ECLAT NATUREL BOMBAY 515"},"content":{"rendered":"","protected":false},"excerpt":{"rendered":"","protected":false},"featured_media":0,"comment_status":"open","ping_status":"closed","template":"","meta":[],"product_brand":[889],"product_cat":[289,311],"product_tag":[],"class_list":{"0":"post-33808","1":"product","2":"type-product","3":"status-publish","5":"product_brand-juvias-place","6":"product_cat-aaa-maquillage","7":"product_cat-teint","9":"first","10":"instock","11":"shipping-taxable","12":"product-type-simple"},"jetpack-related-posts":[{"id":33805,"url":"https:\/\/sakaba.mghosteur.com\/en\/product\/juvia-s-place-bronzed-sunkissed\/","url_meta":{"origin":33808,"position":0},"title":"JUVIA S PLACE BRONZED SUNKISSED","author":"admin","date":"May 23, 2024","format":false,"excerpt":"Cr\u00e8me bronzante JUVIA'S PLACE Bronzed Cream Bronzer, votre ticket ultime pour un teint ensoleill\u00e9 et radieux toute l'ann\u00e9e. Am\u00e9liorez votre routine de maquillage avec cette luxueuse cr\u00e8me bronzante qui offre sans effort un \u00e9clat naturel et illumin\u00e9 de l'int\u00e9rieur.","rel":"","context":"Similar post","block_context":{"text":"Similar post","link":""},"img":{"alt_text":"","src":"","width":0,"height":0},"classes":[]},{"id":34992,"url":"https:\/\/sakaba.mghosteur.com\/en\/product\/nars-natural-radiant-longwear-foundation-cadiz\/","url_meta":{"origin":33808,"position":1},"title":"NARS NATURAL RADIANT LONGWEAR FOUNDATION CADIZ","author":"admin","date":"June 5, 2024","format":false,"excerpt":"Il y a la tenue longue dur\u00e9e. Et puis il y a la tenue intense. Voici le premier fond de teint NARS qui tient 16 heures et reste actif gr\u00e2ce au pouvoir de l'\u00e9clat. Ind\u00e9tectable. Inarr\u00eatable. Contrairement \u00e0 tout autre produit. La tenue longue dur\u00e9e est enfin l\u00e9g\u00e8re et \u00e9clatante.\u2026","rel":"","context":"Similar post","block_context":{"text":"Similar post","link":""},"img":{"alt_text":"","src":"","width":0,"height":0},"classes":[]},{"id":34995,"url":"https:\/\/sakaba.mghosteur.com\/en\/product\/nars-natural-radiant-longwear-foundation-caracas\/","url_meta":{"origin":33808,"position":2},"title":"NARS NATURAL RADIANT LONGWEAR FOUNDATION CARACAS","author":"admin","date":"June 5, 2024","format":false,"excerpt":"Il y a la tenue longue dur\u00e9e. Et puis il y a la tenue intense. Voici le premier fond de teint NARS qui tient 16 heures et reste actif gr\u00e2ce au pouvoir de l'\u00e9clat. Ind\u00e9tectable. Inarr\u00eatable. Contrairement \u00e0 tout autre produit. La tenue longue dur\u00e9e est enfin l\u00e9g\u00e8re et \u00e9clatante.\u2026","rel":"","context":"Similar post","block_context":{"text":"Similar post","link":""},"img":{"alt_text":"","src":"","width":0,"height":0},"classes":[]},{"id":34998,"url":"https:\/\/sakaba.mghosteur.com\/en\/product\/nars-natural-radiant-longwear-foundation-huahine\/","url_meta":{"origin":33808,"position":3},"title":"NARS NATURAL RADIANT LONGWEAR FOUNDATION HUAHINE","author":"admin","date":"June 5, 2024","format":false,"excerpt":"Il y a la tenue longue dur\u00e9e. Et puis il y a la tenue intense. Voici le premier fond de teint NARS qui tient 16 heures et reste actif gr\u00e2ce au pouvoir de l'\u00e9clat. Ind\u00e9tectable. Inarr\u00eatable. Contrairement \u00e0 tout autre produit. La tenue longue dur\u00e9e est enfin l\u00e9g\u00e8re et \u00e9clatante.\u2026","rel":"","context":"Similar post","block_context":{"text":"Similar post","link":""},"img":{"alt_text":"","src":"","width":0,"height":0},"classes":[]},{"id":35004,"url":"https:\/\/sakaba.mghosteur.com\/en\/product\/nars-natural-radiant-longwear-foundation-macao\/","url_meta":{"origin":33808,"position":4},"title":"NARS NATURAL RADIANT LONGWEAR FOUNDATION MACAO","author":"admin","date":"June 5, 2024","format":false,"excerpt":"Il y a la tenue longue dur\u00e9e. Et puis il y a la tenue intense. Voici le premier fond de teint NARS qui tient 16 heures et reste actif gr\u00e2ce au pouvoir de l'\u00e9clat. Ind\u00e9tectable. Inarr\u00eatable. Contrairement \u00e0 tout autre produit. La tenue longue dur\u00e9e est enfin l\u00e9g\u00e8re et \u00e9clatante.\u2026","rel":"","context":"Similar post","block_context":{"text":"Similar post","link":""},"img":{"alt_text":"","src":"","width":0,"height":0},"classes":[]},{"id":35007,"url":"https:\/\/sakaba.mghosteur.com\/en\/product\/nars-natural-radiant-longwear-foundation-sahel\/","url_meta":{"origin":33808,"position":5},"title":"NARS NATURAL RADIANT LONGWEAR FOUNDATION SAHEL","author":"admin","date":"June 5, 2024","format":false,"excerpt":"Il y a la tenue longue dur\u00e9e. Et puis il y a la tenue intense. Voici le premier fond de teint NARS qui tient 16 heures et reste actif gr\u00e2ce au pouvoir de l'\u00e9clat. Ind\u00e9tectable. Inarr\u00eatable. Contrairement \u00e0 tout autre produit. La tenue longue dur\u00e9e est enfin l\u00e9g\u00e8re et \u00e9clatante.\u2026","rel":"","context":"Similar post","block_context":{"text":"Similar post","link":""},"img":{"alt_text":"","src":"","width":0,"height":0},"classes":[]}],"_links":{"self":[{"href":"https:\/\/sakaba.mghosteur.com\/en\/wp-json\/wp\/v2\/product\/33808","targetHints":{"allow":["GET"]}}],"collection":[{"href":"https:\/\/sakaba.mghosteur.com\/en\/wp-json\/wp\/v2\/product"}],"about":[{"href":"https:\/\/sakaba.mghosteur.com\/en\/wp-json\/wp\/v2\/types\/product"}],"replies":[{"embeddable":true,"href":"https:\/\/sakaba.mghosteur.com\/en\/wp-json\/wp\/v2\/comments?post=33808"}],"version-history":[{"count":0,"href":"https:\/\/sakaba.mghosteur.com\/en\/wp-json\/wp\/v2\/product\/33808\/revisions"}],"wp:attachment":[{"href":"https:\/\/sakaba.mghosteur.com\/en\/wp-json\/wp\/v2\/media?parent=33808"}],"wp:term":[{"taxonomy":"product_brand","embeddable":true,"href":"https:\/\/sakaba.mghosteur.com\/en\/wp-json\/wp\/v2\/product_brand?post=33808"},{"taxonomy":"product_cat","embeddable":true,"href":"https:\/\/sakaba.mghosteur.com\/en\/wp-json\/wp\/v2\/product_cat?post=33808"},{"taxonomy":"product_tag","embeddable":true,"href":"https:\/\/sakaba.mghosteur.com\/en\/wp-json\/wp\/v2\/product_tag?post=33808"}],"curies":[{"name":"wp","href":"https:\/\/api.w.org\/{rel}","templated":true}]}}