{"id":33811,"date":"2024-05-23T16:24:51","date_gmt":"2024-05-23T16:24:51","guid":{"rendered":"https:\/\/sakaba.mghosteur.com\/?post_type=product&#038;p=33811"},"modified":"2024-08-29T00:13:55","modified_gmt":"2024-08-29T00:13:55","slug":"milani-amore-matte-satin-matte-lip-creme","status":"publish","type":"product","link":"https:\/\/sakaba.mghosteur.com\/en\/product\/milani-amore-matte-satin-matte-lip-creme\/","title":{"rendered":"MILANI Amore Matte Satin Matte LIP CREME"},"content":{"rendered":"","protected":false},"excerpt":{"rendered":"","protected":false},"featured_media":0,"comment_status":"open","ping_status":"closed","template":"","meta":[],"product_brand":[917],"product_cat":[305,289],"product_tag":[],"class_list":{"0":"post-33811","1":"product","2":"type-product","3":"status-publish","5":"product_brand-milani","6":"product_cat-levres","7":"product_cat-aaa-maquillage","9":"first","10":"instock","11":"shipping-taxable","12":"product-type-simple"},"jetpack-related-posts":[{"id":32697,"url":"https:\/\/sakaba.mghosteur.com\/en\/product\/sephora-cream-lip-satin-26\/","url_meta":{"origin":33811,"position":0},"title":"SEPHORA CREAM LIP  SATIN 26","author":"admin","date":"May 15, 2024","format":false,"excerpt":"","rel":"","context":"Similar post","block_context":{"text":"Similar post","link":""},"img":{"alt_text":"","src":"","width":0,"height":0},"classes":[]},{"id":23651,"url":"https:\/\/sakaba.mghosteur.com\/en\/product\/bene-tint-rose-tinted-lip-cheek-satin\/","url_meta":{"origin":33811,"position":1},"title":"BENE TINT ROSE TINTED LIP &amp; CHEEK SATIN","author":"admin","date":"November 3, 2022","format":false,"excerpt":"Ce rouge \u00e0 l\u00e8vres et \u00e0 joues rouge vif et anti-bavures est le rouge \u00e0 l\u00e8vres le plus passionn\u00e9 que vous puissiez obtenir avec un flacon. L'applicateur \u00e0 l\u00e8vres pr\u00e9cis glisse directement pour un look magnifique en quelques secondes. Appliquez sur les l\u00e8vres et les joues pour une couleur vibrante\u2026","rel":"","context":"Similar post","block_context":{"text":"Similar post","link":""},"img":{"alt_text":"","src":"","width":0,"height":0},"classes":[]},{"id":34670,"url":"https:\/\/sakaba.mghosteur.com\/en\/product\/fenty-trio-conceal-contour-highlight-deep\/","url_meta":{"origin":33811,"position":2},"title":"FENTY TRIO CONCEAL ,CONTOUR ,HIGHLIGHT DEEP","author":"admin","date":"May 30, 2024","format":false,"excerpt":"Un trio magn\u00e9tis\u00e9 de b\u00e2tons de maquillage longue tenue, l\u00e9gers comme l'air, s\u00e9lectionn\u00e9s en fonction du teint, avec deux Match Stix MATTE Skinsticks pour dissimuler et contourner, et un Match Stix SHIMMER Skinstick pour mettre en valeur. Avec les Match Stix Trios, faites passer votre teint au niveau sup\u00e9rieur sans\u2026","rel":"","context":"Similar post","block_context":{"text":"Similar post","link":""},"img":{"alt_text":"","src":"","width":0,"height":0},"classes":[]},{"id":32474,"url":"https:\/\/sakaba.mghosteur.com\/en\/product\/sol-janeiro-bum-bum-summer-jet-set\/","url_meta":{"origin":33811,"position":3},"title":"SOL JANEIRO BUM BUM SUMMER JET SET","author":"admin","date":"May 14, 2024","format":false,"excerpt":"D\u00e9couvrez d\u00e8s maintenant le parfum embl\u00e9matique de cette marque avec ce coffret. Voyager peut certainement affecter votre peau, mais avec l'ajout du Bum Bum Jet Set de Sol De Janeiro dans votre valise, vous pouvez \u00eatre s\u00fbr que tous vos produits de soin pr\u00e9f\u00e9r\u00e9s seront \u00e0 port\u00e9e de main cette\u2026","rel":"","context":"Similar post","block_context":{"text":"Similar post","link":""},"img":{"alt_text":"","src":"","width":0,"height":0},"classes":[]},{"id":23712,"url":"https:\/\/sakaba.mghosteur.com\/en\/product\/matte-lippstick-collection\/","url_meta":{"origin":33811,"position":4},"title":"MATTE LIPPSTICK COLLECTION","author":"admin","date":"November 4, 2022","format":false,"excerpt":"","rel":"","context":"Similar post","block_context":{"text":"Similar post","link":""},"img":{"alt_text":"","src":"","width":0,"height":0},"classes":[]},{"id":25183,"url":"https:\/\/sakaba.mghosteur.com\/en\/product\/la-colors-truly-matte\/","url_meta":{"origin":33811,"position":5},"title":"LA COLORS TRULY MATTE","author":"admin","date":"November 14, 2022","format":false,"excerpt":"","rel":"","context":"Similar post","block_context":{"text":"Similar post","link":""},"img":{"alt_text":"","src":"","width":0,"height":0},"classes":[]}],"_links":{"self":[{"href":"https:\/\/sakaba.mghosteur.com\/en\/wp-json\/wp\/v2\/product\/33811","targetHints":{"allow":["GET"]}}],"collection":[{"href":"https:\/\/sakaba.mghosteur.com\/en\/wp-json\/wp\/v2\/product"}],"about":[{"href":"https:\/\/sakaba.mghosteur.com\/en\/wp-json\/wp\/v2\/types\/product"}],"replies":[{"embeddable":true,"href":"https:\/\/sakaba.mghosteur.com\/en\/wp-json\/wp\/v2\/comments?post=33811"}],"version-history":[{"count":0,"href":"https:\/\/sakaba.mghosteur.com\/en\/wp-json\/wp\/v2\/product\/33811\/revisions"}],"wp:attachment":[{"href":"https:\/\/sakaba.mghosteur.com\/en\/wp-json\/wp\/v2\/media?parent=33811"}],"wp:term":[{"taxonomy":"product_brand","embeddable":true,"href":"https:\/\/sakaba.mghosteur.com\/en\/wp-json\/wp\/v2\/product_brand?post=33811"},{"taxonomy":"product_cat","embeddable":true,"href":"https:\/\/sakaba.mghosteur.com\/en\/wp-json\/wp\/v2\/product_cat?post=33811"},{"taxonomy":"product_tag","embeddable":true,"href":"https:\/\/sakaba.mghosteur.com\/en\/wp-json\/wp\/v2\/product_tag?post=33811"}],"curies":[{"name":"wp","href":"https:\/\/api.w.org\/{rel}","templated":true}]}}