{"id":33826,"date":"2024-05-23T16:30:08","date_gmt":"2024-05-23T16:30:08","guid":{"rendered":"https:\/\/sakaba.mghosteur.com\/?post_type=product&#038;p=33826"},"modified":"2024-09-01T15:11:59","modified_gmt":"2024-09-01T15:11:59","slug":"shampoo-and-conditioner-fresh-citrus","status":"publish","type":"product","link":"https:\/\/sakaba.mghosteur.com\/en\/product\/shampoo-and-conditioner-fresh-citrus\/","title":{"rendered":"HEAD &amp; SHOULDERS SHAMPOO AND CONDITIONER FRESH CITRUS"},"content":{"rendered":"<p>Shampooing antipelliculaire 2 en 1 Head &amp; Shoulders Citrus Fresh pour cheveux gras qui agit m\u00eame contre les pellicules persistantes. Un shampooing \u00e0 usage quotidien pour hommes et femmes, avec une formule Microbiome Balance qui cible la cause profonde des pellicules, maintenant un microbiome du cuir chevelu \u00e9quilibr\u00e9. Agit \u00e0 la fois contre les pellicules visibles et invisibles en lib\u00e9rant 2 fois plus d&#8217;ingr\u00e9dients protecteurs* qui p\u00e9n\u00e8trent dans les pores pour finalement emp\u00eacher les pellicules tenaces de revenir avec une utilisation r\u00e9guli\u00e8re. Cette formule de shampooing 2 en 1 contient 25 % d&#8217;agents revitalisants en plus que le shampooing Head &amp; Shoulders classique et est cliniquement prouv\u00e9e, test\u00e9e dermatologiquement et une formule au pH \u00e9quilibr\u00e9.<\/p>","protected":false},"excerpt":{"rendered":"<p>Shampooing antipelliculaire 2 en 1 Head &amp; Shoulders Citrus Fresh pour cheveux gras qui agit m\u00eame contre les pellicules persistantes. Un shampooing \u00e0 usage quotidien pour hommes et femmes, avec une formule Microbiome Balance qui cible la cause profonde des pellicules, maintenant un microbiome du cuir chevelu \u00e9quilibr\u00e9. Agit \u00e0 la fois contre les pellicules<span class=\"read-more-faq\"><a href=\"https:\/\/sakaba.mghosteur.com\/en\/product\/shampoo-and-conditioner-fresh-citrus\/\">Read More<\/a><\/span><\/p>","protected":false},"featured_media":0,"comment_status":"open","ping_status":"closed","template":"","meta":[],"product_brand":[828],"product_cat":[284,372,288,368],"product_tag":[],"class_list":{"0":"post-33826","1":"product","2":"type-product","3":"status-publish","5":"product_brand-creme-of-nature","6":"product_cat-aad-cheveux","7":"product_cat-cheveux-homme","8":"product_cat-aaf-homme","9":"product_cat-shampoing-et-apres-shampoing","11":"first","12":"instock","13":"shipping-taxable","14":"product-type-simple"},"jetpack-related-posts":[{"id":31689,"url":"https:\/\/sakaba.mghosteur.com\/en\/product\/sulfur8-medicated-orinal-formula-anti-dandruf\/","url_meta":{"origin":33826,"position":0},"title":"SULFUR8 MEDICATED ORINAL FORMULA ANTI-DANDRUF","author":"admin","date":"May 10, 2024","format":false,"excerpt":"D\u00e9couvrez cet apr\u00e8s-shampooing m\u00e9dicamenteux original con\u00e7u sp\u00e9cialement pour apaiser les d\u00e9mangeaisons et r\u00e9duire la desquamation du cuir chevelu caus\u00e9es par les pellicules. Sa formule innovante agit en profondeur pour soulager les irritations et restaurer l'\u00e9quilibre naturel de votre cuir chevelu. Pour des r\u00e9sultats optimaux, appliquez sur la zone concern\u00e9e jusqu'\u00e0\u2026","rel":"","context":"Similar post","block_context":{"text":"Similar post","link":""},"img":{"alt_text":"","src":"","width":0,"height":0},"classes":[]},{"id":31675,"url":"https:\/\/sakaba.mghosteur.com\/en\/product\/sulfur8-medicated-deep-cleaning-shampoo-222ml\/","url_meta":{"origin":33826,"position":1},"title":"SULFUR8 MEDICATED DEEP CLEANING SHAMPOO 222ML","author":"admin","date":"May 10, 2024","format":false,"excerpt":"D\u00e9couvrez Sulfur 8, un shampooing efficace con\u00e7u pour \u00e9liminer les pellicules des cheveux et du cuir chevelu. Sa formule sp\u00e9ciale aide \u00e0 restaurer l'\u00e9quilibre naturel du cuir chevelu tout en laissant les cheveux doux et facilement coiffables. Les points forts de Sulfur 8 : - \u00c9limine efficacement les pellicules -\u2026","rel":"","context":"Similar post","block_context":{"text":"Similar post","link":""},"img":{"alt_text":"","src":"","width":0,"height":0},"classes":[]},{"id":31680,"url":"https:\/\/sakaba.mghosteur.com\/en\/product\/sulfur8-medicated-deep-cleaning-shampoo-340ml\/","url_meta":{"origin":33826,"position":2},"title":"SULFUR8 MEDICATED DEEP CLEANING SHAMPOO 340ML","author":"admin","date":"May 10, 2024","format":false,"excerpt":"D\u00e9couvrez Sulfur 8, un shampooing efficace con\u00e7u pour \u00e9liminer les pellicules des cheveux et du cuir chevelu. Sa formule sp\u00e9ciale aide \u00e0 restaurer l'\u00e9quilibre naturel du cuir chevelu tout en laissant les cheveux doux et facilement coiffables. Les points forts de Sulfur 8 : - \u00c9limine efficacement les pellicules -\u2026","rel":"","context":"Similar post","block_context":{"text":"Similar post","link":""},"img":{"alt_text":"","src":"","width":0,"height":0},"classes":[]},{"id":34180,"url":"https:\/\/sakaba.mghosteur.com\/en\/product\/first-aid-beauty-anti-dandruff-shampoo\/","url_meta":{"origin":33826,"position":3},"title":"FIRST AID BEAUTY ANTI DANDRUFF SHAMPOO","author":"admin","date":"May 27, 2024","format":false,"excerpt":"Le shampooing antipelliculaire First Aid Beauty est un shampooing sans sulfate qui contient 1 % de pyrithione de zinc (ZPT) pour aider \u00e0 lutter contre les pellicules. Il contient \u00e9galement du calendula et de la vitamine E pour apaiser et calmer le cuir chevelu. Certains disent que le shampooing est\u2026","rel":"","context":"Similar post","block_context":{"text":"Similar post","link":""},"img":{"alt_text":"","src":"","width":0,"height":0},"classes":[]},{"id":33771,"url":"https:\/\/sakaba.mghosteur.com\/en\/product\/cremo-shampoo-conditioner-fresh-citrus\/","url_meta":{"origin":33826,"position":4},"title":"CREMO SHAMPOO &amp; CONDITIONER FRESH CITRUS","author":"admin","date":"May 23, 2024","format":false,"excerpt":"Une combinaison revitalisante de mandarine vive, d'herbes s\u00e8ches et de c\u00e8dre blanc dans un shampooing et revitalisant 2 en 1. Cette formule moussante ultra-riche nettoie et hydrate en profondeur en une seule \u00e9tape facile, laissant les cheveux d'apparence et de sensation de fra\u00eecheur.","rel":"","context":"Similar post","block_context":{"text":"Similar post","link":""},"img":{"alt_text":"","src":"","width":0,"height":0},"classes":[]},{"id":27038,"url":"https:\/\/sakaba.mghosteur.com\/en\/product\/selsun-blue\/","url_meta":{"origin":33826,"position":5},"title":"Selsun Blue Shampoo","author":"admin","date":"November 28, 2022","format":false,"excerpt":"Ce shampooing antipelliculaire m\u00e9dicamenteux contient du menthol rafra\u00eechissant pour procurer une sensation apaisante et revigorante \u00e0 votre cuir chevelu et 1 % de sulfure de s\u00e9l\u00e9nium pour un contr\u00f4le maximal des pellicules.","rel":"","context":"Similar post","block_context":{"text":"Similar post","link":""},"img":{"alt_text":"","src":"","width":0,"height":0},"classes":[]}],"_links":{"self":[{"href":"https:\/\/sakaba.mghosteur.com\/en\/wp-json\/wp\/v2\/product\/33826","targetHints":{"allow":["GET"]}}],"collection":[{"href":"https:\/\/sakaba.mghosteur.com\/en\/wp-json\/wp\/v2\/product"}],"about":[{"href":"https:\/\/sakaba.mghosteur.com\/en\/wp-json\/wp\/v2\/types\/product"}],"replies":[{"embeddable":true,"href":"https:\/\/sakaba.mghosteur.com\/en\/wp-json\/wp\/v2\/comments?post=33826"}],"version-history":[{"count":0,"href":"https:\/\/sakaba.mghosteur.com\/en\/wp-json\/wp\/v2\/product\/33826\/revisions"}],"wp:attachment":[{"href":"https:\/\/sakaba.mghosteur.com\/en\/wp-json\/wp\/v2\/media?parent=33826"}],"wp:term":[{"taxonomy":"product_brand","embeddable":true,"href":"https:\/\/sakaba.mghosteur.com\/en\/wp-json\/wp\/v2\/product_brand?post=33826"},{"taxonomy":"product_cat","embeddable":true,"href":"https:\/\/sakaba.mghosteur.com\/en\/wp-json\/wp\/v2\/product_cat?post=33826"},{"taxonomy":"product_tag","embeddable":true,"href":"https:\/\/sakaba.mghosteur.com\/en\/wp-json\/wp\/v2\/product_tag?post=33826"}],"curies":[{"name":"wp","href":"https:\/\/api.w.org\/{rel}","templated":true}]}}