{"id":33854,"date":"2024-05-23T17:54:51","date_gmt":"2024-05-23T17:54:51","guid":{"rendered":"https:\/\/sakaba.mghosteur.com\/?post_type=product&#038;p=33854"},"modified":"2024-05-23T17:54:51","modified_gmt":"2024-05-23T17:54:51","slug":"becca-poudre-de-finition-et-de-retouche-hydra-mist","status":"publish","type":"product","link":"https:\/\/sakaba.mghosteur.com\/en\/product\/becca-poudre-de-finition-et-de-retouche-hydra-mist\/","title":{"rendered":"BECCA POUDRE DE FINITION ET DE RETOUCHE HYDRA MIST"},"content":{"rendered":"","protected":false},"excerpt":{"rendered":"","protected":false},"featured_media":0,"comment_status":"open","ping_status":"closed","template":"","meta":[],"product_brand":[798],"product_cat":[289,311],"product_tag":[],"class_list":{"0":"post-33854","1":"product","2":"type-product","3":"status-publish","5":"product_brand-becca-cosmetics","6":"product_cat-aaa-maquillage","7":"product_cat-teint","9":"first","10":"instock","11":"shipping-taxable","12":"product-type-simple"},"jetpack-related-posts":[{"id":22989,"url":"https:\/\/sakaba.mghosteur.com\/en\/product\/poudre-de-finition-et-de-retouche-hydra-mist\/","url_meta":{"origin":33854,"position":0},"title":"POUDRE DE FINITION ET DE RETOUCHE HYDRA MIST","author":"admin","date":"October 25, 2022","format":false,"excerpt":"","rel":"","context":"Similar post","block_context":{"text":"Similar post","link":""},"img":{"alt_text":"","src":"","width":0,"height":0},"classes":[]},{"id":22910,"url":"https:\/\/sakaba.mghosteur.com\/en\/product\/fenty-beauty-pro-filtr-instant-retouch-setting-powder\/","url_meta":{"origin":33854,"position":1},"title":"Fenty Beauty Pro Filt&#8217;r Instant Retouch Setting Powder","author":"admin","date":"October 24, 2022","format":false,"excerpt":"Une poudre libre ultra-fine et l\u00e9g\u00e8re, propos\u00e9e en 8 teintes transparentes pour parfaire et prolonger la tenue du maquillage, pour un fini filtr\u00e9 et pr\u00eat \u00e0 photographier. Lorsque l'apparence est le ma\u00eetre mot, votre maquillage doit pouvoir suivre. D\u00e9couvrez la poudre fixatrice Pro Filt'r Instant Retouch\u00a0: cette poudre libre ultra-fine\u2026","rel":"","context":"Similar post","block_context":{"text":"Similar post","link":""},"img":{"alt_text":"","src":"","width":0,"height":0},"classes":[]},{"id":33850,"url":"https:\/\/sakaba.mghosteur.com\/en\/product\/becca-poudre-scintillante-compacte-perfector\/","url_meta":{"origin":33854,"position":2},"title":"BECCA POUDRE SCINTILLANTE COMPACTE PERFECTOR","author":"admin","date":"May 23, 2024","format":false,"excerpt":"","rel":"","context":"Similar post","block_context":{"text":"Similar post","link":""},"img":{"alt_text":"","src":"","width":0,"height":0},"classes":[]},{"id":25784,"url":"https:\/\/sakaba.mghosteur.com\/en\/product\/ogx-finishing-mist-locking-coconut-curls\/","url_meta":{"origin":33854,"position":3},"title":"OGX Finishing Mist, Locking + Coconut Curls","author":"admin","date":"November 22, 2022","format":false,"excerpt":"Resserrez vos boucles avec notre brume de finition OGX Locking + Coconut Curls, \u00e0 base d'huile de coco et d'extrait de jasmin pour une finition lisse et une tenue solide sans craquement ! Utilisez-la pour terminer votre coiffure boucl\u00e9e ou rafra\u00eechir les boucles du deuxi\u00e8me jour. M\u00e9lang\u00e9 avec de l'huile\u2026","rel":"","context":"Similar post","block_context":{"text":"Similar post","link":""},"img":{"alt_text":"","src":"","width":0,"height":0},"classes":[]},{"id":34593,"url":"https:\/\/sakaba.mghosteur.com\/en\/product\/fenty-invisimatte-poudre-fixatrice-matifiante\/","url_meta":{"origin":33854,"position":4},"title":"FENTY INVISIMATTE POUDRE FIXATRICE MATIFIANTE","author":"admin","date":"May 29, 2024","format":false,"excerpt":"Ce matifiant instantan\u00e9 est devenu encore meilleur : une poudre de finition universelle rechargeable qui estompe l'apparence des pores, absorbe la brillance et prolonge la tenue du maquillage toute la journ\u00e9e. Description: Teinte universelle pour toutes les carnations Pas de flashback ni d'effet p\u00e2teux Fini mat naturel et prolonge la\u2026","rel":"","context":"Similar post","block_context":{"text":"Similar post","link":""},"img":{"alt_text":"","src":"","width":0,"height":0},"classes":[]},{"id":34542,"url":"https:\/\/sakaba.mghosteur.com\/en\/product\/fenty-fond-de-teint-poudre-mat-255\/","url_meta":{"origin":33854,"position":5},"title":"FENTY FOND DE TEINT POUDRE MAT","author":"admin","date":"May 29, 2024","format":false,"excerpt":"LUMI\u00c8RE CONSTRUCTIBLE POUR UNE COUVERTURE COMPL\u00c8TE POUR TOUS. LONGUE TENUE, L\u00c9G\u00c8RE COMME L'AIR, INFROISSABLE. Donne-le-moi vite : Le fond de teint prim\u00e9 qui a chang\u00e9 la donne pour toujours, maintenant dans une poudre longue tenue l\u00e9g\u00e8re comme l'air pour offrir une couvrance l\u00e9g\u00e8re \u00e0 compl\u00e8te dans un fini mat doux\u2026","rel":"","context":"Similar post","block_context":{"text":"Similar post","link":""},"img":{"alt_text":"","src":"","width":0,"height":0},"classes":[]}],"_links":{"self":[{"href":"https:\/\/sakaba.mghosteur.com\/en\/wp-json\/wp\/v2\/product\/33854","targetHints":{"allow":["GET"]}}],"collection":[{"href":"https:\/\/sakaba.mghosteur.com\/en\/wp-json\/wp\/v2\/product"}],"about":[{"href":"https:\/\/sakaba.mghosteur.com\/en\/wp-json\/wp\/v2\/types\/product"}],"replies":[{"embeddable":true,"href":"https:\/\/sakaba.mghosteur.com\/en\/wp-json\/wp\/v2\/comments?post=33854"}],"version-history":[{"count":0,"href":"https:\/\/sakaba.mghosteur.com\/en\/wp-json\/wp\/v2\/product\/33854\/revisions"}],"wp:attachment":[{"href":"https:\/\/sakaba.mghosteur.com\/en\/wp-json\/wp\/v2\/media?parent=33854"}],"wp:term":[{"taxonomy":"product_brand","embeddable":true,"href":"https:\/\/sakaba.mghosteur.com\/en\/wp-json\/wp\/v2\/product_brand?post=33854"},{"taxonomy":"product_cat","embeddable":true,"href":"https:\/\/sakaba.mghosteur.com\/en\/wp-json\/wp\/v2\/product_cat?post=33854"},{"taxonomy":"product_tag","embeddable":true,"href":"https:\/\/sakaba.mghosteur.com\/en\/wp-json\/wp\/v2\/product_tag?post=33854"}],"curies":[{"name":"wp","href":"https:\/\/api.w.org\/{rel}","templated":true}]}}