{"id":33866,"date":"2024-05-23T17:58:56","date_gmt":"2024-05-23T17:58:56","guid":{"rendered":"https:\/\/sakaba.mghosteur.com\/?post_type=product&#038;p=33866"},"modified":"2024-08-28T03:31:40","modified_gmt":"2024-08-28T03:31:40","slug":"nars-soft-velvet-loose-powder","status":"publish","type":"product","link":"https:\/\/sakaba.mghosteur.com\/en\/product\/nars-soft-velvet-loose-powder\/","title":{"rendered":"NARS SOFT VELVET LOOSE POWDER"},"content":{"rendered":"<p><span style=\"font-family: Roboto, -apple-system, Arial, sans-serif;font-size: 18.199999px;font-style: normal;font-weight: 400;letter-spacing: normal;text-align: start;text-indent: 0px;text-transform: none;text-decoration: none;float: none\">Prolong the wear time of your foundation with the NARS Cosmetics Soft Velvet Loose Powder. The powder works to seal your foundation as well as controlling the production of oil in the skin. Perfect for covering up any fine lines, wrinkles and pores with a smooth finish. The NARS Cosmetics Soft Velvet Loose Powder will set your appearance for the day ahead.<\/span><span style=\"font-family: Roboto, -apple-system, Arial, sans-serif;font-size: 18.199999px;font-style: normal;font-weight: 400;letter-spacing: normal;text-align: start;text-indent: 0px;text-transform: none;text-decoration: none;float: none\"><span class=\"Apple-converted-space\">&nbsp;<\/span><\/span><\/p>","protected":false},"excerpt":{"rendered":"<p>Prolong the wear time of your foundation with the NARS Cosmetics Soft Velvet Loose Powder. The powder works to seal your foundation as well as controlling the production of oil in the skin. Perfect for covering up any fine lines, wrinkles and pores with a smooth finish. The NARS Cosmetics Soft Velvet Loose Powder will<span class=\"read-more-faq\"><a href=\"https:\/\/sakaba.mghosteur.com\/en\/product\/nars-soft-velvet-loose-powder\/\">Read More<\/a><\/span><\/p>","protected":false},"featured_media":0,"comment_status":"open","ping_status":"closed","template":"","meta":[],"product_brand":[924],"product_cat":[289,311],"product_tag":[],"class_list":{"0":"post-33866","1":"product","2":"type-product","3":"status-publish","5":"product_brand-nars","6":"product_cat-aaa-maquillage","7":"product_cat-teint","9":"first","10":"instock","11":"shipping-taxable","12":"product-type-simple"},"jetpack-related-posts":[{"id":34700,"url":"https:\/\/sakaba.mghosteur.com\/en\/product\/pro-filt-r-soft-matte-powder-foundation-235\/","url_meta":{"origin":33866,"position":0},"title":"PRO FILT R SOFT MATTE POWDER FOUNDATION 235","author":"admin","date":"May 30, 2024","format":false,"excerpt":"","rel":"","context":"Similar post","block_context":{"text":"Similar post","link":""},"img":{"alt_text":"","src":"","width":0,"height":0},"classes":[]},{"id":25004,"url":"https:\/\/sakaba.mghosteur.com\/en\/product\/kleancolor-banana-loose-powder\/","url_meta":{"origin":33866,"position":1},"title":"KleanColor Banana loose Powder","author":"admin","date":"November 11, 2022","format":false,"excerpt":"","rel":"","context":"Similar post","block_context":{"text":"Similar post","link":""},"img":{"alt_text":"","src":"","width":0,"height":0},"classes":[]},{"id":34833,"url":"https:\/\/sakaba.mghosteur.com\/en\/product\/easy-bake-loose-powder-blondie\/","url_meta":{"origin":33866,"position":2},"title":"EASY BAKE LOOSE POWDER BLONDIE","author":"admin","date":"June 3, 2024","format":false,"excerpt":"","rel":"","context":"Similar post","block_context":{"text":"Similar post","link":""},"img":{"alt_text":"","src":"","width":0,"height":0},"classes":[]},{"id":23022,"url":"https:\/\/sakaba.mghosteur.com\/en\/product\/laura-mercier-translucent-loose-setting-powder\/","url_meta":{"origin":33866,"position":3},"title":"Laura mercier Translucent Loose Setting Powder","author":"admin","date":"October 25, 2022","format":false,"excerpt":"","rel":"","context":"Similar post","block_context":{"text":"Similar post","link":""},"img":{"alt_text":"","src":"","width":0,"height":0},"classes":[]},{"id":34836,"url":"https:\/\/sakaba.mghosteur.com\/en\/product\/easy-bake-loose-powder-cofee-cake\/","url_meta":{"origin":33866,"position":4},"title":"EASY BAKE LOOSE POWDER COFEE CAKE","author":"admin","date":"June 3, 2024","format":false,"excerpt":"","rel":"","context":"Similar post","block_context":{"text":"Similar post","link":""},"img":{"alt_text":"","src":"","width":0,"height":0},"classes":[]},{"id":22932,"url":"https:\/\/sakaba.mghosteur.com\/en\/product\/nars-soft-complete-foundation\/","url_meta":{"origin":33866,"position":5},"title":"NARS Soft Complete Foundation","author":"admin","date":"October 24, 2022","format":false,"excerpt":"Le fond de teint Soft Matte Complete de NARS, qui se diffuse parfaitement et offre un effet seconde peau, offre jusqu'\u00e0 16 heures de tenue fid\u00e8le de la couleur avec un fini couvrant. D\u00e9velopp\u00e9 avec le complexe antioxydant \u00e0 base de plantes de la marque, ce fond de teint riche\u2026","rel":"","context":"Similar post","block_context":{"text":"Similar post","link":""},"img":{"alt_text":"","src":"","width":0,"height":0},"classes":[]}],"_links":{"self":[{"href":"https:\/\/sakaba.mghosteur.com\/en\/wp-json\/wp\/v2\/product\/33866","targetHints":{"allow":["GET"]}}],"collection":[{"href":"https:\/\/sakaba.mghosteur.com\/en\/wp-json\/wp\/v2\/product"}],"about":[{"href":"https:\/\/sakaba.mghosteur.com\/en\/wp-json\/wp\/v2\/types\/product"}],"replies":[{"embeddable":true,"href":"https:\/\/sakaba.mghosteur.com\/en\/wp-json\/wp\/v2\/comments?post=33866"}],"version-history":[{"count":0,"href":"https:\/\/sakaba.mghosteur.com\/en\/wp-json\/wp\/v2\/product\/33866\/revisions"}],"wp:attachment":[{"href":"https:\/\/sakaba.mghosteur.com\/en\/wp-json\/wp\/v2\/media?parent=33866"}],"wp:term":[{"taxonomy":"product_brand","embeddable":true,"href":"https:\/\/sakaba.mghosteur.com\/en\/wp-json\/wp\/v2\/product_brand?post=33866"},{"taxonomy":"product_cat","embeddable":true,"href":"https:\/\/sakaba.mghosteur.com\/en\/wp-json\/wp\/v2\/product_cat?post=33866"},{"taxonomy":"product_tag","embeddable":true,"href":"https:\/\/sakaba.mghosteur.com\/en\/wp-json\/wp\/v2\/product_tag?post=33866"}],"curies":[{"name":"wp","href":"https:\/\/api.w.org\/{rel}","templated":true}]}}