{"id":33876,"date":"2024-05-24T12:49:50","date_gmt":"2024-05-24T12:49:50","guid":{"rendered":"https:\/\/sakaba.mghosteur.com\/?post_type=product&#038;p=33876"},"modified":"2024-08-29T02:29:01","modified_gmt":"2024-08-29T02:29:01","slug":"suva-hydra-eye-liner","status":"publish","type":"product","link":"https:\/\/sakaba.mghosteur.com\/en\/product\/suva-hydra-eye-liner\/","title":{"rendered":"Suva Hydra Eye Liner"},"content":{"rendered":"<div class=\"accordion-content open\" data-testid=\"productDescription\">\n<div class=\"text-hider open\">\n<div>\n<p>Un cake eyeliner qui brille sous la lumi\u00e8re ultraviolette.<\/p>\n<p>Place \u00e0 la cr\u00e9ativit\u00e9 avec Hydra Liner. Enti\u00e8rement r\u00e9sistante aux bavures et aux transferts, cette formule opaque est id\u00e9ale pour dispenser une couleur intense sur la ligne des cils ou cr\u00e9er de l\u2019art corporel ou de visage. Activez avec un peu d\u2019eau pour cr\u00e9er un brillant effet n\u00e9on qui reste en place toute la nuit.<\/p>\n<ul>\n<li>V\u00e9gan<\/li>\n<li>Non test\u00e9 sur les animaux<\/li>\n<\/ul>\n<div class=\"accordion-header open\">\n<h3>Utilisation<\/h3>\n<\/div>\n<div class=\"accordion-content open\">\n<ul>\n<li>Activez le Hydra FX Lustre avec de l\u2019eau, m\u00e9langez bien en vous aidant d\u2019un pinceau de maquillage mouill\u00e9.<\/li>\n<li>Une fois que vous avez obtenu une consistance cr\u00e8me, appliquez l\u2019eyeliner selon vos envies.<\/li>\n<li>Laissez le produit s\u00e9cher \u00e0 l\u2019air libre avant de le ranger.<\/li>\n<li>M\u00e9langez des teintes pour cr\u00e9er une couleur unique.<\/li>\n<\/ul>\n<\/div>\n<\/div>\n<\/div>\n<\/div>","protected":false},"excerpt":{"rendered":"<p>Un cake eyeliner qui brille sous la lumi\u00e8re ultraviolette. Place \u00e0 la cr\u00e9ativit\u00e9 avec Hydra Liner. Enti\u00e8rement r\u00e9sistante aux bavures et aux transferts, cette formule opaque est id\u00e9ale pour dispenser une couleur intense sur la ligne des cils ou cr\u00e9er de l\u2019art corporel ou de visage. Activez avec un peu d\u2019eau pour cr\u00e9er un brillant<span class=\"read-more-faq\"><a href=\"https:\/\/sakaba.mghosteur.com\/en\/product\/suva-hydra-eye-liner\/\">Read More<\/a><\/span><\/p>","protected":false},"featured_media":0,"comment_status":"open","ping_status":"closed","template":"","meta":[],"product_brand":[983],"product_cat":[289,297],"product_tag":[],"class_list":{"0":"post-33876","1":"product","2":"type-product","3":"status-publish","5":"product_brand-suva-beauty","6":"product_cat-aaa-maquillage","7":"product_cat-yeux","9":"first","10":"instock","11":"shipping-taxable","12":"product-type-variable"},"jetpack-related-posts":[{"id":35058,"url":"https:\/\/sakaba.mghosteur.com\/en\/product\/kiko-milano-3d-hydra-lipgloss-03\/","url_meta":{"origin":33876,"position":0},"title":"KIKO MILANO 3D HYDRA LIPGLOSS 03","author":"admin","date":"June 5, 2024","format":false,"excerpt":"Brillant \u00e0 l\u00e8vres adoucissant pour un look 3D La texture douce est merveilleuse, se fond dans les l\u00e8vres et les laisse lisses et \u00e9clatantes. La formule contient de l'extrait de Bidens. La texture non collante est longue tenue.","rel":"","context":"Similar post","block_context":{"text":"Similar post","link":""},"img":{"alt_text":"","src":"","width":0,"height":0},"classes":[]},{"id":35061,"url":"https:\/\/sakaba.mghosteur.com\/en\/product\/kiko-milano-3d-hydra-lipgloss-05\/","url_meta":{"origin":33876,"position":1},"title":"KIKO MILANO 3D HYDRA LIPGLOSS 05","author":"admin","date":"June 5, 2024","format":false,"excerpt":"Brillant \u00e0 l\u00e8vres adoucissant pour un look 3D La texture douce est merveilleuse, se fond dans les l\u00e8vres et les laisse lisses et \u00e9clatantes. La formule contient de l'extrait de Bidens. La texture non collante est longue tenue.","rel":"","context":"Similar post","block_context":{"text":"Similar post","link":""},"img":{"alt_text":"","src":"","width":0,"height":0},"classes":[]},{"id":35065,"url":"https:\/\/sakaba.mghosteur.com\/en\/product\/kiko-milano-3d-hydra-lipgloss-20\/","url_meta":{"origin":33876,"position":2},"title":"KIKO MILANO 3D HYDRA LIPGLOSS 20","author":"admin","date":"June 5, 2024","format":false,"excerpt":"Brillant \u00e0 l\u00e8vres adoucissant pour un look 3D La texture douce est merveilleuse, se fond dans les l\u00e8vres et les laisse lisses et \u00e9clatantes. La formule contient de l'extrait de Bidens. La texture non collante est longue tenue.","rel":"","context":"Similar post","block_context":{"text":"Similar post","link":""},"img":{"alt_text":"","src":"","width":0,"height":0},"classes":[]},{"id":35068,"url":"https:\/\/sakaba.mghosteur.com\/en\/product\/kiko-milano-3d-hydra-lipgloss-21\/","url_meta":{"origin":33876,"position":3},"title":"KIKO MILANO 3D HYDRA LIPGLOSS 21","author":"admin","date":"June 5, 2024","format":false,"excerpt":"Brillant \u00e0 l\u00e8vres adoucissant pour un look 3D La texture douce est merveilleuse, se fond dans les l\u00e8vres et les laisse lisses et \u00e9clatantes. La formule contient de l'extrait de Bidens. La texture non collante est longue tenue.","rel":"","context":"Similar post","block_context":{"text":"Similar post","link":""},"img":{"alt_text":"","src":"","width":0,"height":0},"classes":[]},{"id":35071,"url":"https:\/\/sakaba.mghosteur.com\/en\/product\/kiko-milano-3d-hydra-lipgloss-22\/","url_meta":{"origin":33876,"position":4},"title":"KIKO MILANO 3D HYDRA LIPGLOSS 22","author":"admin","date":"June 5, 2024","format":false,"excerpt":"Brillant \u00e0 l\u00e8vres adoucissant pour un look 3D La texture douce est merveilleuse, se fond dans les l\u00e8vres et les laisse lisses et \u00e9clatantes. La formule contient de l'extrait de Bidens. La texture non collante est longue tenue.","rel":"","context":"Similar post","block_context":{"text":"Similar post","link":""},"img":{"alt_text":"","src":"","width":0,"height":0},"classes":[]},{"id":35074,"url":"https:\/\/sakaba.mghosteur.com\/en\/product\/kiko-milano-3d-hydra-lipgloss-23\/","url_meta":{"origin":33876,"position":5},"title":"KIKO MILANO 3D HYDRA LIPGLOSS 23","author":"admin","date":"June 5, 2024","format":false,"excerpt":"Brillant \u00e0 l\u00e8vres adoucissant pour un look 3D La texture douce est merveilleuse, se fond dans les l\u00e8vres et les laisse lisses et \u00e9clatantes. La formule contient de l'extrait de Bidens. La texture non collante est longue tenue.","rel":"","context":"Similar post","block_context":{"text":"Similar post","link":""},"img":{"alt_text":"","src":"","width":0,"height":0},"classes":[]}],"_links":{"self":[{"href":"https:\/\/sakaba.mghosteur.com\/en\/wp-json\/wp\/v2\/product\/33876","targetHints":{"allow":["GET"]}}],"collection":[{"href":"https:\/\/sakaba.mghosteur.com\/en\/wp-json\/wp\/v2\/product"}],"about":[{"href":"https:\/\/sakaba.mghosteur.com\/en\/wp-json\/wp\/v2\/types\/product"}],"replies":[{"embeddable":true,"href":"https:\/\/sakaba.mghosteur.com\/en\/wp-json\/wp\/v2\/comments?post=33876"}],"version-history":[{"count":0,"href":"https:\/\/sakaba.mghosteur.com\/en\/wp-json\/wp\/v2\/product\/33876\/revisions"}],"wp:attachment":[{"href":"https:\/\/sakaba.mghosteur.com\/en\/wp-json\/wp\/v2\/media?parent=33876"}],"wp:term":[{"taxonomy":"product_brand","embeddable":true,"href":"https:\/\/sakaba.mghosteur.com\/en\/wp-json\/wp\/v2\/product_brand?post=33876"},{"taxonomy":"product_cat","embeddable":true,"href":"https:\/\/sakaba.mghosteur.com\/en\/wp-json\/wp\/v2\/product_cat?post=33876"},{"taxonomy":"product_tag","embeddable":true,"href":"https:\/\/sakaba.mghosteur.com\/en\/wp-json\/wp\/v2\/product_tag?post=33876"}],"curies":[{"name":"wp","href":"https:\/\/api.w.org\/{rel}","templated":true}]}}