{"id":33924,"date":"2024-05-24T15:39:27","date_gmt":"2024-05-24T15:39:27","guid":{"rendered":"https:\/\/sakaba.mghosteur.com\/?post_type=product&#038;p=33924"},"modified":"2024-09-02T16:01:41","modified_gmt":"2024-09-02T16:01:41","slug":"acne-org-moisturizer","status":"publish","type":"product","link":"https:\/\/sakaba.mghosteur.com\/en\/product\/acne-org-moisturizer\/","title":{"rendered":"ACNE ORG MOISTURIZER"},"content":{"rendered":"","protected":false},"excerpt":{"rendered":"","protected":false},"featured_media":0,"comment_status":"open","ping_status":"closed","template":"","meta":[],"product_brand":[1069],"product_cat":[294,331,451],"product_tag":[],"class_list":{"0":"post-33924","1":"product","2":"type-product","3":"status-publish","5":"product_brand-acne-org","6":"product_cat-acne","7":"product_cat-hydratant-visage","8":"product_cat-aab-soin-du-visage","10":"first","11":"instock","12":"shipping-taxable","13":"product-type-simple"},"jetpack-related-posts":[{"id":33442,"url":"https:\/\/sakaba.mghosteur.com\/en\/product\/perterthomasroth-acne-clear-oil-free-matte-moisturizer\/","url_meta":{"origin":33924,"position":0},"title":"Perterthomasroth Acne-Clear Oil-Free Matte Moisturizer","author":"admin","date":"May 21, 2024","format":false,"excerpt":"","rel":"","context":"Similar post","block_context":{"text":"Similar post","link":""},"img":{"alt_text":"","src":"","width":0,"height":0},"classes":[]},{"id":26550,"url":"https:\/\/sakaba.mghosteur.com\/en\/product\/acne-org-treatment-benzoyl-peroxide-2-5\/","url_meta":{"origin":33924,"position":1},"title":"ACNE . ORG TREATMENT BENZOYL PEROXIDE 2.5%","author":"admin","date":"November 25, 2022","format":false,"excerpt":"","rel":"","context":"Similar post","block_context":{"text":"Similar post","link":""},"img":{"alt_text":"","src":"","width":0,"height":0},"classes":[]},{"id":24287,"url":"https:\/\/sakaba.mghosteur.com\/en\/product\/neutrogena-oil-free-acne-moisturizer-pink-grapefruit\/","url_meta":{"origin":33924,"position":2},"title":"Neutrogena Oil-Free Acne Moisturizer pink grapefruit","author":"admin","date":"November 9, 2022","format":false,"excerpt":"Description du produit : L'hydratant pour le visage contre l'acn\u00e9 au pamplemousse rose de la marque NEUTROGENA est un produit l\u00e9ger et non com\u00e9dog\u00e8ne qui hydrate et combat les \u00e9ruptions cutan\u00e9es pour obtenir une peau claire et douce. Sa formule sans huile et \u00e0 base d'acide salicylique aide \u00e0 \u00e9liminer\u2026","rel":"","context":"Similar post","block_context":{"text":"Similar post","link":""},"img":{"alt_text":"","src":"","width":0,"height":0},"classes":[]},{"id":24736,"url":"https:\/\/sakaba.mghosteur.com\/en\/product\/differen-moisturizer-oil-absorbing\/","url_meta":{"origin":33924,"position":3},"title":"DIFFEREN MOISTURIZER OIL ABSORBING","author":"admin","date":"November 10, 2022","format":false,"excerpt":"","rel":"","context":"Similar post","block_context":{"text":"Similar post","link":""},"img":{"alt_text":"","src":"","width":0,"height":0},"classes":[]},{"id":27022,"url":"https:\/\/sakaba.mghosteur.com\/en\/product\/hero-clairifying-prebiotic-moisturizer\/","url_meta":{"origin":33924,"position":4},"title":"HERO CLAIRIFYING PREBIOTIC MOISTURIZER","author":"admin","date":"November 28, 2022","format":false,"excerpt":"","rel":"","context":"Similar post","block_context":{"text":"Similar post","link":""},"img":{"alt_text":"","src":"","width":0,"height":0},"classes":[]},{"id":27080,"url":"https:\/\/sakaba.mghosteur.com\/en\/product\/lotus-youth-preserve-moisturizer\/","url_meta":{"origin":33924,"position":5},"title":"LOTUS YOUTH PRESERVE MOISTURIZER","author":"admin","date":"November 28, 2022","format":false,"excerpt":"","rel":"","context":"Similar post","block_context":{"text":"Similar post","link":""},"img":{"alt_text":"","src":"","width":0,"height":0},"classes":[]}],"_links":{"self":[{"href":"https:\/\/sakaba.mghosteur.com\/en\/wp-json\/wp\/v2\/product\/33924","targetHints":{"allow":["GET"]}}],"collection":[{"href":"https:\/\/sakaba.mghosteur.com\/en\/wp-json\/wp\/v2\/product"}],"about":[{"href":"https:\/\/sakaba.mghosteur.com\/en\/wp-json\/wp\/v2\/types\/product"}],"replies":[{"embeddable":true,"href":"https:\/\/sakaba.mghosteur.com\/en\/wp-json\/wp\/v2\/comments?post=33924"}],"version-history":[{"count":0,"href":"https:\/\/sakaba.mghosteur.com\/en\/wp-json\/wp\/v2\/product\/33924\/revisions"}],"wp:attachment":[{"href":"https:\/\/sakaba.mghosteur.com\/en\/wp-json\/wp\/v2\/media?parent=33924"}],"wp:term":[{"taxonomy":"product_brand","embeddable":true,"href":"https:\/\/sakaba.mghosteur.com\/en\/wp-json\/wp\/v2\/product_brand?post=33924"},{"taxonomy":"product_cat","embeddable":true,"href":"https:\/\/sakaba.mghosteur.com\/en\/wp-json\/wp\/v2\/product_cat?post=33924"},{"taxonomy":"product_tag","embeddable":true,"href":"https:\/\/sakaba.mghosteur.com\/en\/wp-json\/wp\/v2\/product_tag?post=33924"}],"curies":[{"name":"wp","href":"https:\/\/api.w.org\/{rel}","templated":true}]}}