{"id":33927,"date":"2024-05-24T15:40:41","date_gmt":"2024-05-24T15:40:41","guid":{"rendered":"https:\/\/sakaba.mghosteur.com\/?post_type=product&#038;p=33927"},"modified":"2024-06-07T00:17:44","modified_gmt":"2024-06-07T00:17:44","slug":"acnefree-severe-acne-terminator-10","status":"publish","type":"product","link":"https:\/\/sakaba.mghosteur.com\/en\/product\/acnefree-severe-acne-terminator-10\/","title":{"rendered":"ACNEFREE SEVERE ACNE TERMINATOR 10"},"content":{"rendered":"","protected":false},"excerpt":{"rendered":"","protected":false},"featured_media":0,"comment_status":"open","ping_status":"closed","template":"","meta":[],"product_brand":[1068],"product_cat":[294,451,334],"product_tag":[],"class_list":{"0":"post-33927","1":"product","2":"type-product","3":"status-publish","5":"product_brand-acne-free","6":"product_cat-acne","7":"product_cat-aab-soin-du-visage","8":"product_cat-traitement-serum","10":"first","11":"instock","12":"shipping-taxable","13":"product-type-simple"},"jetpack-related-posts":[{"id":31937,"url":"https:\/\/sakaba.mghosteur.com\/en\/product\/cerave-acne-faoming-cream-wash-10-benzolyl\/","url_meta":{"origin":33927,"position":0},"title":"CERAVE ACNE FAOMING CREAM WASH 10% BENZOLYL","author":"admin","date":"May 13, 2024","format":false,"excerpt":"D\u00e9velopp\u00e9e avec des dermatologues, la cr\u00e8me nettoyante moussante contre l'acn\u00e9 de CeraVe contient 10 % de peroxyde de benzoyle pour aider \u00e0 lutter contre l'acn\u00e9 et pr\u00e9venir la formation de nouvelles pouss\u00e9es. Ce nettoyant visage quotidien contre l'acn\u00e9 agit pour nettoyer la peau, traiter les pouss\u00e9es actives et maintenir la\u2026","rel":"","context":"Similar post","block_context":{"text":"Similar post","link":""},"img":{"alt_text":"","src":"","width":0,"height":0},"classes":[]},{"id":25545,"url":"https:\/\/sakaba.mghosteur.com\/en\/product\/panoxyl-acne-foaming-wash\/","url_meta":{"origin":33927,"position":1},"title":"PANOXYL ACNE FOAMING WASH","author":"admin","date":"November 14, 2022","format":false,"excerpt":"Panoxyl 10% Acne Foaming Wash est un nettoyant visage qui contient 10 % de peroxyde de benzoyle et est con\u00e7u pour \u00e9liminer l'acn\u00e9 existante et pr\u00e9venir de nouvelles pouss\u00e9es. Il est exempt de parab\u00e8nes, de parfums et de phtalates et contient des hydratants pour aider \u00e0 pr\u00e9venir la s\u00e9cheresse","rel":"","context":"Similar post","block_context":{"text":"Similar post","link":""},"img":{"alt_text":"","src":"","width":0,"height":0},"classes":[]},{"id":26904,"url":"https:\/\/sakaba.mghosteur.com\/en\/product\/cosrx-acne-pimple-master-patch\/","url_meta":{"origin":33927,"position":2},"title":"COSRX ACNE PIMPLE MASTER PATCH","author":"admin","date":"November 28, 2022","format":false,"excerpt":"Le Patch Ma\u00eetre des Boutons d'Acn\u00e9 de la marque COSRX est un produit efficace pour traiter les boutons d'acn\u00e9. Chaque pack contient 24 patchs de diff\u00e9rentes tailles, avec 9 gros points, 5 points moyens et 10 petits points. Ces patchs sont con\u00e7us pour gu\u00e9rir rapidement l'acn\u00e9 du jour au lendemain.\u2026","rel":"","context":"Similar post","block_context":{"text":"Similar post","link":""},"img":{"alt_text":"","src":"","width":0,"height":0},"classes":[]},{"id":27484,"url":"https:\/\/sakaba.mghosteur.com\/en\/product\/the-ordinary-niacinamide-10-zinc-1\/","url_meta":{"origin":33927,"position":3},"title":"The Ordinary NIACINAMIDE 10% +ZINC 1%","author":"admin","date":"November 29, 2022","format":false,"excerpt":"Si vous cherchez un moyen efficace pour am\u00e9liorer l'\u00e9clat et la douceur de votre peau, alors le s\u00e9rum Niacinamide 10% + Zinc 1% de The Ordinary est le produit parfait pour vous. Cette formule \u00e0 base d'eau contient une concentration \u00e9lev\u00e9e de 10 % de niacinamide (vitamine b3) et de\u2026","rel":"","context":"Similar post","block_context":{"text":"Similar post","link":""},"img":{"alt_text":"","src":"","width":0,"height":0},"classes":[]},{"id":27749,"url":"https:\/\/sakaba.mghosteur.com\/en\/product\/murad-acne-control-acne-clarifying-treatment\/","url_meta":{"origin":33927,"position":4},"title":"MURAD ACNE CONTROL ACNE CLARIFYING TREATMENT","author":"admin","date":"November 29, 2022","format":false,"excerpt":"","rel":"","context":"Similar post","block_context":{"text":"Similar post","link":""},"img":{"alt_text":"","src":"","width":0,"height":0},"classes":[]},{"id":26708,"url":"https:\/\/sakaba.mghosteur.com\/en\/product\/st-ives-acne-control-oil-free-salicylic-acide-acne-apricot-scrud\/","url_meta":{"origin":33927,"position":5},"title":"St.Ives Acne Control Oil-Free Salicylic Acide Acne Apricot Scrud","author":"admin","date":"November 28, 2022","format":false,"excerpt":"","rel":"","context":"Similar post","block_context":{"text":"Similar post","link":""},"img":{"alt_text":"","src":"","width":0,"height":0},"classes":[]}],"_links":{"self":[{"href":"https:\/\/sakaba.mghosteur.com\/en\/wp-json\/wp\/v2\/product\/33927","targetHints":{"allow":["GET"]}}],"collection":[{"href":"https:\/\/sakaba.mghosteur.com\/en\/wp-json\/wp\/v2\/product"}],"about":[{"href":"https:\/\/sakaba.mghosteur.com\/en\/wp-json\/wp\/v2\/types\/product"}],"replies":[{"embeddable":true,"href":"https:\/\/sakaba.mghosteur.com\/en\/wp-json\/wp\/v2\/comments?post=33927"}],"version-history":[{"count":0,"href":"https:\/\/sakaba.mghosteur.com\/en\/wp-json\/wp\/v2\/product\/33927\/revisions"}],"wp:attachment":[{"href":"https:\/\/sakaba.mghosteur.com\/en\/wp-json\/wp\/v2\/media?parent=33927"}],"wp:term":[{"taxonomy":"product_brand","embeddable":true,"href":"https:\/\/sakaba.mghosteur.com\/en\/wp-json\/wp\/v2\/product_brand?post=33927"},{"taxonomy":"product_cat","embeddable":true,"href":"https:\/\/sakaba.mghosteur.com\/en\/wp-json\/wp\/v2\/product_cat?post=33927"},{"taxonomy":"product_tag","embeddable":true,"href":"https:\/\/sakaba.mghosteur.com\/en\/wp-json\/wp\/v2\/product_tag?post=33927"}],"curies":[{"name":"wp","href":"https:\/\/api.w.org\/{rel}","templated":true}]}}