{"id":33930,"date":"2024-05-24T15:41:41","date_gmt":"2024-05-24T15:41:41","guid":{"rendered":"https:\/\/sakaba.mghosteur.com\/?post_type=product&#038;p=33930"},"modified":"2024-06-06T15:01:02","modified_gmt":"2024-06-06T15:01:02","slug":"adidas-get-ready-body-hair-face","status":"publish","type":"product","link":"https:\/\/sakaba.mghosteur.com\/en\/product\/adidas-get-ready-body-hair-face\/","title":{"rendered":"ADIDAS GET READY BODY HAIR FACE"},"content":{"rendered":"","protected":false},"excerpt":{"rendered":"","protected":false},"featured_media":0,"comment_status":"open","ping_status":"closed","template":"","meta":[],"product_brand":[1070],"product_cat":[369,288],"product_tag":[],"class_list":{"0":"post-33930","1":"product","2":"type-product","3":"status-publish","5":"product_brand-adidas","6":"product_cat-corps-homme","7":"product_cat-aaf-homme","9":"first","10":"instock","11":"shipping-taxable","12":"product-type-simple"},"jetpack-related-posts":[{"id":28047,"url":"https:\/\/sakaba.mghosteur.com\/en\/product\/bath-body-works-atlantic-3-in-1-hair-face-body-wash\/","url_meta":{"origin":33930,"position":0},"title":"Bath &amp; Body Works Atlantic 3 in 1 Hair , Face , &amp; Body Wash","author":"admin","date":"November 29, 2022","format":false,"excerpt":"","rel":"","context":"Similar post","block_context":{"text":"Similar post","link":""},"img":{"alt_text":"","src":"","width":0,"height":0},"classes":[]},{"id":28092,"url":"https:\/\/sakaba.mghosteur.com\/en\/product\/bath-and-body-works-ocean-3-in-1-hair-face-body-wash\/","url_meta":{"origin":33930,"position":1},"title":"Bath and Body Works Ocean 3 in 1 hair , face , &amp; body wash","author":"admin","date":"November 30, 2022","format":false,"excerpt":"","rel":"","context":"Similar post","block_context":{"text":"Similar post","link":""},"img":{"alt_text":"","src":"","width":0,"height":0},"classes":[]},{"id":28128,"url":"https:\/\/sakaba.mghosteur.com\/en\/product\/bath-and-body-works-mens-collection-graphite-3-in-1-hair-face-body-wash\/","url_meta":{"origin":33930,"position":2},"title":"Bath and Body Works Men\u2019s collection Graphite 3 in 1 hair, face , &amp; body wash","author":"admin","date":"November 30, 2022","format":false,"excerpt":"","rel":"","context":"Similar post","block_context":{"text":"Similar post","link":""},"img":{"alt_text":"","src":"","width":0,"height":0},"classes":[]},{"id":26693,"url":"https:\/\/sakaba.mghosteur.com\/en\/product\/face-and-body-scrub\/","url_meta":{"origin":33930,"position":3},"title":"FACE AND BODY SCRUB","author":"admin","date":"November 28, 2022","format":false,"excerpt":"","rel":"","context":"Similar post","block_context":{"text":"Similar post","link":""},"img":{"alt_text":"","src":"","width":0,"height":0},"classes":[]},{"id":26169,"url":"https:\/\/sakaba.mghosteur.com\/en\/product\/gluta-c-face-body-soap-hydroquinone-free\/","url_meta":{"origin":33930,"position":4},"title":"GLUTA-C FACE &#038; BODY SOAP HYDROQUINONE FREE","author":"admin","date":"November 24, 2022","format":false,"excerpt":"","rel":"","context":"Similar post","block_context":{"text":"Similar post","link":""},"img":{"alt_text":"","src":"","width":0,"height":0},"classes":[]},{"id":30314,"url":"https:\/\/sakaba.mghosteur.com\/en\/product\/paula-choice-all-over-hair-body-shapoo\/","url_meta":{"origin":33930,"position":5},"title":"PAULA CHOICE ALL OVER HAIR &amp; BODY SHAMPOO","author":"admin","date":"May 8, 2023","format":false,"excerpt":"Le shampoing corps et cheveux pour tout le corps de la marque Paula Choice est une formule polyvalente qui nettoie en douceur les cheveux et la peau. Cette formule concentr\u00e9e convient \u00e0 tous les types de peau, de cheveux et de cuir chevelu. Id\u00e9al pour les cheveux color\u00e9s, il se\u2026","rel":"","context":"Similar post","block_context":{"text":"Similar post","link":""},"img":{"alt_text":"","src":"","width":0,"height":0},"classes":[]}],"_links":{"self":[{"href":"https:\/\/sakaba.mghosteur.com\/en\/wp-json\/wp\/v2\/product\/33930","targetHints":{"allow":["GET"]}}],"collection":[{"href":"https:\/\/sakaba.mghosteur.com\/en\/wp-json\/wp\/v2\/product"}],"about":[{"href":"https:\/\/sakaba.mghosteur.com\/en\/wp-json\/wp\/v2\/types\/product"}],"replies":[{"embeddable":true,"href":"https:\/\/sakaba.mghosteur.com\/en\/wp-json\/wp\/v2\/comments?post=33930"}],"version-history":[{"count":0,"href":"https:\/\/sakaba.mghosteur.com\/en\/wp-json\/wp\/v2\/product\/33930\/revisions"}],"wp:attachment":[{"href":"https:\/\/sakaba.mghosteur.com\/en\/wp-json\/wp\/v2\/media?parent=33930"}],"wp:term":[{"taxonomy":"product_brand","embeddable":true,"href":"https:\/\/sakaba.mghosteur.com\/en\/wp-json\/wp\/v2\/product_brand?post=33930"},{"taxonomy":"product_cat","embeddable":true,"href":"https:\/\/sakaba.mghosteur.com\/en\/wp-json\/wp\/v2\/product_cat?post=33930"},{"taxonomy":"product_tag","embeddable":true,"href":"https:\/\/sakaba.mghosteur.com\/en\/wp-json\/wp\/v2\/product_tag?post=33930"}],"curies":[{"name":"wp","href":"https:\/\/api.w.org\/{rel}","templated":true}]}}