{"id":33933,"date":"2024-05-24T15:42:29","date_gmt":"2024-05-24T15:42:29","guid":{"rendered":"https:\/\/sakaba.mghosteur.com\/?post_type=product&#038;p=33933"},"modified":"2024-06-06T14:55:08","modified_gmt":"2024-06-06T14:55:08","slug":"adidas-shower-gel-active-start","status":"publish","type":"product","link":"https:\/\/sakaba.mghosteur.com\/en\/product\/adidas-shower-gel-active-start\/","title":{"rendered":"ADIDAS SHOWER GEL ACTIVE START"},"content":{"rendered":"","protected":false},"excerpt":{"rendered":"","protected":false},"featured_media":0,"comment_status":"open","ping_status":"closed","template":"","meta":[],"product_brand":[1070],"product_cat":[369,288],"product_tag":[],"class_list":{"0":"post-33933","1":"product","2":"type-product","3":"status-publish","5":"product_brand-adidas","6":"product_cat-corps-homme","7":"product_cat-aaf-homme","9":"first","10":"instock","11":"shipping-taxable","12":"product-type-simple"},"jetpack-related-posts":[{"id":24000,"url":"https:\/\/sakaba.mghosteur.com\/en\/product\/neutrogena-rainbath-refreshing-shower-and-bath-gel\/","url_meta":{"origin":33933,"position":0},"title":"NEUTROGENA RAINBATH REFRESHING SHOWER AND BATH GEL","author":"admin","date":"November 9, 2022","format":false,"excerpt":"Offrez \u00e0 votre corps une exp\u00e9rience de douche ou de bain rafra\u00eechissante avec le gel douche et bain Rainbath de Neutrogena. Ce nettoyant pour le corps est l'un des produits les plus vendus et vous pouvez compter sur lui pour adoucir et revitaliser votre peau sans laisser de r\u00e9sidus lourds.\u2026","rel":"","context":"Similar post","block_context":{"text":"Similar post","link":""},"img":{"alt_text":"","src":"","width":0,"height":0},"classes":[]},{"id":32429,"url":"https:\/\/sakaba.mghosteur.com\/en\/product\/sol-janeiro-brazilian-4-play-moisturizing-shower-cream-gel-385ml\/","url_meta":{"origin":33933,"position":1},"title":"SOL JANEIRO BRAZILIAN 4 PLAY MOISTURIZING SHOWER CREAM GEL 385ML","author":"admin","date":"May 14, 2024","format":false,"excerpt":"D\u00e9couvrez le gel-cr\u00e8me douche hydratant br\u00e9silien 4 Play (385 ml) de Sol de Janeiro, un v\u00e9ritable chef-d'\u0153uvre des soins personnels. Ce produit r\u00e9volutionnaire chouchoute votre peau tout en \u00e9veillant vos sens. Ce gel-cr\u00e8me ne se contente pas de nettoyer en profondeur, il va bien au-del\u00e0. Gr\u00e2ce \u00e0 sa formule enrichie\u2026","rel":"","context":"Similar post","block_context":{"text":"Similar post","link":""},"img":{"alt_text":"","src":"","width":0,"height":0},"classes":[]},{"id":33930,"url":"https:\/\/sakaba.mghosteur.com\/en\/product\/adidas-get-ready-body-hair-face\/","url_meta":{"origin":33933,"position":2},"title":"ADIDAS GET READY BODY HAIR FACE","author":"admin","date":"May 24, 2024","format":false,"excerpt":"","rel":"","context":"Similar post","block_context":{"text":"Similar post","link":""},"img":{"alt_text":"","src":"","width":0,"height":0},"classes":[]},{"id":29847,"url":"https:\/\/sakaba.mghosteur.com\/en\/product\/kojie-san-skin-lightening-body-wash-with-hydromoist-300ml\/","url_meta":{"origin":33933,"position":3},"title":"Kojie San Skin Lightening Body Wash With Hydromoist 300ml","author":"admin","date":"April 26, 2023","format":false,"excerpt":"D\u00e9couvrez le Gel Douche Eclaircissant pour le Corps Kojie San de 300ml, un produit de beaut\u00e9 de qualit\u00e9 qui contient de l'acide kojique comme ingr\u00e9dient actif principal. Ce gel douche nettoie efficacement et \u00e9claircit la peau, tout en apportant des ingr\u00e9dients naturels tels que l'extrait de Bengkoang pour aider \u00e0\u2026","rel":"","context":"Similar post","block_context":{"text":"Similar post","link":""},"img":{"alt_text":"","src":"","width":0,"height":0},"classes":[]},{"id":31388,"url":"https:\/\/sakaba.mghosteur.com\/en\/product\/beauty-of-joseon-red-bean-water-gel-100ml\/","url_meta":{"origin":33933,"position":4},"title":"BEAUTY OF JOSEON RED BEAN WATER GEL 100ML","author":"admin","date":"May 10, 2024","format":false,"excerpt":"Red Bean Water Gel Ce qu'il est \u00c0 mesure que la peau m\u00fbrit, elle a tendance \u00e0 perdre de l\u2019humidit\u00e9 et du s\u00e9bum, ce qui facilite la formation des rides. Lorsque la peau manque d\u2019hydratation, elle compense en produisant plus de s\u00e9bum pour se prot\u00e9ger. Ce d\u00e9s\u00e9quilibre peut augmenter le\u2026","rel":"","context":"Similar post","block_context":{"text":"Similar post","link":""},"img":{"alt_text":"","src":"","width":0,"height":0},"classes":[]},{"id":32877,"url":"https:\/\/sakaba.mghosteur.com\/en\/product\/differen-gel-acne-treatment-adapalene-gel-01\/","url_meta":{"origin":33933,"position":5},"title":"DIFFEREN GEL ACNE TREATMENT ADAPALENE GEL 0,1%","author":"admin","date":"May 16, 2024","format":false,"excerpt":"","rel":"","context":"Similar post","block_context":{"text":"Similar post","link":""},"img":{"alt_text":"","src":"","width":0,"height":0},"classes":[]}],"_links":{"self":[{"href":"https:\/\/sakaba.mghosteur.com\/en\/wp-json\/wp\/v2\/product\/33933","targetHints":{"allow":["GET"]}}],"collection":[{"href":"https:\/\/sakaba.mghosteur.com\/en\/wp-json\/wp\/v2\/product"}],"about":[{"href":"https:\/\/sakaba.mghosteur.com\/en\/wp-json\/wp\/v2\/types\/product"}],"replies":[{"embeddable":true,"href":"https:\/\/sakaba.mghosteur.com\/en\/wp-json\/wp\/v2\/comments?post=33933"}],"version-history":[{"count":0,"href":"https:\/\/sakaba.mghosteur.com\/en\/wp-json\/wp\/v2\/product\/33933\/revisions"}],"wp:attachment":[{"href":"https:\/\/sakaba.mghosteur.com\/en\/wp-json\/wp\/v2\/media?parent=33933"}],"wp:term":[{"taxonomy":"product_brand","embeddable":true,"href":"https:\/\/sakaba.mghosteur.com\/en\/wp-json\/wp\/v2\/product_brand?post=33933"},{"taxonomy":"product_cat","embeddable":true,"href":"https:\/\/sakaba.mghosteur.com\/en\/wp-json\/wp\/v2\/product_cat?post=33933"},{"taxonomy":"product_tag","embeddable":true,"href":"https:\/\/sakaba.mghosteur.com\/en\/wp-json\/wp\/v2\/product_tag?post=33933"}],"curies":[{"name":"wp","href":"https:\/\/api.w.org\/{rel}","templated":true}]}}