{"id":33939,"date":"2024-05-24T15:44:24","date_gmt":"2024-05-24T15:44:24","guid":{"rendered":"https:\/\/sakaba.mghosteur.com\/?post_type=product&#038;p=33939"},"modified":"2024-09-01T02:35:42","modified_gmt":"2024-09-01T02:35:42","slug":"african-pride-black-castor-miracle-prep-leave-in-moisture-butter","status":"publish","type":"product","link":"https:\/\/sakaba.mghosteur.com\/en\/product\/african-pride-black-castor-miracle-prep-leave-in-moisture-butter\/","title":{"rendered":"African Pride Black Castor Miracle Prep &amp; Leave-In Moisture Butter"},"content":{"rendered":"","protected":false},"excerpt":{"rendered":"","protected":false},"featured_media":0,"comment_status":"open","ping_status":"closed","template":"","meta":[],"product_brand":[776],"product_cat":[284,1063],"product_tag":[],"class_list":{"0":"post-33939","1":"product","2":"type-product","3":"status-publish","5":"product_brand-african-pride","6":"product_cat-aad-cheveux","7":"product_cat-traitement-capilaire","9":"first","10":"instock","11":"shipping-taxable","12":"product-type-simple"},"jetpack-related-posts":[{"id":33936,"url":"https:\/\/sakaba.mghosteur.com\/en\/product\/african-pride-black-castor-miracle-hair-scalp-sealing-oil\/","url_meta":{"origin":33939,"position":0},"title":"African Pride Black Castor Miracle Hair &amp; Scalp Sealing Oil","author":"admin","date":"May 24, 2024","format":false,"excerpt":"","rel":"","context":"Similar post","block_context":{"text":"Similar post","link":""},"img":{"alt_text":"","src":"","width":0,"height":0},"classes":[]},{"id":25778,"url":"https:\/\/sakaba.mghosteur.com\/en\/product\/okay-black-castor-oil-leave-in-conditioner\/","url_meta":{"origin":33939,"position":1},"title":"OKAY BLACK CASTOR OIL  LEAVE IN CONDITIONER","author":"admin","date":"November 22, 2022","format":false,"excerpt":"","rel":"","context":"Similar post","block_context":{"text":"Similar post","link":""},"img":{"alt_text":"","src":"","width":0,"height":0},"classes":[]},{"id":25756,"url":"https:\/\/sakaba.mghosteur.com\/en\/product\/okay-black-jamaican-castor-oil-leave-in-conditioner\/","url_meta":{"origin":33939,"position":2},"title":"OKAY BLACK JAMAICAN CASTOR OIL  LEAVE IN CONDITIONER","author":"admin","date":"November 22, 2022","format":false,"excerpt":"","rel":"","context":"Similar post","block_context":{"text":"Similar post","link":""},"img":{"alt_text":"","src":"","width":0,"height":0},"classes":[]},{"id":33942,"url":"https:\/\/sakaba.mghosteur.com\/en\/product\/african-pride-dream-kids-olive-miracle-detangling-moisturizing-conditioner\/","url_meta":{"origin":33939,"position":3},"title":"African Pride Dream Kids Olive miracle Detangling Moisturizing CONDITIONER","author":"admin","date":"May 24, 2024","format":false,"excerpt":"L'apr\u00e8s-shampoing d\u00e9m\u00ealant hydratant Dream Kids Olive Miracle d'African Pride est une formule unisexe qui contient de l'huile d'olive et hydrate et nourrit les boucles et les boucles des cheveux. Il peut \u00eatre utilis\u00e9 comme apr\u00e8s-shampoing sans rin\u00e7age quotidien et est excellent pour tous les styles. L'apr\u00e8s-shampoing peut \u00eatre appliqu\u00e9 sur\u2026","rel":"","context":"Similar post","block_context":{"text":"Similar post","link":""},"img":{"alt_text":"","src":"","width":0,"height":0},"classes":[]},{"id":28300,"url":"https:\/\/sakaba.mghosteur.com\/en\/product\/african-pride-dream-kids-olive-miracle-detangling-moisturizing-shampoo\/","url_meta":{"origin":33939,"position":4},"title":"African Pride Dream Kids Olive miracle Detangling Moisturizing Shampoo","author":"admin","date":"November 30, 2022","format":false,"excerpt":"","rel":"","context":"Similar post","block_context":{"text":"Similar post","link":""},"img":{"alt_text":"","src":"","width":0,"height":0},"classes":[]},{"id":33945,"url":"https:\/\/sakaba.mghosteur.com\/en\/product\/african-pride-dream-kids-olive-miracle-instant-moistirizing-detangler\/","url_meta":{"origin":33939,"position":5},"title":"African Pride Dream Kids Olive miracle Instant Moistirizing Detangler","author":"admin","date":"May 24, 2024","format":false,"excerpt":"Formul\u00e9 exclusivement pour les cheveux d\u00e9licats et le cuir chevelu sensible des enfants, l'huile hydratante d\u00e9m\u00ealante aide \u00e0 r\u00e9duire la casse tout en laissant les cheveux doux, hydrat\u00e9s et faciles \u00e0 coiffer.","rel":"","context":"Similar post","block_context":{"text":"Similar post","link":""},"img":{"alt_text":"","src":"","width":0,"height":0},"classes":[]}],"_links":{"self":[{"href":"https:\/\/sakaba.mghosteur.com\/en\/wp-json\/wp\/v2\/product\/33939","targetHints":{"allow":["GET"]}}],"collection":[{"href":"https:\/\/sakaba.mghosteur.com\/en\/wp-json\/wp\/v2\/product"}],"about":[{"href":"https:\/\/sakaba.mghosteur.com\/en\/wp-json\/wp\/v2\/types\/product"}],"replies":[{"embeddable":true,"href":"https:\/\/sakaba.mghosteur.com\/en\/wp-json\/wp\/v2\/comments?post=33939"}],"version-history":[{"count":0,"href":"https:\/\/sakaba.mghosteur.com\/en\/wp-json\/wp\/v2\/product\/33939\/revisions"}],"wp:attachment":[{"href":"https:\/\/sakaba.mghosteur.com\/en\/wp-json\/wp\/v2\/media?parent=33939"}],"wp:term":[{"taxonomy":"product_brand","embeddable":true,"href":"https:\/\/sakaba.mghosteur.com\/en\/wp-json\/wp\/v2\/product_brand?post=33939"},{"taxonomy":"product_cat","embeddable":true,"href":"https:\/\/sakaba.mghosteur.com\/en\/wp-json\/wp\/v2\/product_cat?post=33939"},{"taxonomy":"product_tag","embeddable":true,"href":"https:\/\/sakaba.mghosteur.com\/en\/wp-json\/wp\/v2\/product_tag?post=33939"}],"curies":[{"name":"wp","href":"https:\/\/api.w.org\/{rel}","templated":true}]}}