{"id":33942,"date":"2024-05-24T15:45:14","date_gmt":"2024-05-24T15:45:14","guid":{"rendered":"https:\/\/sakaba.mghosteur.com\/?post_type=product&#038;p=33942"},"modified":"2026-01-11T12:02:10","modified_gmt":"2026-01-11T12:02:10","slug":"african-pride-dream-kids-olive-miracle-detangling-moisturizing-conditioner","status":"publish","type":"product","link":"https:\/\/sakaba.mghosteur.com\/en\/product\/african-pride-dream-kids-olive-miracle-detangling-moisturizing-conditioner\/","title":{"rendered":"African Pride Dream Kids Olive miracle Detangling Moisturizing CONDITIONER"},"content":{"rendered":"<p>L&#8217;apr\u00e8s-shampoing d\u00e9m\u00ealant hydratant Dream Kids Olive Miracle d&#8217;African Pride est une formule unisexe qui contient de l&#8217;huile d&#8217;olive et hydrate et nourrit les boucles et les boucles des cheveux. Il peut \u00eatre utilis\u00e9 comme apr\u00e8s-shampoing sans rin\u00e7age quotidien et est excellent pour tous les styles. L&#8217;apr\u00e8s-shampoing peut \u00eatre appliqu\u00e9 sur les cheveux mouill\u00e9s apr\u00e8s le rin\u00e7age du shampooing et laiss\u00e9 agir pendant cinq minutes pour un conditionnement suppl\u00e9mentaire.<\/p>","protected":false},"excerpt":{"rendered":"<p>L&#8217;apr\u00e8s-shampoing d\u00e9m\u00ealant hydratant Dream Kids Olive Miracle d&#8217;African Pride est une formule unisexe qui contient de l&#8217;huile d&#8217;olive et hydrate et nourrit les boucles et les boucles des cheveux. Il peut \u00eatre utilis\u00e9 comme apr\u00e8s-shampoing sans rin\u00e7age quotidien et est excellent pour tous les styles. L&#8217;apr\u00e8s-shampoing peut \u00eatre appliqu\u00e9 sur les cheveux mouill\u00e9s apr\u00e8s le<span class=\"read-more-faq\"><a href=\"https:\/\/sakaba.mghosteur.com\/en\/product\/african-pride-dream-kids-olive-miracle-detangling-moisturizing-conditioner\/\">Read More<\/a><\/span><\/p>","protected":false},"featured_media":0,"comment_status":"open","ping_status":"closed","template":"","meta":[],"product_brand":[776],"product_cat":[373,287],"product_tag":[],"class_list":{"0":"post-33942","1":"product","2":"type-product","3":"status-publish","5":"product_brand-african-pride","6":"product_cat-cheveux-enfant","7":"product_cat-aag-bebe-enfant","9":"first","10":"instock","11":"shipping-taxable","12":"product-type-simple"},"jetpack-related-posts":[{"id":33945,"url":"https:\/\/sakaba.mghosteur.com\/en\/product\/african-pride-dream-kids-olive-miracle-instant-moistirizing-detangler\/","url_meta":{"origin":33942,"position":0},"title":"African Pride Dream Kids Olive miracle Instant Moistirizing Detangler","author":"admin","date":"May 24, 2024","format":false,"excerpt":"Formul\u00e9 exclusivement pour les cheveux d\u00e9licats et le cuir chevelu sensible des enfants, l'huile hydratante d\u00e9m\u00ealante aide \u00e0 r\u00e9duire la casse tout en laissant les cheveux doux, hydrat\u00e9s et faciles \u00e0 coiffer.","rel":"","context":"Similar post","block_context":{"text":"Similar post","link":""},"img":{"alt_text":"","src":"","width":0,"height":0},"classes":[]},{"id":28300,"url":"https:\/\/sakaba.mghosteur.com\/en\/product\/african-pride-dream-kids-olive-miracle-detangling-moisturizing-shampoo\/","url_meta":{"origin":33942,"position":1},"title":"African Pride Dream Kids Olive miracle Detangling Moisturizing Shampoo","author":"admin","date":"November 30, 2022","format":false,"excerpt":"","rel":"","context":"Similar post","block_context":{"text":"Similar post","link":""},"img":{"alt_text":"","src":"","width":0,"height":0},"classes":[]},{"id":26098,"url":"https:\/\/sakaba.mghosteur.com\/en\/product\/mielle-pomegranate-honey-conditioner\/","url_meta":{"origin":33942,"position":2},"title":"MIELLE POMEGRANATE &amp; HONEY CONDITIONER","author":"admin","date":"November 24, 2022","format":false,"excerpt":"Un syst\u00e8me de coiffage Prime + Define formul\u00e9 pour les cheveux \u00e9pais, cr\u00e9pus et boucl\u00e9s, qui procure une hydratation intense et une douceur soyeuse. L'apr\u00e8s-shampoing hydratant et d\u00e9m\u00ealant \u00e0 la grenade et au miel de Mielle Organics offre cela et plus encore. Cet apr\u00e8s-shampoing retient l'humidit\u00e9, renforce les cheveux \u00e9pais\u2026","rel":"","context":"Similar post","block_context":{"text":"Similar post","link":""},"img":{"alt_text":"","src":"","width":0,"height":0},"classes":[]},{"id":26110,"url":"https:\/\/sakaba.mghosteur.com\/en\/product\/mielle-white-peony-leave-in-conditioner\/","url_meta":{"origin":33942,"position":3},"title":"MIELLE WHITE PEONY LEAVE IN CONDITIONER","author":"admin","date":"November 24, 2022","format":false,"excerpt":"Ce revitalisant sans rin\u00e7age ultra hydratant \u00e0 la pivoine blanche est l\u00e9ger et contient des ingr\u00e9dients naturels et biologiques pour donner \u00e0 vos cheveux l'hydratation et la protection dont ils ont besoin. Il retient l'hydratation, lisse la tige capillaire, dompte les frisottis et les cheveux rebelles. Un excellent produit lorsqu'il\u2026","rel":"","context":"Similar post","block_context":{"text":"Similar post","link":""},"img":{"alt_text":"","src":"","width":0,"height":0},"classes":[]},{"id":26100,"url":"https:\/\/sakaba.mghosteur.com\/en\/product\/mielle-progranate-honey-leave-in-conditioner\/","url_meta":{"origin":33942,"position":4},"title":"MIELLE POMEGRANATE &amp; HONEY LEAVE IN CONDITIONER","author":"admin","date":"November 24, 2022","format":false,"excerpt":"Cet apr\u00e8s-shampoing est l\u00e9ger, facile \u00e0 utiliser et sent bon! Il est indispensable de bien d\u00e9m\u00ealer vos cheveux, et cet apr\u00e8s-shampoing sans rin\u00e7age d\u00e9m\u00ealera chaque m\u00e8che. Il emprisonnera \u00e9galement l'humidit\u00e9 suppl\u00e9mentaire, offrant une hydratation longue dur\u00e9e et prot\u00e9geant les cheveux avec un merveilleux m\u00e9lange d'huile de babassu et d'extraits d'agrumes.\u2026","rel":"","context":"Similar post","block_context":{"text":"Similar post","link":""},"img":{"alt_text":"","src":"","width":0,"height":0},"classes":[]},{"id":32011,"url":"https:\/\/sakaba.mghosteur.com\/en\/product\/mielle-avocado-tamanu-leave-in-conditioner-237ml\/","url_meta":{"origin":33942,"position":5},"title":"MIELLE AVOCADO TAMANU  LEAVE IN CONDITIONER 237ML","author":"admin","date":"May 13, 2024","format":false,"excerpt":"L\u2019apr\u00e8s-shampooing sans rin\u00e7age Avocado & Tamanu Anti-Frizz Slip & Seal lisse la surface des cheveux en offrant un d\u00e9m\u00ealage et un glissement instantan\u00e9s. Scelle les cuticules en place et laisse les cheveux doux et brillants avec une couche de protection contre les frisottis. Avantages cl\u00e9s: 1\u00e8re couche pour la protection\u2026","rel":"","context":"Similar post","block_context":{"text":"Similar post","link":""},"img":{"alt_text":"","src":"","width":0,"height":0},"classes":[]}],"_links":{"self":[{"href":"https:\/\/sakaba.mghosteur.com\/en\/wp-json\/wp\/v2\/product\/33942","targetHints":{"allow":["GET"]}}],"collection":[{"href":"https:\/\/sakaba.mghosteur.com\/en\/wp-json\/wp\/v2\/product"}],"about":[{"href":"https:\/\/sakaba.mghosteur.com\/en\/wp-json\/wp\/v2\/types\/product"}],"replies":[{"embeddable":true,"href":"https:\/\/sakaba.mghosteur.com\/en\/wp-json\/wp\/v2\/comments?post=33942"}],"version-history":[{"count":0,"href":"https:\/\/sakaba.mghosteur.com\/en\/wp-json\/wp\/v2\/product\/33942\/revisions"}],"wp:attachment":[{"href":"https:\/\/sakaba.mghosteur.com\/en\/wp-json\/wp\/v2\/media?parent=33942"}],"wp:term":[{"taxonomy":"product_brand","embeddable":true,"href":"https:\/\/sakaba.mghosteur.com\/en\/wp-json\/wp\/v2\/product_brand?post=33942"},{"taxonomy":"product_cat","embeddable":true,"href":"https:\/\/sakaba.mghosteur.com\/en\/wp-json\/wp\/v2\/product_cat?post=33942"},{"taxonomy":"product_tag","embeddable":true,"href":"https:\/\/sakaba.mghosteur.com\/en\/wp-json\/wp\/v2\/product_tag?post=33942"}],"curies":[{"name":"wp","href":"https:\/\/api.w.org\/{rel}","templated":true}]}}