{"id":33951,"date":"2024-05-24T15:49:15","date_gmt":"2024-05-24T15:49:15","guid":{"rendered":"https:\/\/sakaba.mghosteur.com\/?post_type=product&#038;p=33951"},"modified":"2024-06-12T15:21:55","modified_gmt":"2024-06-12T15:21:55","slug":"alba-botanica-acne-dote-deep-pore-wash","status":"publish","type":"product","link":"https:\/\/sakaba.mghosteur.com\/en\/product\/alba-botanica-acne-dote-deep-pore-wash\/","title":{"rendered":"ALBA BOTANICA ACNE DOTE DEEP PORE WASH"},"content":{"rendered":"","protected":false},"excerpt":{"rendered":"","protected":false},"featured_media":0,"comment_status":"open","ping_status":"closed","template":"","meta":[],"product_brand":[1071],"product_cat":[294,325],"product_tag":[],"class_list":{"0":"post-33951","1":"product","2":"type-product","3":"status-publish","5":"product_brand-alba-botanica","6":"product_cat-acne","7":"product_cat-nettoyant-moussant-visage","9":"first","10":"instock","11":"shipping-taxable","12":"product-type-simple"},"jetpack-related-posts":[{"id":33948,"url":"https:\/\/sakaba.mghosteur.com\/en\/product\/alba-botanica-acne-dote-deep-clean-astringent\/","url_meta":{"origin":33951,"position":0},"title":"ALBA BOTANICA ACNE DOTE DEEP CLEAN ASTRINGENT","author":"admin","date":"May 24, 2024","format":false,"excerpt":"","rel":"","context":"Similar post","block_context":{"text":"Similar post","link":""},"img":{"alt_text":"","src":"","width":0,"height":0},"classes":[]},{"id":33954,"url":"https:\/\/sakaba.mghosteur.com\/en\/product\/alba-botanica-acne-dote-oil-control-lotion\/","url_meta":{"origin":33951,"position":1},"title":"ALBA BOTANICA ACNE DOTE OIL CONTROL LOTION","author":"admin","date":"May 24, 2024","format":false,"excerpt":"","rel":"","context":"Similar post","block_context":{"text":"Similar post","link":""},"img":{"alt_text":"","src":"","width":0,"height":0},"classes":[]},{"id":33957,"url":"https:\/\/sakaba.mghosteur.com\/en\/product\/alba-botanica-invisible-acne-treatment-gel\/","url_meta":{"origin":33951,"position":2},"title":"ALBA BOTANICA INVISIBLE ACNE TREATMENT GEL","author":"admin","date":"May 24, 2024","format":false,"excerpt":"","rel":"","context":"Similar post","block_context":{"text":"Similar post","link":""},"img":{"alt_text":"","src":"","width":0,"height":0},"classes":[]},{"id":33367,"url":"https:\/\/sakaba.mghosteur.com\/en\/product\/biore-charcoal-face-wash\/","url_meta":{"origin":33951,"position":3},"title":"Biore Charcoal Face Wash","author":"admin","date":"May 21, 2024","format":false,"excerpt":"Le nettoyant au charbon Biore Deep Pore est un nettoyant anti-acn\u00e9 pour les peaux grasses. Il purifie les pores et nettoie la peau en profondeur. Gr\u00e2ce au charbon naturel, connu pour sa capacit\u00e9 \u00e0 extraire et \u00e0 pi\u00e9ger les impuret\u00e9s et \u00e0 sa technologie purifiante pour la peau, ce nettoyant\u2026","rel":"","context":"Similar post","block_context":{"text":"Similar post","link":""},"img":{"alt_text":"","src":"","width":0,"height":0},"classes":[]},{"id":33373,"url":"https:\/\/sakaba.mghosteur.com\/en\/product\/biore-deep-pore-cleansing-charcoal-daily-face-wash-for-oily-skin\/","url_meta":{"origin":33951,"position":4},"title":"Biore Deep Pore Cleansing Charcoal Daily Face Wash, for Oily Skin","author":"admin","date":"May 21, 2024","format":false,"excerpt":"","rel":"","context":"Similar post","block_context":{"text":"Similar post","link":""},"img":{"alt_text":"","src":"","width":0,"height":0},"classes":[]},{"id":30242,"url":"https:\/\/sakaba.mghosteur.com\/en\/product\/deep-clean-purifying-wash-off-clay-mask\/","url_meta":{"origin":33951,"position":5},"title":"Deep Clean Purifying Wash-Off Clay Mask","author":"admin","date":"May 4, 2023","format":false,"excerpt":"Un masque \u00e0 l'argile purifiant et nettoyant en profondeur est un type de produit de soin con\u00e7u pour aider \u00e0 \u00e9liminer les impuret\u00e9s et l'exc\u00e8s de s\u00e9bum de la peau. Le masque est g\u00e9n\u00e9ralement fabriqu\u00e9 \u00e0 partir d'une combinaison d'argiles naturelles, telles que la bentonite, le kaolin ou Pour utiliser\u2026","rel":"","context":"Similar post","block_context":{"text":"Similar post","link":""},"img":{"alt_text":"","src":"","width":0,"height":0},"classes":[]}],"_links":{"self":[{"href":"https:\/\/sakaba.mghosteur.com\/en\/wp-json\/wp\/v2\/product\/33951","targetHints":{"allow":["GET"]}}],"collection":[{"href":"https:\/\/sakaba.mghosteur.com\/en\/wp-json\/wp\/v2\/product"}],"about":[{"href":"https:\/\/sakaba.mghosteur.com\/en\/wp-json\/wp\/v2\/types\/product"}],"replies":[{"embeddable":true,"href":"https:\/\/sakaba.mghosteur.com\/en\/wp-json\/wp\/v2\/comments?post=33951"}],"version-history":[{"count":0,"href":"https:\/\/sakaba.mghosteur.com\/en\/wp-json\/wp\/v2\/product\/33951\/revisions"}],"wp:attachment":[{"href":"https:\/\/sakaba.mghosteur.com\/en\/wp-json\/wp\/v2\/media?parent=33951"}],"wp:term":[{"taxonomy":"product_brand","embeddable":true,"href":"https:\/\/sakaba.mghosteur.com\/en\/wp-json\/wp\/v2\/product_brand?post=33951"},{"taxonomy":"product_cat","embeddable":true,"href":"https:\/\/sakaba.mghosteur.com\/en\/wp-json\/wp\/v2\/product_cat?post=33951"},{"taxonomy":"product_tag","embeddable":true,"href":"https:\/\/sakaba.mghosteur.com\/en\/wp-json\/wp\/v2\/product_tag?post=33951"}],"curies":[{"name":"wp","href":"https:\/\/api.w.org\/{rel}","templated":true}]}}